{"id":2574,"date":"2023-11-27T09:31:53","date_gmt":"2023-11-27T09:31:53","guid":{"rendered":"https:\/\/klbtheme.com\/grogin\/?page_id=2574"},"modified":"2026-01-09T09:20:41","modified_gmt":"2026-01-09T09:20:41","slug":"contact","status":"publish","type":"page","link":"https:\/\/agrodiamant.ro\/index.php\/contact\/","title":{"rendered":"Contact"},"content":{"rendered":"\t\t<div data-elementor-type=\"wp-page\" data-elementor-id=\"2574\" class=\"elementor elementor-2574\">\n\t\t\t\t<div class=\"elementor-element elementor-element-03b9a98 e-con-full e-flex e-con e-parent\" data-id=\"03b9a98\" data-element_type=\"container\">\n\t\t\t\t<div class=\"elementor-element elementor-element-debe21b elementor-widget elementor-widget-grogin-page-banner\" data-id=\"debe21b\" data-element_type=\"widget\" data-widget_type=\"grogin-page-banner.default\">\n\t\t\t\t<div class=\"elementor-widget-container\">\n\t\t\t\t\t<div class=\"page-header text-center\"><div class=\"container\"><h3 class=\"entry-subtitle text-12 sm-text-13\">Nu ezita s\u0103 ne suni!<\/h3><h1 class=\"entry-title sm-text-56\">\u00ce\u021bi r\u0103spundem la orice \u00eentrebare.\n<\/h1><div class=\"max-w-520 mx-auto text-13 sm-text-15\"><p class=\"mb-0\">Contacteaz\u0103-ne dac\u0103 dore\u0219ti ajutor cu plasarea unei comenzi sau dac\u0103 vrei s\u0103 afli mai multe informa\u021bii despre produsele pe care le comercializ\u0103m.<\/p><\/div><!-- entry-teaser --><\/div><!-- container --><\/div>\t\t\t\t<\/div>\n\t\t\t\t<\/div>\n\t\t\t\t<\/div>\n\t\t<div class=\"elementor-element elementor-element-069ea0b e-flex e-con-boxed e-con e-parent\" data-id=\"069ea0b\" data-element_type=\"container\">\n\t\t\t\t\t<div class=\"e-con-inner\">\n\t\t<div class=\"elementor-element elementor-element-56879b5 e-con-full e-flex e-con e-child\" data-id=\"56879b5\" data-element_type=\"container\">\n\t\t\t\t<div class=\"elementor-element elementor-element-8930198 elementor-widget-divider--view-line elementor-widget elementor-widget-divider\" data-id=\"8930198\" data-element_type=\"widget\" data-widget_type=\"divider.default\">\n\t\t\t\t<div class=\"elementor-widget-container\">\n\t\t\t\t\t\t\t<div class=\"elementor-divider\">\n\t\t\t<span class=\"elementor-divider-separator\">\n\t\t\t\t\t\t<\/span>\n\t\t<\/div>\n\t\t\t\t\t\t<\/div>\n\t\t\t\t<\/div>\n\t\t\t\t<\/div>\n\t\t\t\t\t<\/div>\n\t\t\t\t<\/div>\n\t\t<div class=\"elementor-element elementor-element-5f79f89 e-con-full e-flex e-con e-parent\" data-id=\"5f79f89\" data-element_type=\"container\">\n\t\t<div class=\"elementor-element elementor-element-cc73661 e-con-full e-flex e-con e-child\" data-id=\"cc73661\" data-element_type=\"container\">\n\t\t\t\t<div class=\"elementor-element elementor-element-97d677e elementor-widget elementor-widget-heading\" data-id=\"97d677e\" data-element_type=\"widget\" data-widget_type=\"heading.default\">\n\t\t\t\t<div class=\"elementor-widget-container\">\n\t\t\t\t\t<h3 class=\"elementor-heading-title elementor-size-default\">Loca\u021bia noastr\u0103:\n<\/h3>\t\t\t\t<\/div>\n\t\t\t\t<\/div>\n\t\t<div class=\"elementor-element elementor-element-2d4215a e-con-full e-flex e-con e-child\" data-id=\"2d4215a\" data-element_type=\"container\">\n\t\t\t\t<div class=\"elementor-element elementor-element-1586fcc elementor-widget__width-initial elementor-widget elementor-widget-grogin-address-box\" data-id=\"1586fcc\" data-element_type=\"widget\" data-widget_type=\"grogin-address-box.default\">\n\t\t\t\t<div class=\"elementor-widget-container\">\n\t\t\t\t\t<div class=\"contact-details\"><div class=\"map-icon\"><i class=\"klb-icon-map-pin\"><\/i><\/div><div class=\"contact-info\"><span class=\"text-12\">jud Gala\u021bi<\/span><h4 class=\"text-16 sm-text-18 fw-medium\">com. Hanu Conachi<\/h4><p class=\"text-13 text-gray-600\">str. Costache Conachi, nr.1<\/p><a class=\"phone\" href=\"tel:+40 (751) 304 889 \">+40 (751) 304 889 <\/a><a class=\"email\" href=\"mailto:agrodiamant.group@gmail.com\">agrodiamant.group@gmail.com<\/a><\/div><!-- contact-info --><\/div><!-- contact-details -->\t\t\t\t<\/div>\n\t\t\t\t<\/div>\n\t\t\t\t<\/div>\n\t\t\t\t<div class=\"elementor-element elementor-element-091cf4e elementor-widget-divider--view-line elementor-widget elementor-widget-divider\" data-id=\"091cf4e\" data-element_type=\"widget\" data-widget_type=\"divider.default\">\n\t\t\t\t<div class=\"elementor-widget-container\">\n\t\t\t\t\t\t\t<div class=\"elementor-divider\">\n\t\t\t<span class=\"elementor-divider-separator\">\n\t\t\t\t\t\t<\/span>\n\t\t<\/div>\n\t\t\t\t\t\t<\/div>\n\t\t\t\t<\/div>\n\t\t\t\t<div class=\"elementor-element elementor-element-6a49bea elementor-widget elementor-widget-heading\" data-id=\"6a49bea\" data-element_type=\"widget\" data-widget_type=\"heading.default\">\n\t\t\t\t<div class=\"elementor-widget-container\">\n\t\t\t\t\t<h3 class=\"elementor-heading-title elementor-size-default\">Programul parcului:<\/h3>\t\t\t\t<\/div>\n\t\t\t\t<\/div>\n\t\t\t\t<div class=\"elementor-element elementor-element-b1b3b64 elementor-widget__width-initial elementor-widget elementor-widget-heading\" data-id=\"b1b3b64\" data-element_type=\"widget\" data-widget_type=\"heading.default\">\n\t\t\t\t<div class=\"elementor-widget-container\">\n\t\t\t\t\t<h3 class=\"elementor-heading-title elementor-size-default\">- Luni-Vineri: 08:00 - 17:00<br>- S\u00e2mb\u0103t\u0103: 08:00 - 12:00<br>- Duminic\u0103: \u00cenchis<\/h3>\t\t\t\t<\/div>\n\t\t\t\t<\/div>\n\t\t\t\t<\/div>\n\t\t<div class=\"elementor-element elementor-element-44edf67 e-con-full e-flex e-con e-child\" data-id=\"44edf67\" data-element_type=\"container\">\n\t\t\t\t<div class=\"elementor-element elementor-element-7898ab0 elementor-widget elementor-widget-heading\" data-id=\"7898ab0\" data-element_type=\"widget\" data-widget_type=\"heading.default\">\n\t\t\t\t<div class=\"elementor-widget-container\">\n\t\t\t\t\t<h3 class=\"elementor-heading-title elementor-size-default\">L\u0103sa\u021bi-ne un mesaj!<\/h3>\t\t\t\t<\/div>\n\t\t\t\t<\/div>\n\t\t\t\t<div class=\"elementor-element elementor-element-bd3e65a elementor-widget__width-initial elementor-widget elementor-widget-heading\" data-id=\"bd3e65a\" data-element_type=\"widget\" data-widget_type=\"heading.default\">\n\t\t\t\t<div class=\"elementor-widget-container\">\n\t\t\t\t\t<p class=\"elementor-heading-title elementor-size-default\">Nu r\u0103spundem la telefon? Posibil sa fim ocupa\u021bi, sau s\u0103 ne fi sunat \u00een afara orelor de lucru! <br>L\u0103sa\u021bi-ne un mesaj \u0219i v\u0103 vom contacta noi!\n<\/p>\t\t\t\t<\/div>\n\t\t\t\t<\/div>\n\t\t\t\t<div class=\"elementor-element elementor-element-900b30a elementor-widget elementor-widget-grogin-contact-form-7\" data-id=\"900b30a\" data-element_type=\"widget\" data-widget_type=\"grogin-contact-form-7.default\">\n\t\t\t\t<div class=\"elementor-widget-container\">\n\t\t\t\t\t<div class=\"klb-contact-form contact-form-wrapper\">\n<div class=\"wpcf7 no-js\" id=\"wpcf7-f2668-o1\" lang=\"en-US\" dir=\"ltr\" data-wpcf7-id=\"2668\">\n<div class=\"screen-reader-response\"><p role=\"status\" aria-live=\"polite\" aria-atomic=\"true\"><\/p> <ul><\/ul><\/div>\n<form action=\"\/index.php\/wp-json\/wp\/v2\/pages\/2574#wpcf7-f2668-o1\" method=\"post\" class=\"wpcf7-form init\" aria-label=\"Contact form\" novalidate=\"novalidate\" data-status=\"init\">\n<fieldset class=\"hidden-fields-container\"><input type=\"hidden\" name=\"_wpcf7\" value=\"2668\" \/><input type=\"hidden\" name=\"_wpcf7_version\" value=\"6.1.5\" \/><input type=\"hidden\" name=\"_wpcf7_locale\" value=\"en_US\" \/><input type=\"hidden\" name=\"_wpcf7_unit_tag\" value=\"wpcf7-f2668-o1\" \/><input type=\"hidden\" name=\"_wpcf7_container_post\" value=\"0\" \/><input type=\"hidden\" name=\"_wpcf7_posted_data_hash\" value=\"\" \/>\n<\/fieldset>\n<div class=\"row\">\n\t<div class=\"col-12 col-lg-6\">\n\t\t<p><label> Numele tau * <\/label><span class=\"wpcf7-form-control-wrap\" data-name=\"your-name\"><input size=\"40\" maxlength=\"400\" class=\"wpcf7-form-control wpcf7-text wpcf7-validates-as-required\" aria-required=\"true\" aria-invalid=\"false\" value=\"\" type=\"text\" name=\"your-name\" \/><\/span>\n\t\t<\/p>\n\t<\/div>\n\t<div class=\"col-12 col-lg-6\">\n\t\t<p><label> Adresa ta de e-mail *<\/label><span class=\"wpcf7-form-control-wrap\" data-name=\"your-email\"><input size=\"40\" maxlength=\"400\" class=\"wpcf7-form-control wpcf7-email wpcf7-validates-as-required wpcf7-text wpcf7-validates-as-email\" aria-required=\"true\" aria-invalid=\"false\" value=\"\" type=\"email\" name=\"your-email\" \/><\/span>\n\t\t<\/p>\n\t<\/div>\n\t<div class=\"col-12 col-lg-12\">\n\t\t<p><label> Subiect * <\/label><span class=\"wpcf7-form-control-wrap\" data-name=\"your-subject\"><input size=\"40\" maxlength=\"400\" class=\"wpcf7-form-control wpcf7-text wpcf7-validates-as-required\" aria-required=\"true\" aria-invalid=\"false\" value=\"\" type=\"text\" name=\"your-subject\" \/><\/span>\n\t\t<\/p>\n\t<\/div>\n\t<div class=\"col-12 col-lg-12\">\n\t\t<p><label> Mesajul tau <\/label><span class=\"wpcf7-form-control-wrap\" data-name=\"your-message\"><textarea cols=\"40\" rows=\"10\" maxlength=\"2000\" class=\"wpcf7-form-control wpcf7-textarea\" aria-invalid=\"false\" name=\"your-message\"><\/textarea><\/span>\n\t\t<\/p>\n\t<\/div>\n\t<div class=\"col-12 col-lg-12\">\n\t\t<p><input class=\"wpcf7-form-control wpcf7-submit has-spinner\" type=\"submit\" value=\"Trimite\" \/>\n\t\t<\/p>\n\t<\/div>\n<\/div><div class=\"wpcf7-response-output\" aria-hidden=\"true\"><\/div>\n<\/form>\n<\/div>\n<\/div><!-- contact-form -->\t\t\t\t<\/div>\n\t\t\t\t<\/div>\n\t\t\t\t<\/div>\n\t\t\t\t<\/div>\n\t\t<div class=\"elementor-element elementor-element-c6daa47 e-flex e-con-boxed e-con e-parent\" data-id=\"c6daa47\" data-element_type=\"container\">\n\t\t\t\t\t<div class=\"e-con-inner\">\n\t\t\t\t<div class=\"elementor-element elementor-element-d95f7ee elementor-widget elementor-widget-google_maps\" data-id=\"d95f7ee\" data-element_type=\"widget\" data-widget_type=\"google_maps.default\">\n\t\t\t\t<div class=\"elementor-widget-container\">\n\t\t\t\t\t\t\t<div class=\"elementor-custom-embed\">\n\t\t\t<iframe\n\t\t\t\t\tdata-src=\"https:\/\/maps.google.com\/maps?q=Depozitul%20cu%20piese%20%C8%99i%20utilaje%20agricole%20AgroDiamant&t=m&z=10&output=embed&iwloc=near\"\n\t\t\t\t\ttitle=\"Depozitul cu piese \u0219i utilaje agricole AgroDiamant\"\n\t\t\t\t\taria-label=\"Depozitul cu piese \u0219i utilaje agricole AgroDiamant\"\n\t\t\t src=\"data:image\/svg+xml;base64,PHN2ZyB3aWR0aD0iMSIgaGVpZ2h0PSIxIiB4bWxucz0iaHR0cDovL3d3dy53My5vcmcvMjAwMC9zdmciPjwvc3ZnPg==\" class=\"lazyload\" data-load-mode=\"1\"><\/iframe>\n\t\t<\/div>\n\t\t\t\t\t\t<\/div>\n\t\t\t\t<\/div>\n\t\t\t\t\t<\/div>\n\t\t\t\t<\/div>\n\t\t<div class=\"elementor-element elementor-element-dd81134 e-flex e-con-boxed e-con e-parent\" data-id=\"dd81134\" data-element_type=\"container\">\n\t\t\t\t\t<div class=\"e-con-inner\">\n\t\t<div class=\"elementor-element elementor-element-efb87d1 e-con-full e-flex e-con e-child\" data-id=\"efb87d1\" data-element_type=\"container\">\n\t\t\t\t<div class=\"elementor-element elementor-element-46bf0f8 elementor-widget elementor-widget-grogin-icon-box\" data-id=\"46bf0f8\" data-element_type=\"widget\" data-widget_type=\"grogin-icon-box.default\">\n\t\t\t\t<div class=\"elementor-widget-container\">\n\t\t\t\t\t<div class=\"site-iconbox d-flex align-items-start\"><div class=\"site-iconbox-icon\"><img decoding=\"async\" data-src=\"https:\/\/agrodiamant.ro\/wp-content\/uploads\/2025\/03\/Credit_Card_Security_Flat-removebg-preview.png\" src=\"data:image\/svg+xml;base64,PHN2ZyB3aWR0aD0iMSIgaGVpZ2h0PSIxIiB4bWxucz0iaHR0cDovL3d3dy53My5vcmcvMjAwMC9zdmciPjwvc3ZnPg==\" class=\"lazyload\" style=\"--smush-placeholder-width: 544px; --smush-placeholder-aspect-ratio: 544\/458;\"><\/div><div class=\"site-iconbox-detail\"><h3 class=\"entry-title text-15 sm-text-16\">Pl\u0103\u021bi sigure online!<\/h3><p class=\"text-13 text-gray-500 mb-0\">Plata pieselor o pute\u021bi face  \u00een siguran\u021b\u0103, online cu cardul.<\/p><\/div><\/div>\t\t\t\t<\/div>\n\t\t\t\t<\/div>\n\t\t\t\t<\/div>\n\t\t<div class=\"elementor-element elementor-element-f475c39 e-con-full e-flex e-con e-child\" data-id=\"f475c39\" data-element_type=\"container\">\n\t\t\t\t<div class=\"elementor-element elementor-element-ef98ef2 elementor-widget elementor-widget-grogin-icon-box\" data-id=\"ef98ef2\" data-element_type=\"widget\" data-widget_type=\"grogin-icon-box.default\">\n\t\t\t\t<div class=\"elementor-widget-container\">\n\t\t\t\t\t<div class=\"site-iconbox d-flex align-items-start\"><div class=\"site-iconbox-icon\"><img decoding=\"async\" data-src=\"https:\/\/agrodiamant.ro\/wp-content\/uploads\/2025\/03\/9978094-removebg-preview.png\" src=\"data:image\/svg+xml;base64,PHN2ZyB3aWR0aD0iMSIgaGVpZ2h0PSIxIiB4bWxucz0iaHR0cDovL3d3dy53My5vcmcvMjAwMC9zdmciPjwvc3ZnPg==\" class=\"lazyload\" style=\"--smush-placeholder-width: 500px; --smush-placeholder-aspect-ratio: 500\/500;\"><\/div><div class=\"site-iconbox-detail\"><h3 class=\"entry-title text-15 sm-text-16\">Suntem deschi\u0219i colabor\u0103rii!<\/h3><p class=\"text-13 text-gray-500 mb-0\">E\u0219ti rev\u00e2nz\u0103tor? Ia leg\u0103tura cu noi pentru a vedea ce solu\u021bii avem pentru firma ta!<\/p><\/div><\/div>\t\t\t\t<\/div>\n\t\t\t\t<\/div>\n\t\t\t\t<\/div>\n\t\t<div class=\"elementor-element elementor-element-ed67d48 e-con-full e-flex e-con e-child\" data-id=\"ed67d48\" data-element_type=\"container\">\n\t\t\t\t<div class=\"elementor-element elementor-element-e1c40d2 elementor-widget elementor-widget-grogin-icon-box\" data-id=\"e1c40d2\" data-element_type=\"widget\" data-widget_type=\"grogin-icon-box.default\">\n\t\t\t\t<div class=\"elementor-widget-container\">\n\t\t\t\t\t<div class=\"site-iconbox d-flex align-items-start\"><div class=\"site-iconbox-icon\"><img decoding=\"async\" data-src=\"https:\/\/agrodiamant.ro\/wp-content\/uploads\/2025\/03\/fe55259a-f3a4-4c51-ae1e-0636a9b3f179-removebg-preview.png\" src=\"data:image\/svg+xml;base64,PHN2ZyB3aWR0aD0iMSIgaGVpZ2h0PSIxIiB4bWxucz0iaHR0cDovL3d3dy53My5vcmcvMjAwMC9zdmciPjwvc3ZnPg==\" class=\"lazyload\" style=\"--smush-placeholder-width: 500px; --smush-placeholder-aspect-ratio: 500\/500;\"><\/div><div class=\"site-iconbox-detail\"><h3 class=\"entry-title text-15 sm-text-16\">Calitate asigurat\u0103!<\/h3><p class=\"text-13 text-gray-500 mb-0\">Comercializam utilaje agricole accesibile la pre\u021b de mai bine de 20 de ani de zile!<\/p><\/div><\/div>\t\t\t\t<\/div>\n\t\t\t\t<\/div>\n\t\t\t\t<\/div>\n\t\t<div class=\"elementor-element elementor-element-572af3f e-con-full e-flex e-con e-child\" data-id=\"572af3f\" data-element_type=\"container\">\n\t\t\t\t<div class=\"elementor-element elementor-element-1715e99 elementor-widget elementor-widget-grogin-icon-box\" data-id=\"1715e99\" data-element_type=\"widget\" data-widget_type=\"grogin-icon-box.default\">\n\t\t\t\t<div class=\"elementor-widget-container\">\n\t\t\t\t\t<div class=\"site-iconbox d-flex align-items-start\"><div class=\"site-iconbox-icon\"><img decoding=\"async\" data-src=\"https:\/\/agrodiamant.ro\/wp-content\/uploads\/2025\/03\/8ff134c1-1206-4ccf-a3d6-ede066a69bee-removebg-preview.png\" src=\"data:image\/svg+xml;base64,PHN2ZyB3aWR0aD0iMSIgaGVpZ2h0PSIxIiB4bWxucz0iaHR0cDovL3d3dy53My5vcmcvMjAwMC9zdmciPjwvc3ZnPg==\" class=\"lazyload\" style=\"--smush-placeholder-width: 517px; --smush-placeholder-aspect-ratio: 517\/482;\"><\/div><div class=\"site-iconbox-detail\"><h3 class=\"entry-title text-15 sm-text-16\">Livrare rapid\u0103!\n<\/h3><p class=\"text-13 text-gray-500 mb-0\">Piesele vin prin curier, iar de livrarea utilajelor ne ocupam personal!<\/p><\/div><\/div>\t\t\t\t<\/div>\n\t\t\t\t<\/div>\n\t\t\t\t<\/div>\n\t\t\t\t\t<\/div>\n\t\t\t\t<\/div>\n\t\t\t\t<\/div>\n\t\t","protected":false},"excerpt":{"rendered":"<p>Nu ezita s\u0103 ne suni! \u00ce\u021bi r\u0103spundem la orice \u00eentrebare. Contacteaz\u0103-ne dac\u0103 dore\u0219ti ajutor cu plasarea unei comenzi sau dac\u0103 vrei s\u0103 afli mai multe informa\u021bii despre produsele pe care le comercializ\u0103m. Loca\u021bia noastr\u0103: jud Gala\u021bi com. Hanu Conachi str. Costache Conachi, nr.1 +40 (751) 304 889 agrodiamant.group@gmail.com Programul parcului: \u2013 Luni-Vineri: 08:00 \u2013 17:00\u2013<\/p>\n<div class=\"klb-readmore entry-button\"><a class=\"btn btn-primary link\" href=\"https:\/\/agrodiamant.ro\/index.php\/contact\/\">Read More <i class=\"klbth-icon-right-arrow\"><\/i><\/a><\/div>\n","protected":false},"author":1,"featured_media":0,"parent":0,"menu_order":0,"comment_status":"closed","ping_status":"closed","template":"","meta":{"footnotes":""},"class_list":["post-2574","page","type-page","status-publish","hentry"],"jetpack_sharing_enabled":true,"_links":{"self":[{"href":"https:\/\/agrodiamant.ro\/index.php\/wp-json\/wp\/v2\/pages\/2574","targetHints":{"allow":["GET"]}}],"collection":[{"href":"https:\/\/agrodiamant.ro\/index.php\/wp-json\/wp\/v2\/pages"}],"about":[{"href":"https:\/\/agrodiamant.ro\/index.php\/wp-json\/wp\/v2\/types\/page"}],"author":[{"embeddable":true,"href":"https:\/\/agrodiamant.ro\/index.php\/wp-json\/wp\/v2\/users\/1"}],"replies":[{"embeddable":true,"href":"https:\/\/agrodiamant.ro\/index.php\/wp-json\/wp\/v2\/comments?post=2574"}],"version-history":[{"count":63,"href":"https:\/\/agrodiamant.ro\/index.php\/wp-json\/wp\/v2\/pages\/2574\/revisions"}],"predecessor-version":[{"id":6755,"href":"https:\/\/agrodiamant.ro\/index.php\/wp-json\/wp\/v2\/pages\/2574\/revisions\/6755"}],"wp:attachment":[{"href":"https:\/\/agrodiamant.ro\/index.php\/wp-json\/wp\/v2\/media?parent=2574"}],"curies":[{"name":"wp","href":"https:\/\/api.w.org\/{rel}","templated":true}]}}