{"id":4332,"date":"2025-03-21T10:20:16","date_gmt":"2025-03-21T10:20:16","guid":{"rendered":"https:\/\/agrodiamant.ro\/?post_type=product&#038;p=4332"},"modified":"2025-04-02T13:07:31","modified_gmt":"2025-04-02T13:07:31","slug":"john-deere-6200a-90cp-4x4-1995-13-800h","status":"publish","type":"product","link":"https:\/\/agrodiamant.ro\/index.php\/product\/john-deere-6200a-90cp-4x4-1995-13-800h\/","title":{"rendered":"John Deere 6200A &#8211; 90CP &#8211; 4X4 &#8211; 1995 &#8211; 13.800h"},"content":{"rendered":"","protected":false},"excerpt":{"rendered":"<p>In parcul nostru cu utilaje din <a href=\"https:\/\/maps.app.goo.gl\/knPPaQto2hA22Z4k7\">Hanu Conachi, jud Gala\u021bi<\/a> g\u0103si\u021bi:<\/p>\n<p>JOHN DEERE 6200A echipat cu \u00eenc\u0103rc\u0103tor frontal + accesoriu: cupa cu colti.<\/p>\n<p>&#8211; an fab: 1995;<br \/>\n&#8211; ore de lucru: 13.800h;<br \/>\n&#8211; putere: 90CP;<br \/>\n&#8211; trac\u021biune: 4&#215;4;<br \/>\n&#8211; transmisie: manuala cu inversor si 5&#215;4 viteze;<br \/>\n&#8211; echipat cu \u00eenc\u0103rc\u0103tor frontal + accesoriu: cupa crocodil;<br \/>\n&#8211; 2 perechi de cuple hidraulice posterioare pentru utilaje \/ accesorii;<br \/>\n&#8211; priza de putere cu 3 viteze: 540E, 540 si 1000 RPM;<\/p>\n","protected":false},"featured_media":4338,"template":"","meta":[],"product_brand":[],"product_cat":[537,529],"product_tag":[],"class_list":{"0":"post-4332","1":"product","2":"type-product","3":"status-publish","4":"has-post-thumbnail","6":"product_cat-utilaje-ocazie","7":"product_cat-tractoare-utilaje-ocazie","9":"first","10":"instock","11":"taxable","12":"shipping-taxable","13":"product-type-simple"},"jetpack_sharing_enabled":true,"_links":{"self":[{"href":"https:\/\/agrodiamant.ro\/index.php\/wp-json\/wp\/v2\/product\/4332","targetHints":{"allow":["GET"]}}],"collection":[{"href":"https:\/\/agrodiamant.ro\/index.php\/wp-json\/wp\/v2\/product"}],"about":[{"href":"https:\/\/agrodiamant.ro\/index.php\/wp-json\/wp\/v2\/types\/product"}],"wp:featuredmedia":[{"embeddable":true,"href":"https:\/\/agrodiamant.ro\/index.php\/wp-json\/wp\/v2\/media\/4338"}],"wp:attachment":[{"href":"https:\/\/agrodiamant.ro\/index.php\/wp-json\/wp\/v2\/media?parent=4332"}],"wp:term":[{"taxonomy":"product_brand","embeddable":true,"href":"https:\/\/agrodiamant.ro\/index.php\/wp-json\/wp\/v2\/product_brand?post=4332"},{"taxonomy":"product_cat","embeddable":true,"href":"https:\/\/agrodiamant.ro\/index.php\/wp-json\/wp\/v2\/product_cat?post=4332"},{"taxonomy":"product_tag","embeddable":true,"href":"https:\/\/agrodiamant.ro\/index.php\/wp-json\/wp\/v2\/product_tag?post=4332"}],"curies":[{"name":"wp","href":"https:\/\/api.w.org\/{rel}","templated":true}]}}