{"id":4514,"date":"2025-03-24T09:20:00","date_gmt":"2025-03-24T09:20:00","guid":{"rendered":"https:\/\/agrodiamant.ro\/?post_type=product&#038;p=4514"},"modified":"2025-04-02T13:06:30","modified_gmt":"2025-04-02T13:06:30","slug":"rivierre-greenland-rv186l-ata-80cp-presa-baloti-rotunzi-pe-curele","status":"publish","type":"product","link":"https:\/\/agrodiamant.ro\/index.php\/product\/rivierre-greenland-rv186l-ata-80cp-presa-baloti-rotunzi-pe-curele\/","title":{"rendered":"Rivierre Greenland RV186L &#8211; A\u021b\u0103 &#8211; 80CP &#8211; Presa balo\u021bi rotunzi pe curele"},"content":{"rendered":"","protected":false},"excerpt":{"rendered":"<p>\u00cen parcul nostru cu utilaje din <a href=\"https:\/\/maps.app.goo.gl\/knPPaQto2hA22Z4k7\">Hanu Conachi, jud Gala\u021bi<\/a> g\u0103si\u021bi:<\/p>\n<p>Presa pentru balo\u021bi rotunzi\u00a0<b>Rivierre Greenland RV186L<\/b>:<\/p>\n<p>&#8211; an fab.: 2000;<br \/>\n&#8211; presa este pe curele;<br \/>\n&#8211; dimensiune balot: 120&#215;90-170cm;<br \/>\n&#8211; diametrul balotului este variabil si \u00eel pute\u021bi seta dumneavoastr\u0103 intre 90 si 170cm;<br \/>\n&#8211; presa leaga cu ATA;<br \/>\n&#8211; pick-up hidraulic cu l\u0103\u021bime de 2.10m;<br \/>\n&#8211; camera balotului pe curele;<br \/>\n&#8211; cheie pentru ac\u021bionarea manuala asupra pick-up-ului;<br \/>\n&#8211; telecomanda cu:<br \/>\n&#8211;&#8211; 2 comutatoare: unul pentru modul de legare: manual \/ auto si cel\u0103lalt pentru controlarea actuatorului aparatului de legare;<br \/>\n&#8211;&#8211; 2 poten\u021biometre: unul pentru reglarea cantit\u0103\u021bii de sfoara folosita in timpul leg\u0103rii pe capetele balotului si cel\u0103lalt reglarea cantit\u0103\u021bii de sfoara folosita in timpul leg\u0103rii pe suprafa\u021ba balotului;<br \/>\n&#8211; in stare foarte buna, adusa din Fran\u021ba;<\/p>\n","protected":false},"featured_media":4521,"template":"","meta":[],"product_brand":[],"product_cat":[537,544,530],"product_tag":[],"class_list":{"0":"post-4514","1":"product","2":"type-product","3":"status-publish","4":"has-post-thumbnail","6":"product_cat-utilaje-ocazie","7":"product_cat-pe-curele","8":"product_cat-prese-baloti-utilaje-ocazie","10":"first","11":"instock","12":"taxable","13":"shipping-taxable","14":"product-type-simple"},"jetpack_sharing_enabled":true,"_links":{"self":[{"href":"https:\/\/agrodiamant.ro\/index.php\/wp-json\/wp\/v2\/product\/4514","targetHints":{"allow":["GET"]}}],"collection":[{"href":"https:\/\/agrodiamant.ro\/index.php\/wp-json\/wp\/v2\/product"}],"about":[{"href":"https:\/\/agrodiamant.ro\/index.php\/wp-json\/wp\/v2\/types\/product"}],"wp:featuredmedia":[{"embeddable":true,"href":"https:\/\/agrodiamant.ro\/index.php\/wp-json\/wp\/v2\/media\/4521"}],"wp:attachment":[{"href":"https:\/\/agrodiamant.ro\/index.php\/wp-json\/wp\/v2\/media?parent=4514"}],"wp:term":[{"taxonomy":"product_brand","embeddable":true,"href":"https:\/\/agrodiamant.ro\/index.php\/wp-json\/wp\/v2\/product_brand?post=4514"},{"taxonomy":"product_cat","embeddable":true,"href":"https:\/\/agrodiamant.ro\/index.php\/wp-json\/wp\/v2\/product_cat?post=4514"},{"taxonomy":"product_tag","embeddable":true,"href":"https:\/\/agrodiamant.ro\/index.php\/wp-json\/wp\/v2\/product_tag?post=4514"}],"curies":[{"name":"wp","href":"https:\/\/api.w.org\/{rel}","templated":true}]}}