{"id":4606,"date":"2025-03-24T10:20:03","date_gmt":"2025-03-24T10:20:03","guid":{"rendered":"https:\/\/agrodiamant.ro\/?post_type=product&#038;p=4606"},"modified":"2025-04-02T13:04:18","modified_gmt":"2025-04-02T13:04:18","slug":"claas-rollant-350-rotocut-2010-plasa-120cp-presa-baloti-rotunzi","status":"publish","type":"product","link":"https:\/\/agrodiamant.ro\/index.php\/product\/claas-rollant-350-rotocut-2010-plasa-120cp-presa-baloti-rotunzi\/","title":{"rendered":"Claas ROLLANT 350 ROTOCUT &#8211; 2010 &#8211; Plas\u0103 &#8211; 120CP &#8211; Presa balo\u021bi rotunzi"},"content":{"rendered":"","protected":false},"excerpt":{"rendered":"<p>\u00cen parcul nostru cu utilaje din <a href=\"https:\/\/maps.app.goo.gl\/knPPaQto2hA22Z4k7\">Hanu Conachi, jud Gala\u021bi<\/a> g\u0103si\u021bi:<\/p>\n<p>Presa pentru balo\u021bi rotunzi CLAAS ROLLANT 350 ROTOCUT:<\/p>\n<p>&#8211; an fab.: 2010;<br \/>\n&#8211; dimensiune balot: 120x120cm;<br \/>\n&#8211; presa leaga cu PLASA;<br \/>\n&#8211; pick-up hidraulic cu l\u0103\u021bime de 2.10m echipat cu ROTOR si sistem ROTOCUT;<br \/>\n&#8211; sisitem ROTOCUT &#8211; pick-up cu cu\u021bite toc\u0103tor al materialului \u00eembalotat, care poate fi activat sau dezactivat dup\u0103 bunul plac al fermierului;<br \/>\n&#8211; camera balotilor pe tamburi;<br \/>\n&#8211; sistem de auto ungere a lan\u021burilor;<br \/>\n&#8211; cheie pentru ac\u021bionarea manuala asupra rotorului;<br \/>\n&#8211; telecomanda<br \/>\n&#8211; adusa din Fran\u021ba;<\/p>\n","protected":false},"featured_media":4610,"template":"","meta":[],"product_brand":[],"product_cat":[537,533,530],"product_tag":[],"class_list":{"0":"post-4606","1":"product","2":"type-product","3":"status-publish","4":"has-post-thumbnail","6":"product_cat-utilaje-ocazie","7":"product_cat-tamburi-prese-ocazie","8":"product_cat-prese-baloti-utilaje-ocazie","10":"first","11":"instock","12":"taxable","13":"shipping-taxable","14":"product-type-simple"},"jetpack_sharing_enabled":true,"_links":{"self":[{"href":"https:\/\/agrodiamant.ro\/index.php\/wp-json\/wp\/v2\/product\/4606","targetHints":{"allow":["GET"]}}],"collection":[{"href":"https:\/\/agrodiamant.ro\/index.php\/wp-json\/wp\/v2\/product"}],"about":[{"href":"https:\/\/agrodiamant.ro\/index.php\/wp-json\/wp\/v2\/types\/product"}],"wp:featuredmedia":[{"embeddable":true,"href":"https:\/\/agrodiamant.ro\/index.php\/wp-json\/wp\/v2\/media\/4610"}],"wp:attachment":[{"href":"https:\/\/agrodiamant.ro\/index.php\/wp-json\/wp\/v2\/media?parent=4606"}],"wp:term":[{"taxonomy":"product_brand","embeddable":true,"href":"https:\/\/agrodiamant.ro\/index.php\/wp-json\/wp\/v2\/product_brand?post=4606"},{"taxonomy":"product_cat","embeddable":true,"href":"https:\/\/agrodiamant.ro\/index.php\/wp-json\/wp\/v2\/product_cat?post=4606"},{"taxonomy":"product_tag","embeddable":true,"href":"https:\/\/agrodiamant.ro\/index.php\/wp-json\/wp\/v2\/product_tag?post=4606"}],"curies":[{"name":"wp","href":"https:\/\/api.w.org\/{rel}","templated":true}]}}