{"id":4667,"date":"2025-03-24T11:04:32","date_gmt":"2025-03-24T11:04:32","guid":{"rendered":"https:\/\/agrodiamant.ro\/?post_type=product&#038;p=4667"},"modified":"2025-04-02T13:03:27","modified_gmt":"2025-04-02T13:03:27","slug":"cisterna-1000l-in-stare-impecabila-zootehnie-agricultura","status":"publish","type":"product","link":"https:\/\/agrodiamant.ro\/index.php\/product\/cisterna-1000l-in-stare-impecabila-zootehnie-agricultura\/","title":{"rendered":"Cisterna 1000l \u00een stare impecabil\u0103 &#8211; zootehnie, agricultur\u0103"},"content":{"rendered":"","protected":false},"excerpt":{"rendered":"<p>\u00cen parcul nostru cu utilaje din <a href=\"https:\/\/maps.app.goo.gl\/knPPaQto2hA22Z4k7\">Hanu Conachi, jud Gala\u021bi<\/a> g\u0103si\u021bi:<\/p>\n<p>Cisterna VSN 1102\/2\/A1 &#8211; 1000L<\/p>\n<p>&#8211; an fab.: 23\/10\/2012;<br \/>\n&#8211; volum: 1000L<br \/>\n&#8211; ideala pentru ad\u0103parea animalelor, depozitarea \u0219i tastatoarea altor lichide, s.a.m.d.;<br \/>\n&#8211; adusa din Fran\u021ba;<\/p>\n","protected":false},"featured_media":4668,"template":"","meta":[],"product_brand":[],"product_cat":[537,531],"product_tag":[],"class_list":{"0":"post-4667","1":"product","2":"type-product","3":"status-publish","4":"has-post-thumbnail","6":"product_cat-utilaje-ocazie","7":"product_cat-alte-utilaje-ocazie","9":"first","10":"instock","11":"taxable","12":"shipping-taxable","13":"product-type-simple"},"jetpack_sharing_enabled":true,"_links":{"self":[{"href":"https:\/\/agrodiamant.ro\/index.php\/wp-json\/wp\/v2\/product\/4667","targetHints":{"allow":["GET"]}}],"collection":[{"href":"https:\/\/agrodiamant.ro\/index.php\/wp-json\/wp\/v2\/product"}],"about":[{"href":"https:\/\/agrodiamant.ro\/index.php\/wp-json\/wp\/v2\/types\/product"}],"wp:featuredmedia":[{"embeddable":true,"href":"https:\/\/agrodiamant.ro\/index.php\/wp-json\/wp\/v2\/media\/4668"}],"wp:attachment":[{"href":"https:\/\/agrodiamant.ro\/index.php\/wp-json\/wp\/v2\/media?parent=4667"}],"wp:term":[{"taxonomy":"product_brand","embeddable":true,"href":"https:\/\/agrodiamant.ro\/index.php\/wp-json\/wp\/v2\/product_brand?post=4667"},{"taxonomy":"product_cat","embeddable":true,"href":"https:\/\/agrodiamant.ro\/index.php\/wp-json\/wp\/v2\/product_cat?post=4667"},{"taxonomy":"product_tag","embeddable":true,"href":"https:\/\/agrodiamant.ro\/index.php\/wp-json\/wp\/v2\/product_tag?post=4667"}],"curies":[{"name":"wp","href":"https:\/\/api.w.org\/{rel}","templated":true}]}}