{"id":4700,"date":"2025-03-24T11:22:12","date_gmt":"2025-03-24T11:22:12","guid":{"rendered":"https:\/\/agrodiamant.ro\/?post_type=product&#038;p=4700"},"modified":"2025-04-02T13:02:08","modified_gmt":"2025-04-02T13:02:08","slug":"john-deere-5080m-80cp-4x4-2011-11-960h","status":"publish","type":"product","link":"https:\/\/agrodiamant.ro\/index.php\/product\/john-deere-5080m-80cp-4x4-2011-11-960h\/","title":{"rendered":"John Deere 5080M &#8211; 80CP &#8211; 4X4 &#8211; 2011 &#8211; 11.960h"},"content":{"rendered":"","protected":false},"excerpt":{"rendered":"<p>In parcul nostru cu utilaje din <a href=\"https:\/\/maps.app.goo.gl\/knPPaQto2hA22Z4k7\">Hanu Conachi, jud Gala\u021bi<\/a> g\u0103si\u021bi:<\/p>\n<p>JOHN DEERE 6200A echipat cu \u00eenc\u0103rc\u0103tor frontal + accesoriu: cupa cu col\u021bi + contragreut\u0103\u021bi puntea fata: 350kg.<\/p>\n<p>&#8211; an fab: 2011;<br \/>\n&#8211; ore de lucru: 11.960h;<br \/>\n&#8211; putere: 80CP;<br \/>\n&#8211; trac\u021biune: 4&#215;4;<br \/>\n&#8211; transmisie: manuala cu inversor si 4&#215;4 viteze;<br \/>\n&#8211; echipat cu \u00eenc\u0103rc\u0103tor frontal + accesoriu: cupa crocodil + contragreut\u0103\u021bi puntea fata: 350kg;<br \/>\n&#8211; 2 cuple hidraulice posterioare dintre care una are func\u021bie de copiere a terenului pentru utilaje \/ accesorii;<br \/>\n&#8211; priza de putere cu 2 viteze: 540E, 540RPM;<\/p>\n","protected":false},"featured_media":4701,"template":"","meta":[],"product_brand":[],"product_cat":[537,529],"product_tag":[],"class_list":{"0":"post-4700","1":"product","2":"type-product","3":"status-publish","4":"has-post-thumbnail","6":"product_cat-utilaje-ocazie","7":"product_cat-tractoare-utilaje-ocazie","9":"first","10":"instock","11":"taxable","12":"shipping-taxable","13":"product-type-simple"},"jetpack_sharing_enabled":true,"_links":{"self":[{"href":"https:\/\/agrodiamant.ro\/index.php\/wp-json\/wp\/v2\/product\/4700","targetHints":{"allow":["GET"]}}],"collection":[{"href":"https:\/\/agrodiamant.ro\/index.php\/wp-json\/wp\/v2\/product"}],"about":[{"href":"https:\/\/agrodiamant.ro\/index.php\/wp-json\/wp\/v2\/types\/product"}],"wp:featuredmedia":[{"embeddable":true,"href":"https:\/\/agrodiamant.ro\/index.php\/wp-json\/wp\/v2\/media\/4701"}],"wp:attachment":[{"href":"https:\/\/agrodiamant.ro\/index.php\/wp-json\/wp\/v2\/media?parent=4700"}],"wp:term":[{"taxonomy":"product_brand","embeddable":true,"href":"https:\/\/agrodiamant.ro\/index.php\/wp-json\/wp\/v2\/product_brand?post=4700"},{"taxonomy":"product_cat","embeddable":true,"href":"https:\/\/agrodiamant.ro\/index.php\/wp-json\/wp\/v2\/product_cat?post=4700"},{"taxonomy":"product_tag","embeddable":true,"href":"https:\/\/agrodiamant.ro\/index.php\/wp-json\/wp\/v2\/product_tag?post=4700"}],"curies":[{"name":"wp","href":"https:\/\/api.w.org\/{rel}","templated":true}]}}