{"id":4753,"date":"2025-03-24T14:02:13","date_gmt":"2025-03-24T14:02:13","guid":{"rendered":"https:\/\/agrodiamant.ro\/?post_type=product&#038;p=4753"},"modified":"2025-04-02T13:01:15","modified_gmt":"2025-04-02T13:01:15","slug":"lemken-4-sectii-130cp-plug-reversibil","status":"publish","type":"product","link":"https:\/\/agrodiamant.ro\/index.php\/product\/lemken-4-sectii-130cp-plug-reversibil\/","title":{"rendered":"Lemken 4 sectii &#8211; 130CP &#8211; Plug reversibil"},"content":{"rendered":"","protected":false},"excerpt":{"rendered":"<p>\u00cen parcul nostru cu utilaje din <a href=\"https:\/\/maps.app.goo.gl\/knPPaQto2hA22Z4k7\">Hanu Conachi, jud Gala\u021bi<\/a> g\u0103si\u021bi:<\/p>\n<p>Plug reversibil LEMKEN:<\/p>\n<p>&#8211; necesar putere &#8211; 130CP;<br \/>\n&#8211; plugul a fost recondi\u021bionat, are cormane noi;<br \/>\n&#8211; diametrul bol\u021bului \u00een baza c\u0103ruia se realizeaz\u0103 reversarea &#8211; 100mm;<br \/>\n&#8211; dimensiuni cadru &#8211; 180x180mm;<br \/>\n&#8211; distan\u021ba \u00eentre sec\u021bii &#8211; 100cm;<br \/>\n&#8211; \u00een\u0103l\u021bime sec\u021bie &#8211; 80cm;<br \/>\n&#8211; roat\u0103 de copiere a terenului;<br \/>\n&#8211; structural plugul este foarte bun, f\u0103r\u0103 urme de sudur\u0103;<br \/>\n&#8211; adus din Fran\u021ba;<\/p>\n","protected":false},"featured_media":4769,"template":"","meta":[],"product_brand":[],"product_cat":[537,531],"product_tag":[],"class_list":{"0":"post-4753","1":"product","2":"type-product","3":"status-publish","4":"has-post-thumbnail","6":"product_cat-utilaje-ocazie","7":"product_cat-alte-utilaje-ocazie","9":"first","10":"instock","11":"taxable","12":"shipping-taxable","13":"product-type-simple"},"jetpack_sharing_enabled":true,"_links":{"self":[{"href":"https:\/\/agrodiamant.ro\/index.php\/wp-json\/wp\/v2\/product\/4753","targetHints":{"allow":["GET"]}}],"collection":[{"href":"https:\/\/agrodiamant.ro\/index.php\/wp-json\/wp\/v2\/product"}],"about":[{"href":"https:\/\/agrodiamant.ro\/index.php\/wp-json\/wp\/v2\/types\/product"}],"wp:featuredmedia":[{"embeddable":true,"href":"https:\/\/agrodiamant.ro\/index.php\/wp-json\/wp\/v2\/media\/4769"}],"wp:attachment":[{"href":"https:\/\/agrodiamant.ro\/index.php\/wp-json\/wp\/v2\/media?parent=4753"}],"wp:term":[{"taxonomy":"product_brand","embeddable":true,"href":"https:\/\/agrodiamant.ro\/index.php\/wp-json\/wp\/v2\/product_brand?post=4753"},{"taxonomy":"product_cat","embeddable":true,"href":"https:\/\/agrodiamant.ro\/index.php\/wp-json\/wp\/v2\/product_cat?post=4753"},{"taxonomy":"product_tag","embeddable":true,"href":"https:\/\/agrodiamant.ro\/index.php\/wp-json\/wp\/v2\/product_tag?post=4753"}],"curies":[{"name":"wp","href":"https:\/\/api.w.org\/{rel}","templated":true}]}}