{"id":4777,"date":"2025-03-24T14:29:53","date_gmt":"2025-03-24T14:29:53","guid":{"rendered":"https:\/\/agrodiamant.ro\/?post_type=product&#038;p=4777"},"modified":"2025-04-02T13:01:03","modified_gmt":"2025-04-02T13:01:03","slug":"grapa-rotativa-kuhn-3-0m-tavalug-coarda-100cp-freza-rotativa","status":"publish","type":"product","link":"https:\/\/agrodiamant.ro\/index.php\/product\/grapa-rotativa-kuhn-3-0m-tavalug-coarda-100cp-freza-rotativa\/","title":{"rendered":"Grap\u0103 rotativa KUHN 3.0m + t\u0103v\u0103lug coard\u0103 &#8211; 100CP &#8211; Freza rotativ\u0103"},"content":{"rendered":"","protected":false},"excerpt":{"rendered":"<p>\u00cen parcul nostru cu utilaje din <a href=\"https:\/\/maps.app.goo.gl\/knPPaQto2hA22Z4k7\">Hanu Conachi, jud Gala\u021bi<\/a> g\u0103si\u021bi:<\/p>\n<p>Grap\u0103 rotativ\u0103 KUHN 3.0m:<\/p>\n<p>&#8211; necesar putere &#8211; aprox. 90-100CP;<br \/>\n&#8211; l\u0103\u021bime de lucru &#8211; 3.0m;<br \/>\n&#8211; 2&#215;10 cu\u021bite;<br \/>\n&#8211; echipat\u0103 cu t\u0103v\u0103lug COARD\u0102;<br \/>\n&#8211; utilajul se prezint\u0103 \u00eentr-o stare bun\u0103, f\u0103r\u0103 defecte;<br \/>\n&#8211; adus din Fran\u021ba;<\/p>\n","protected":false},"featured_media":4783,"template":"","meta":[],"product_brand":[],"product_cat":[537,531],"product_tag":[],"class_list":{"0":"post-4777","1":"product","2":"type-product","3":"status-publish","4":"has-post-thumbnail","6":"product_cat-utilaje-ocazie","7":"product_cat-alte-utilaje-ocazie","9":"first","10":"instock","11":"taxable","12":"shipping-taxable","13":"product-type-simple"},"jetpack_sharing_enabled":true,"_links":{"self":[{"href":"https:\/\/agrodiamant.ro\/index.php\/wp-json\/wp\/v2\/product\/4777","targetHints":{"allow":["GET"]}}],"collection":[{"href":"https:\/\/agrodiamant.ro\/index.php\/wp-json\/wp\/v2\/product"}],"about":[{"href":"https:\/\/agrodiamant.ro\/index.php\/wp-json\/wp\/v2\/types\/product"}],"wp:featuredmedia":[{"embeddable":true,"href":"https:\/\/agrodiamant.ro\/index.php\/wp-json\/wp\/v2\/media\/4783"}],"wp:attachment":[{"href":"https:\/\/agrodiamant.ro\/index.php\/wp-json\/wp\/v2\/media?parent=4777"}],"wp:term":[{"taxonomy":"product_brand","embeddable":true,"href":"https:\/\/agrodiamant.ro\/index.php\/wp-json\/wp\/v2\/product_brand?post=4777"},{"taxonomy":"product_cat","embeddable":true,"href":"https:\/\/agrodiamant.ro\/index.php\/wp-json\/wp\/v2\/product_cat?post=4777"},{"taxonomy":"product_tag","embeddable":true,"href":"https:\/\/agrodiamant.ro\/index.php\/wp-json\/wp\/v2\/product_tag?post=4777"}],"curies":[{"name":"wp","href":"https:\/\/api.w.org\/{rel}","templated":true}]}}