{"id":4922,"date":"2025-03-26T09:44:07","date_gmt":"2025-03-26T09:44:07","guid":{"rendered":"https:\/\/agrodiamant.ro\/?post_type=product&#038;p=4922"},"modified":"2025-04-02T12:58:14","modified_gmt":"2025-04-02T12:58:14","slug":"zanon-tm-tl-tocator-forestier-o-25cm-tractoare-intre-60-160cp","status":"publish","type":"product","link":"https:\/\/agrodiamant.ro\/index.php\/product\/zanon-tm-tl-tocator-forestier-o-25cm-tractoare-intre-60-160cp\/","title":{"rendered":"ZANON TM \/ TL &#8211; Tocator forestier (\u00f8 25cm) &#8211; tractoare intre 60 &#8211; 160CP"},"content":{"rendered":"","protected":false},"excerpt":{"rendered":"<p><u>AgroDiamant este dealer ZANON.<\/u>\u00a0Distribuim produsele acestora, reu\u0219ind s\u0103 oferim asisten\u021b\u0103 tehnic\u0103 precum \u0219i piese de schimb pentru acestea. Pe site-ul nostru g\u0103si\u021bi o parte din oferta produc\u0103torul italian. \u00centreaga gam\u0103 de produse ZANON o pute\u021bi vedea d\u00e2nd\u00a0<a href=\"https:\/\/www.zanon.it\/en\/\">click aici<\/a>. Putem aduce pe comanda orice utilaj din oferta acestora.<\/p>\n<p style=\"margin-top: 0in; background: white;\">Modelul<strong>\u00a0ZANON TM<\/strong>\u00a0este un toc\u0103tor\u00a0forestier cu\u00a0<strong>cu\u021bite\u00a0ciocan mobile<\/strong>\u00a0iar modelul\u00a0<strong>ZANON TL<\/strong>\u00a0este varianta de toc\u0103tor\u00a0forestier cu\u00a0<strong>cu\u021bite\u00a0fixe (tip dinte)<\/strong>\u00a0conceput pentru a toca vegeta\u021bie\u00a0forestiera, precum si reziduuri\u00a0lemnoase precum\u00a0bu\u0219teni, cioate, etc cu un <strong>diametru de pana la 20 &#8211; 25cm<\/strong>.<\/p>\n","protected":false},"featured_media":4925,"template":"","meta":[],"product_brand":[],"product_cat":[538,510,511],"product_tag":[],"class_list":{"0":"post-4922","1":"product","2":"type-product","3":"status-publish","4":"has-post-thumbnail","6":"product_cat-utilaje-agricole","7":"product_cat-tocatoriv-utilaje-noi","8":"product_cat-forestiere-utilaje-noi","10":"first","11":"instock","12":"taxable","13":"shipping-taxable","14":"product-type-simple"},"jetpack_sharing_enabled":true,"_links":{"self":[{"href":"https:\/\/agrodiamant.ro\/index.php\/wp-json\/wp\/v2\/product\/4922","targetHints":{"allow":["GET"]}}],"collection":[{"href":"https:\/\/agrodiamant.ro\/index.php\/wp-json\/wp\/v2\/product"}],"about":[{"href":"https:\/\/agrodiamant.ro\/index.php\/wp-json\/wp\/v2\/types\/product"}],"wp:featuredmedia":[{"embeddable":true,"href":"https:\/\/agrodiamant.ro\/index.php\/wp-json\/wp\/v2\/media\/4925"}],"wp:attachment":[{"href":"https:\/\/agrodiamant.ro\/index.php\/wp-json\/wp\/v2\/media?parent=4922"}],"wp:term":[{"taxonomy":"product_brand","embeddable":true,"href":"https:\/\/agrodiamant.ro\/index.php\/wp-json\/wp\/v2\/product_brand?post=4922"},{"taxonomy":"product_cat","embeddable":true,"href":"https:\/\/agrodiamant.ro\/index.php\/wp-json\/wp\/v2\/product_cat?post=4922"},{"taxonomy":"product_tag","embeddable":true,"href":"https:\/\/agrodiamant.ro\/index.php\/wp-json\/wp\/v2\/product_tag?post=4922"}],"curies":[{"name":"wp","href":"https:\/\/api.w.org\/{rel}","templated":true}]}}