{"id":4936,"date":"2025-03-26T10:19:43","date_gmt":"2025-03-26T10:19:43","guid":{"rendered":"https:\/\/agrodiamant.ro\/?post_type=product&#038;p=4936"},"modified":"2025-04-02T12:57:55","modified_gmt":"2025-04-02T12:57:55","slug":"zanon-trg-tocator-frontal-si-posterior-de-resturi-vegetale-o-5cm-tractoare-intre-30-90-cp","status":"publish","type":"product","link":"https:\/\/agrodiamant.ro\/index.php\/product\/zanon-trg-tocator-frontal-si-posterior-de-resturi-vegetale-o-5cm-tractoare-intre-30-90-cp\/","title":{"rendered":"ZANON TRG &#8211; Toc\u0103tor frontal si posterior de resturi vegetale (\u00f8 5cm) &#8211; tractoare intre 30 &#8211; 90 CP"},"content":{"rendered":"","protected":false},"excerpt":{"rendered":"<p><u>AgroDiamant este dealer ZANON.<\/u>\u00a0Distribuim produsele acestora, reu\u0219ind s\u0103 oferim asisten\u021b\u0103 tehnic\u0103 precum \u0219i piese de schimb pentru acestea. Pe site-ul nostru g\u0103si\u021bi o parte din oferta produc\u0103torul italian. \u00centreaga gam\u0103 de produse ZANON o pute\u021bi vedea d\u00e2nd\u00a0<a href=\"https:\/\/www.zanon.it\/en\/\">click aici<\/a>. Putem aduce pe comanda orice utilaj din oferta acestora.<\/p>\n<p><strong>Modelul de toc\u0103tor TRG<\/strong> a fost construit pentru tractoare de putere mica si medie put\u00e2nd\u00a0fi montat at\u00e2t\u00a0frontal\u00a0cat si posterior mul\u021bumita\u00a0grupului cu dubla priza. Este ideal pentru tocarea crengilor si altor reziduuri\u00a0lemnoase <strong>cu grosimi pana la 5cm<\/strong> rezultate in urma activit\u0103\u021bilor\u00a0de cur\u0103\u021bare\u00a0a livezilor si viilor, precum si a ierbii, fanului, cocenilor, boschetelor\u00a0si altele asem\u0103n\u0103toare.<\/p>\n","protected":false},"featured_media":4940,"template":"","meta":[],"product_brand":[],"product_cat":[538,510],"product_tag":[],"class_list":{"0":"post-4936","1":"product","2":"type-product","3":"status-publish","4":"has-post-thumbnail","6":"product_cat-utilaje-agricole","7":"product_cat-tocatoriv-utilaje-noi","9":"first","10":"instock","11":"taxable","12":"shipping-taxable","13":"product-type-simple"},"jetpack_sharing_enabled":true,"_links":{"self":[{"href":"https:\/\/agrodiamant.ro\/index.php\/wp-json\/wp\/v2\/product\/4936","targetHints":{"allow":["GET"]}}],"collection":[{"href":"https:\/\/agrodiamant.ro\/index.php\/wp-json\/wp\/v2\/product"}],"about":[{"href":"https:\/\/agrodiamant.ro\/index.php\/wp-json\/wp\/v2\/types\/product"}],"wp:featuredmedia":[{"embeddable":true,"href":"https:\/\/agrodiamant.ro\/index.php\/wp-json\/wp\/v2\/media\/4940"}],"wp:attachment":[{"href":"https:\/\/agrodiamant.ro\/index.php\/wp-json\/wp\/v2\/media?parent=4936"}],"wp:term":[{"taxonomy":"product_brand","embeddable":true,"href":"https:\/\/agrodiamant.ro\/index.php\/wp-json\/wp\/v2\/product_brand?post=4936"},{"taxonomy":"product_cat","embeddable":true,"href":"https:\/\/agrodiamant.ro\/index.php\/wp-json\/wp\/v2\/product_cat?post=4936"},{"taxonomy":"product_tag","embeddable":true,"href":"https:\/\/agrodiamant.ro\/index.php\/wp-json\/wp\/v2\/product_tag?post=4936"}],"curies":[{"name":"wp","href":"https:\/\/api.w.org\/{rel}","templated":true}]}}