{"id":4943,"date":"2025-03-26T10:38:35","date_gmt":"2025-03-26T10:38:35","guid":{"rendered":"https:\/\/agrodiamant.ro\/?post_type=product&#038;p=4943"},"modified":"2025-04-02T12:57:46","modified_gmt":"2025-04-02T12:57:46","slug":"zanon-tfx-tocator-resturi-vegetale-o-3-4cm-tractoare-intre-25-80-cp","status":"publish","type":"product","link":"https:\/\/agrodiamant.ro\/index.php\/product\/zanon-tfx-tocator-resturi-vegetale-o-3-4cm-tractoare-intre-25-80-cp\/","title":{"rendered":"ZANON TFX &#8211; Toc\u0103tor resturi vegetale (\u00f8 3-4cm) &#8211; tractoare intre 25 &#8211; 80 CP"},"content":{"rendered":"","protected":false},"excerpt":{"rendered":"<p><u>AgroDiamant este dealer ZANON.<\/u>\u00a0Distribuim produsele acestora, reu\u0219ind s\u0103 oferim asisten\u021b\u0103 tehnic\u0103 precum \u0219i piese de schimb pentru acestea. Pe site-ul nostru g\u0103si\u021bi o parte din oferta produc\u0103torul italian. \u00centreaga gam\u0103 de produse ZANON o pute\u021bi vedea d\u00e2nd\u00a0<a href=\"https:\/\/www.zanon.it\/en\/\">click aici<\/a>. Putem aduce pe comanda orice utilaj din oferta acestora.<\/p>\n<p><strong>Modelul de toc\u0103tor\u00a0TFX<\/strong>\u00a0a fost construit pentru tractoare de putere mica si medie fiind ideal pentru tocarea crengu\u021belor\u00a0si altor reziduuri\u00a0lemnoase <strong>de p\u00e2n\u0103 la 3-4cm grosime<\/strong> rezultate in urma activit\u0103\u021bilor de cur\u0103\u021bare a livezilor si viilor, precum si a ierbii, fanului, cocenilor, boschetelor si altele asem\u0103n\u0103toare.<\/p>\n","protected":false},"featured_media":4947,"template":"","meta":[],"product_brand":[],"product_cat":[538,510],"product_tag":[],"class_list":{"0":"post-4943","1":"product","2":"type-product","3":"status-publish","4":"has-post-thumbnail","6":"product_cat-utilaje-agricole","7":"product_cat-tocatoriv-utilaje-noi","9":"first","10":"instock","11":"taxable","12":"shipping-taxable","13":"product-type-simple"},"jetpack_sharing_enabled":true,"_links":{"self":[{"href":"https:\/\/agrodiamant.ro\/index.php\/wp-json\/wp\/v2\/product\/4943","targetHints":{"allow":["GET"]}}],"collection":[{"href":"https:\/\/agrodiamant.ro\/index.php\/wp-json\/wp\/v2\/product"}],"about":[{"href":"https:\/\/agrodiamant.ro\/index.php\/wp-json\/wp\/v2\/types\/product"}],"wp:featuredmedia":[{"embeddable":true,"href":"https:\/\/agrodiamant.ro\/index.php\/wp-json\/wp\/v2\/media\/4947"}],"wp:attachment":[{"href":"https:\/\/agrodiamant.ro\/index.php\/wp-json\/wp\/v2\/media?parent=4943"}],"wp:term":[{"taxonomy":"product_brand","embeddable":true,"href":"https:\/\/agrodiamant.ro\/index.php\/wp-json\/wp\/v2\/product_brand?post=4943"},{"taxonomy":"product_cat","embeddable":true,"href":"https:\/\/agrodiamant.ro\/index.php\/wp-json\/wp\/v2\/product_cat?post=4943"},{"taxonomy":"product_tag","embeddable":true,"href":"https:\/\/agrodiamant.ro\/index.php\/wp-json\/wp\/v2\/product_tag?post=4943"}],"curies":[{"name":"wp","href":"https:\/\/api.w.org\/{rel}","templated":true}]}}