{"id":4988,"date":"2025-03-26T12:27:02","date_gmt":"2025-03-26T12:27:02","guid":{"rendered":"https:\/\/agrodiamant.ro\/?post_type=product&#038;p=4988"},"modified":"2025-04-02T12:55:49","modified_gmt":"2025-04-02T12:55:49","slug":"furca-pentru-baloti-cu-prindere-euro-lungime-tepusa-100cm","status":"publish","type":"product","link":"https:\/\/agrodiamant.ro\/index.php\/product\/furca-pentru-baloti-cu-prindere-euro-lungime-tepusa-100cm\/","title":{"rendered":"Furc\u0103 2 \u021bepu\u0219e pentru \u00eenc\u0103rc\u0103toare frontale cu prindere EURO &#8211; lungime \u021bepu\u0219\u0103 100cm"},"content":{"rendered":"","protected":false},"excerpt":{"rendered":"<p><u>AgroDiamant comercializeaz\u0103 furci baloti pentru \u00eenc\u0103rc\u0103toare frontale cu prindere EURO.<\/u><\/p>\n<p><strong>Caracteristici tehnice<\/strong><\/p>\n<ul>\n<li>lungime \u021bepu\u0219\u0103 -cm- 100;<\/li>\n<li>fabricat in Germania;<\/li>\n<\/ul>\n<p><strong>Prindere EURO:<\/strong><\/p>\n<ul>\n<li>distanta intre c\u00e2rligele superioare -mm- 1055<\/li>\n<li>grosime c\u00e2rlig superior -mm- 40<\/li>\n<li>diametru c\u00e2rlig superior -mm- 40<\/li>\n<li>distan\u021ba \u00eentre inelele inferioare -mm- 755<\/li>\n<li>grosime inele inferioare -mm- 15<\/li>\n<li>diametru inel inferior -mm- 25<\/li>\n<\/ul>\n","protected":false},"featured_media":4989,"template":"","meta":[],"product_brand":[],"product_cat":[538,512],"product_tag":[],"class_list":{"0":"post-4988","1":"product","2":"type-product","3":"status-publish","4":"has-post-thumbnail","6":"product_cat-utilaje-agricole","7":"product_cat-accesorii-utialje-noi","9":"first","10":"instock","11":"taxable","12":"shipping-taxable","13":"product-type-simple"},"jetpack_sharing_enabled":true,"_links":{"self":[{"href":"https:\/\/agrodiamant.ro\/index.php\/wp-json\/wp\/v2\/product\/4988","targetHints":{"allow":["GET"]}}],"collection":[{"href":"https:\/\/agrodiamant.ro\/index.php\/wp-json\/wp\/v2\/product"}],"about":[{"href":"https:\/\/agrodiamant.ro\/index.php\/wp-json\/wp\/v2\/types\/product"}],"wp:featuredmedia":[{"embeddable":true,"href":"https:\/\/agrodiamant.ro\/index.php\/wp-json\/wp\/v2\/media\/4989"}],"wp:attachment":[{"href":"https:\/\/agrodiamant.ro\/index.php\/wp-json\/wp\/v2\/media?parent=4988"}],"wp:term":[{"taxonomy":"product_brand","embeddable":true,"href":"https:\/\/agrodiamant.ro\/index.php\/wp-json\/wp\/v2\/product_brand?post=4988"},{"taxonomy":"product_cat","embeddable":true,"href":"https:\/\/agrodiamant.ro\/index.php\/wp-json\/wp\/v2\/product_cat?post=4988"},{"taxonomy":"product_tag","embeddable":true,"href":"https:\/\/agrodiamant.ro\/index.php\/wp-json\/wp\/v2\/product_tag?post=4988"}],"curies":[{"name":"wp","href":"https:\/\/api.w.org\/{rel}","templated":true}]}}