{"id":5011,"date":"2025-03-26T14:31:28","date_gmt":"2025-03-26T14:31:28","guid":{"rendered":"https:\/\/agrodiamant.ro\/?post_type=product&#038;p=5011"},"modified":"2025-04-02T12:55:24","modified_gmt":"2025-04-02T12:55:24","slug":"furca-incarcator-crocodil-cu-2-cilindri-si-prindere-euro-pentru-incarcator-frontal-intre-1-2-si-2-2-m","status":"publish","type":"product","link":"https:\/\/agrodiamant.ro\/index.php\/product\/furca-incarcator-crocodil-cu-2-cilindri-si-prindere-euro-pentru-incarcator-frontal-intre-1-2-si-2-2-m\/","title":{"rendered":"Furca \u00eenc\u0103rc\u0103tor crocodil cu 2 cilindri si prindere EURO pentru \u00eenc\u0103rc\u0103tor frontal &#8211; \u00eentre 1.2 \u0219i 2.2 m"},"content":{"rendered":"","protected":false},"excerpt":{"rendered":"<p><strong>L\u0103\u021bimi disponibile:<\/strong><\/p>\n<ul>\n<li>1.2 m<\/li>\n<li>1.4 m<\/li>\n<li>1.6 m<\/li>\n<li>1.8 m<\/li>\n<li>2.0 m<\/li>\n<li>2.2 m<\/li>\n<\/ul>\n<p><strong>Crocodilii sunt echipa\u021bi cu 2 cilindri hidraulici;<\/strong><\/p>\n<p><strong>Distanta intre \u021bepu\u0219e\u00a0este cuprinsa intre 25 si 30 cm;<\/strong><\/p>\n<p><strong>Prindere EURO:<\/strong><\/p>\n<ul>\n<li>distanta intre c\u00e2rligele superioare -mm- 1055<\/li>\n<li>grosime c\u00e2rlig superior -mm- 40<\/li>\n<li>diametru c\u00e2rlig superior -mm- 40<\/li>\n<li>distan\u021ba \u00eentre inelele inferioare -mm- 755<\/li>\n<li>grosime inele inferioare -mm- 15<\/li>\n<li>diametru inel inferior -mm- 25<\/li>\n<\/ul>\n","protected":false},"featured_media":5019,"template":"","meta":[],"product_brand":[],"product_cat":[538,512],"product_tag":[],"class_list":{"0":"post-5011","1":"product","2":"type-product","3":"status-publish","4":"has-post-thumbnail","6":"product_cat-utilaje-agricole","7":"product_cat-accesorii-utialje-noi","9":"first","10":"instock","11":"taxable","12":"shipping-taxable","13":"product-type-simple"},"jetpack_sharing_enabled":true,"_links":{"self":[{"href":"https:\/\/agrodiamant.ro\/index.php\/wp-json\/wp\/v2\/product\/5011","targetHints":{"allow":["GET"]}}],"collection":[{"href":"https:\/\/agrodiamant.ro\/index.php\/wp-json\/wp\/v2\/product"}],"about":[{"href":"https:\/\/agrodiamant.ro\/index.php\/wp-json\/wp\/v2\/types\/product"}],"wp:featuredmedia":[{"embeddable":true,"href":"https:\/\/agrodiamant.ro\/index.php\/wp-json\/wp\/v2\/media\/5019"}],"wp:attachment":[{"href":"https:\/\/agrodiamant.ro\/index.php\/wp-json\/wp\/v2\/media?parent=5011"}],"wp:term":[{"taxonomy":"product_brand","embeddable":true,"href":"https:\/\/agrodiamant.ro\/index.php\/wp-json\/wp\/v2\/product_brand?post=5011"},{"taxonomy":"product_cat","embeddable":true,"href":"https:\/\/agrodiamant.ro\/index.php\/wp-json\/wp\/v2\/product_cat?post=5011"},{"taxonomy":"product_tag","embeddable":true,"href":"https:\/\/agrodiamant.ro\/index.php\/wp-json\/wp\/v2\/product_tag?post=5011"}],"curies":[{"name":"wp","href":"https:\/\/api.w.org\/{rel}","templated":true}]}}