{"id":5030,"date":"2025-03-26T16:40:51","date_gmt":"2025-03-26T16:40:51","guid":{"rendered":"https:\/\/agrodiamant.ro\/?post_type=product&#038;p=5030"},"modified":"2025-04-02T12:54:26","modified_gmt":"2025-04-02T12:54:26","slug":"cupa-simpla-pentru-incarcator-frontal-cu-prindere-euro-latimi-intre-1-2-si-2-4-metri","status":"publish","type":"product","link":"https:\/\/agrodiamant.ro\/index.php\/product\/cupa-simpla-pentru-incarcator-frontal-cu-prindere-euro-latimi-intre-1-2-si-2-4-metri\/","title":{"rendered":"Cupa simpl\u0103 pentru \u00eenc\u0103rc\u0103tor frontal cu prindere EURO &#8211; l\u0103\u021bimi \u00eentre 1.2 \u0219i 2.4 metri"},"content":{"rendered":"","protected":false},"excerpt":{"rendered":"<p><u>AgroDiamant comercializeaz\u0103\u00a0cupe.<\/u><\/p>\n<p><strong>L\u0103\u021bimi disponibile \u0219i volumele aproximative ale acestora:<\/strong><\/p>\n<ul>\n<li>1.2 m &#8211; Volum aprox. 250L<\/li>\n<li>1.4 m &#8211; Volum aprox. 300L<\/li>\n<li>1.6 m &#8211; Volum aprox. 340L<\/li>\n<li>1.8 m &#8211; Volum aprox. 380L<\/li>\n<li>2.0 m &#8211; Volum aprox. 420L<\/li>\n<li>2.2 m &#8211; Volum aprox. 470L<\/li>\n<li>2.4 m &#8211; Volum aprox. 510L<\/li>\n<\/ul>\n<p><strong>Prindere EURO:<\/strong><\/p>\n<ul>\n<li>distanta intre c\u00e2rligele superioare -mm- 1055<\/li>\n<li>grosime c\u00e2rlig superior -mm- 40<\/li>\n<li>diametru c\u00e2rlig superior -mm- 40<\/li>\n<li>distan\u021ba \u00eentre inelele inferioare -mm- 755<\/li>\n<li>grosime inele inferioare -mm- 15<\/li>\n<li>diametru inel inferior -mm- 25<\/li>\n<\/ul>\n","protected":false},"featured_media":5035,"template":"","meta":[],"product_brand":[],"product_cat":[538,512],"product_tag":[],"class_list":{"0":"post-5030","1":"product","2":"type-product","3":"status-publish","4":"has-post-thumbnail","6":"product_cat-utilaje-agricole","7":"product_cat-accesorii-utialje-noi","9":"first","10":"instock","11":"taxable","12":"shipping-taxable","13":"product-type-simple"},"jetpack_sharing_enabled":true,"_links":{"self":[{"href":"https:\/\/agrodiamant.ro\/index.php\/wp-json\/wp\/v2\/product\/5030","targetHints":{"allow":["GET"]}}],"collection":[{"href":"https:\/\/agrodiamant.ro\/index.php\/wp-json\/wp\/v2\/product"}],"about":[{"href":"https:\/\/agrodiamant.ro\/index.php\/wp-json\/wp\/v2\/types\/product"}],"wp:featuredmedia":[{"embeddable":true,"href":"https:\/\/agrodiamant.ro\/index.php\/wp-json\/wp\/v2\/media\/5035"}],"wp:attachment":[{"href":"https:\/\/agrodiamant.ro\/index.php\/wp-json\/wp\/v2\/media?parent=5030"}],"wp:term":[{"taxonomy":"product_brand","embeddable":true,"href":"https:\/\/agrodiamant.ro\/index.php\/wp-json\/wp\/v2\/product_brand?post=5030"},{"taxonomy":"product_cat","embeddable":true,"href":"https:\/\/agrodiamant.ro\/index.php\/wp-json\/wp\/v2\/product_cat?post=5030"},{"taxonomy":"product_tag","embeddable":true,"href":"https:\/\/agrodiamant.ro\/index.php\/wp-json\/wp\/v2\/product_tag?post=5030"}],"curies":[{"name":"wp","href":"https:\/\/api.w.org\/{rel}","templated":true}]}}