{"id":5044,"date":"2025-03-26T17:03:02","date_gmt":"2025-03-26T17:03:02","guid":{"rendered":"https:\/\/agrodiamant.ro\/?post_type=product&#038;p=5044"},"modified":"2026-01-29T13:24:21","modified_gmt":"2026-01-29T13:24:21","slug":"cleste-hidraulic-pentru-baloti-cu-1-cilindru-euro-masz-pentru-incarcatoare-frontale-cu-prindere-euro-copie","status":"publish","type":"product","link":"https:\/\/agrodiamant.ro\/index.php\/product\/cleste-hidraulic-pentru-baloti-cu-1-cilindru-euro-masz-pentru-incarcatoare-frontale-cu-prindere-euro-copie\/","title":{"rendered":"Cleste Hidraulic pentru balo\u021bi cu 1 cilindru EURO-MASZ pentru \u00eenc\u0103rc\u0103toare frontale cu prindere EURO"},"content":{"rendered":"","protected":false},"excerpt":{"rendered":"<p><u>AgroDiamant este dealer EURO-MASZ.<\/u>\u00a0Distribuim produsele acestora, reu\u0219ind s\u0103 oferim asisten\u021b\u0103 tehnic\u0103 precum \u0219i piese de schimb pentru utilajele acestora. Pe site-ul nostru g\u0103si\u021bi o parte din oferta produc\u0103torul polonez.<\/p>\n<p><strong>EURO-MASZ &#8211; Cle\u0219te Hidraulic pentru baloti cu 1 cilindru,<\/strong>\u00a0\u00een oferta noastr\u0103 g\u0103si\u021bi \u0219i\u00a0<strong><a href=\"https:\/\/agrodiamant.ro\/index.php\/product\/euro-masz-cleste-hidraulic-pentru-baloti-cu-2-cilindri-pentru-incarcatoare-frontale-cu-prindere-euro\/\">cle\u0219te hidraulic pentru balo\u021bi cu 2 cilindri<\/a><\/strong>.<\/p>\n<p style=\"margin-top: 0cm; background: white;\"><b><span lang=\"EN-US\" style=\"font-size: 13.0pt; font-family: Roboto; color: red;\">Pentru a se potrivi cu cuplele \u00eenc\u0103rc\u0103torului dumneavoastr\u0103, \u00een momentul \u00een care ne suna\u021bi \u0219i plasa\u021bi comanda preciza\u021bi-ne ce tip de cuplaje dori\u021bi sa aib\u0103 utilajul (Mo\u0219 sau Bab\u0103). Altminteri acesta va fi echipat STANDARD, cu perechea de cuple oferita de c\u0103tre produc\u0103tor \u0219i schimbarea lor ulterioar\u0103 nu va mai fi posibil\u0103.<\/span><\/b><\/p>\n","protected":false},"featured_media":5045,"template":"","meta":[],"product_brand":[],"product_cat":[538,512],"product_tag":[],"class_list":{"0":"post-5044","1":"product","2":"type-product","3":"status-publish","4":"has-post-thumbnail","6":"product_cat-utilaje-agricole","7":"product_cat-accesorii-utialje-noi","9":"first","10":"instock","11":"taxable","12":"shipping-taxable","13":"product-type-simple"},"jetpack_sharing_enabled":true,"_links":{"self":[{"href":"https:\/\/agrodiamant.ro\/index.php\/wp-json\/wp\/v2\/product\/5044","targetHints":{"allow":["GET"]}}],"collection":[{"href":"https:\/\/agrodiamant.ro\/index.php\/wp-json\/wp\/v2\/product"}],"about":[{"href":"https:\/\/agrodiamant.ro\/index.php\/wp-json\/wp\/v2\/types\/product"}],"wp:featuredmedia":[{"embeddable":true,"href":"https:\/\/agrodiamant.ro\/index.php\/wp-json\/wp\/v2\/media\/5045"}],"wp:attachment":[{"href":"https:\/\/agrodiamant.ro\/index.php\/wp-json\/wp\/v2\/media?parent=5044"}],"wp:term":[{"taxonomy":"product_brand","embeddable":true,"href":"https:\/\/agrodiamant.ro\/index.php\/wp-json\/wp\/v2\/product_brand?post=5044"},{"taxonomy":"product_cat","embeddable":true,"href":"https:\/\/agrodiamant.ro\/index.php\/wp-json\/wp\/v2\/product_cat?post=5044"},{"taxonomy":"product_tag","embeddable":true,"href":"https:\/\/agrodiamant.ro\/index.php\/wp-json\/wp\/v2\/product_tag?post=5044"}],"curies":[{"name":"wp","href":"https:\/\/api.w.org\/{rel}","templated":true}]}}