{"id":5057,"date":"2025-03-26T17:25:11","date_gmt":"2025-03-26T17:25:11","guid":{"rendered":"https:\/\/agrodiamant.ro\/?post_type=product&#038;p=5057"},"modified":"2025-04-02T12:53:08","modified_gmt":"2025-04-02T12:53:08","slug":"infoliator-de-baloti-strumyk-pentru-baloti-rotunzi","status":"publish","type":"product","link":"https:\/\/agrodiamant.ro\/index.php\/product\/infoliator-de-baloti-strumyk-pentru-baloti-rotunzi\/","title":{"rendered":"\u00cenfoliator de balo\u021bi STRUMYK pentru balo\u021bi rotunzi"},"content":{"rendered":"","protected":false},"excerpt":{"rendered":"<p><u>AgroDiamant comercializeaza \u00eenflolaitoare pentru baloti rotunzi STRUMYK.<\/u> Distribuim aceste utilaje, reu\u0219ind s\u0103 oferim asisten\u021b\u0103 tehnic\u0103 precum \u0219i piese de schimb.<\/p>\n<p><strong>Caracteristici tehnice<\/strong><\/p>\n<ul>\n<li>Capabil sa \u00eenfolieze\u00a0baloti cu diametre cuprinse intre 1 si 1.7m;<\/li>\n<li>Utilizeaz\u0103 folie lata de 50\/75cm &#8211; disponibil\u0103 \u00een magazinul nostru;<\/li>\n<li>Masa utilajului -kg- 480;<\/li>\n<li>Ac\u021bionat\u00a0hidraulic;<\/li>\n<li>Masa basculanta pentru balot controlata din tiran\u021bi;<\/li>\n<li>Bol\u021b\u00a0de blocare a\u00a0bascul\u0103rii\u00a0pentru transport in\u00a0siguran\u021b\u0103;<\/li>\n<li>Num\u0103r\u0103tor electronic al rota\u021biilor baloturi;<\/li>\n<li>T\u0103ietor de folie;<\/li>\n<li>Rulmen\u021bi f\u0103r\u0103 \u00eentre\u021binere;<\/li>\n<li>Cadru solid cu prindere la tractor in 3 puncte CAT II;<\/li>\n<li>Distribuitor folie universal 500 &#8211; 700 mm cu rulouri moletate din aluminiu;<\/li>\n<\/ul>\n","protected":false},"featured_media":5058,"template":"","meta":[],"product_brand":[],"product_cat":[538,513],"product_tag":[],"class_list":{"0":"post-5057","1":"product","2":"type-product","3":"status-publish","4":"has-post-thumbnail","6":"product_cat-utilaje-agricole","7":"product_cat-alte-utilaje-noi","9":"first","10":"instock","11":"taxable","12":"shipping-taxable","13":"product-type-simple"},"jetpack_sharing_enabled":true,"_links":{"self":[{"href":"https:\/\/agrodiamant.ro\/index.php\/wp-json\/wp\/v2\/product\/5057","targetHints":{"allow":["GET"]}}],"collection":[{"href":"https:\/\/agrodiamant.ro\/index.php\/wp-json\/wp\/v2\/product"}],"about":[{"href":"https:\/\/agrodiamant.ro\/index.php\/wp-json\/wp\/v2\/types\/product"}],"wp:featuredmedia":[{"embeddable":true,"href":"https:\/\/agrodiamant.ro\/index.php\/wp-json\/wp\/v2\/media\/5058"}],"wp:attachment":[{"href":"https:\/\/agrodiamant.ro\/index.php\/wp-json\/wp\/v2\/media?parent=5057"}],"wp:term":[{"taxonomy":"product_brand","embeddable":true,"href":"https:\/\/agrodiamant.ro\/index.php\/wp-json\/wp\/v2\/product_brand?post=5057"},{"taxonomy":"product_cat","embeddable":true,"href":"https:\/\/agrodiamant.ro\/index.php\/wp-json\/wp\/v2\/product_cat?post=5057"},{"taxonomy":"product_tag","embeddable":true,"href":"https:\/\/agrodiamant.ro\/index.php\/wp-json\/wp\/v2\/product_tag?post=5057"}],"curies":[{"name":"wp","href":"https:\/\/api.w.org\/{rel}","templated":true}]}}