{"id":5066,"date":"2025-03-26T17:48:06","date_gmt":"2025-03-26T17:48:06","guid":{"rendered":"https:\/\/agrodiamant.ro\/?post_type=product&#038;p=5066"},"modified":"2025-04-02T12:52:40","modified_gmt":"2025-04-02T12:52:40","slug":"masina-de-scos-cartof-si-radacinoase-pe-1-rand-cu-descarcare-in-lateral-bomet-ursa","status":"publish","type":"product","link":"https:\/\/agrodiamant.ro\/index.php\/product\/masina-de-scos-cartof-si-radacinoase-pe-1-rand-cu-descarcare-in-lateral-bomet-ursa\/","title":{"rendered":"Ma\u0219in\u0103 de scos cartof \u0219i r\u0103d\u0103cinoase pe 1 r\u00e2nd cu desc\u0103rcare \u00een lateral BOMET URSA"},"content":{"rendered":"","protected":false},"excerpt":{"rendered":"<p><u>AgroDiamant comercializeaza echipamante BOMET.<\/u>\u00a0Distribuim produsele acestora, reu\u0219ind s\u0103 oferim asisten\u021b\u0103 tehnic\u0103 precum \u0219i piese de schimb. Pe site-ul nostru g\u0103si\u021bi o parte din oferta produc\u0103torul polonez.<\/p>\n<p>Utilajul este conceput pentru recoltarea cartofului, sfeclei, morcovului \u0219i alte culturi r\u0103d\u0103cinoase. Este conceput pentru a fi utilizat pe planta\u021bii mici cu soluri u\u0219oare sau mediu compactate. Utilizarea in soluri pietroase sau bogate in reziduuri de plante este de evitat.<\/p>\n<p><strong>Caracteristici tehnice<\/strong><\/p>\n<ul>\n<li>Nr de r\u00e2nduri\u00a0&#8211; 1<\/li>\n<li>Adancime de lucru -cm- pana la 20<\/li>\n<li>Latime de lucru -cm- 56<\/li>\n<li>Masa utilajului -kg- 245<\/li>\n<li>Putere -CP- 10<\/li>\n<\/ul>\n<p><strong>Modul de func\u021bionare<\/strong><\/p>\n<p>Dou\u0103 br\u0103zdare cu discuri laterale extrag\u00a0plantele din sol, si le conduc c\u0103tre\u00a0gr\u0103tarele\u00a0de cernere. Dou\u0103 gr\u0103tare\/site de cernere, care se deplaseaz\u0103 \u00een direc\u021bii opuse, \u00eendep\u0103rteaz\u0103 solul si a\u0219az\u0103\u00a0recolta \u00een r\u00e2ndurile \u00eenguste in lateralul ma\u0219inii.<\/p>\n<p>Testele realizate de c\u0103tre\u00a0produc\u0103tor\u00a0au demonstrat ca utilajul are un indice de deteriorare a cartofului la recoltare foarte sc\u0103zut.<\/p>\n","protected":false},"featured_media":5072,"template":"","meta":[],"product_brand":[],"product_cat":[538,525,505],"product_tag":[],"class_list":{"0":"post-5066","1":"product","2":"type-product","3":"status-publish","4":"has-post-thumbnail","6":"product_cat-utilaje-agricole","7":"product_cat-extraxtoare-legum-utilaje-noi","8":"product_cat-masini-legumicole","10":"first","11":"instock","12":"taxable","13":"shipping-taxable","14":"product-type-simple"},"jetpack_sharing_enabled":true,"_links":{"self":[{"href":"https:\/\/agrodiamant.ro\/index.php\/wp-json\/wp\/v2\/product\/5066","targetHints":{"allow":["GET"]}}],"collection":[{"href":"https:\/\/agrodiamant.ro\/index.php\/wp-json\/wp\/v2\/product"}],"about":[{"href":"https:\/\/agrodiamant.ro\/index.php\/wp-json\/wp\/v2\/types\/product"}],"wp:featuredmedia":[{"embeddable":true,"href":"https:\/\/agrodiamant.ro\/index.php\/wp-json\/wp\/v2\/media\/5072"}],"wp:attachment":[{"href":"https:\/\/agrodiamant.ro\/index.php\/wp-json\/wp\/v2\/media?parent=5066"}],"wp:term":[{"taxonomy":"product_brand","embeddable":true,"href":"https:\/\/agrodiamant.ro\/index.php\/wp-json\/wp\/v2\/product_brand?post=5066"},{"taxonomy":"product_cat","embeddable":true,"href":"https:\/\/agrodiamant.ro\/index.php\/wp-json\/wp\/v2\/product_cat?post=5066"},{"taxonomy":"product_tag","embeddable":true,"href":"https:\/\/agrodiamant.ro\/index.php\/wp-json\/wp\/v2\/product_tag?post=5066"}],"curies":[{"name":"wp","href":"https:\/\/api.w.org\/{rel}","templated":true}]}}