{"id":5083,"date":"2025-03-26T18:25:18","date_gmt":"2025-03-26T18:25:18","guid":{"rendered":"https:\/\/agrodiamant.ro\/?post_type=product&#038;p=5083"},"modified":"2025-04-02T12:51:23","modified_gmt":"2025-04-02T12:51:23","slug":"akpil-kartoffel-combina-pentru-recoltarea-cartofului-si-altor-radacinoase","status":"publish","type":"product","link":"https:\/\/agrodiamant.ro\/index.php\/product\/akpil-kartoffel-combina-pentru-recoltarea-cartofului-si-altor-radacinoase\/","title":{"rendered":"AKPIL KARTOFFEL &#8211; Combin\u0103 pentru recoltarea cartofului \u0219i altor r\u0103d\u0103cinoase"},"content":{"rendered":"","protected":false},"excerpt":{"rendered":"<p><u>AgroDiamant este dealer AKPIL.<\/u>\u00a0Distribuim produsele acestora, reu\u0219ind s\u0103 oferim asisten\u021b\u0103 tehnic\u0103 precum \u0219i piese de schimb pentru acestea. Pe site-ul nostru g\u0103si\u021bi o parte din oferta produc\u0103torul polonez. \u00centreaga gam\u0103 de produse AKPIL o pute\u021bi vedea d\u00e2nd\u00a0<a href=\"https:\/\/www.akpil.pl\/en\/agricultural-machinery\/\">click aici<\/a>. Putem aduce pe comanda orice utilaj din oferta acestora.<\/p>\n<p style=\"margin-top: 0cm; background: white;\"><b><span lang=\"EN-US\" style=\"font-size: 13.0pt; font-family: Roboto; color: red;\"><strong>Acest utilaj se aduce doar pe baz\u0103 de comand\u0103.<\/strong><\/span><\/b><\/p>\n<p><strong>Componentele \u0219i modul de sortare<\/strong><\/p>\n<p>Elemente ac\u021bionate mecanic prin priza de putere (PTO)<\/p>\n<ul>\n<li>\u2212 centura de cernere\u00a0<strong>\u00a0(1)\u00a0<\/strong><\/li>\n<li>\u2212 al doilea transportor\u00a0<strong>\u00a0(2)\u00a0<\/strong><\/li>\n<li>\u2212 separator de tulpina\u00a0<strong>\u00a0(3)\u00a0<\/strong><\/li>\n<li>\u2212 primul separator\u00a0<strong>\u00a0(4)\u00a0<\/strong><\/li>\n<\/ul>\n<p>Elemente ac\u021bionate hidraulic prin sistemul hidraulic independent:<\/p>\n<ul>\n<li>\u2212 role de admisie\u00a0<strong>\u00a0(5)\u00a0<\/strong><\/li>\n<li>\u2212 transportor cu tije\u00a0<strong>\u00a0(6)\u00a0<\/strong><\/li>\n<li>\u2212 rola de admisie\u00a0<strong>\u00a0(7)\u00a0<\/strong><\/li>\n<li>\u2212 al doilea separator\u00a0<strong>\u00a0(8)\u00a0<\/strong><\/li>\n<li>\u2212 transportor de de\u0219euri cu transportor selectiv\u00a0<strong>\u00a0(9)\u00a0<\/strong>\u00a0\u00a0(10)<\/li>\n<li>\u2212 sortator 1. \u0219i 2. cu cate 4 r\u00e2nduri de role\u00a0<strong>\u00a0(11)\u00a0<\/strong><\/li>\n<li>\u2212 transportor de admisie\u00a0<strong>\u00a0(12)\u00a0<\/strong><\/li>\n<li>\u2212 transportorul bunc\u0103rului de cartofi\u00a0<strong>\u00a0(13)\u00a0<\/strong><\/li>\n<\/ul>\n<p>Reglarea vitezei hidraulice se poate face la:<\/p>\n<ul>\n<li>\u2212 role de admisie cu transportor cu tije\u00a0<strong>\u00a0(5)\u00a0<\/strong>\u00a0<strong>\u00a0(6)\u00a0<\/strong><\/li>\n<li>\u2212 role de admisie cu al doilea separator\u00a0<strong>\u00a0(7)\u00a0<\/strong>\u00a0<strong>\u00a0(8)\u00a0<\/strong><\/li>\n<li>\u2212 transportor de de\u0219euri cu transportor selectiv\u00a0<strong>\u00a0(9)\u00a0<\/strong>\u00a0<strong>\u00a0(10)\u00a0<\/strong><\/li>\n<\/ul>\n","protected":false},"featured_media":5094,"template":"","meta":[],"product_brand":[],"product_cat":[538,525,505],"product_tag":[],"class_list":{"0":"post-5083","1":"product","2":"type-product","3":"status-publish","4":"has-post-thumbnail","6":"product_cat-utilaje-agricole","7":"product_cat-extraxtoare-legum-utilaje-noi","8":"product_cat-masini-legumicole","10":"first","11":"instock","12":"taxable","13":"shipping-taxable","14":"product-type-simple"},"jetpack_sharing_enabled":true,"_links":{"self":[{"href":"https:\/\/agrodiamant.ro\/index.php\/wp-json\/wp\/v2\/product\/5083","targetHints":{"allow":["GET"]}}],"collection":[{"href":"https:\/\/agrodiamant.ro\/index.php\/wp-json\/wp\/v2\/product"}],"about":[{"href":"https:\/\/agrodiamant.ro\/index.php\/wp-json\/wp\/v2\/types\/product"}],"wp:featuredmedia":[{"embeddable":true,"href":"https:\/\/agrodiamant.ro\/index.php\/wp-json\/wp\/v2\/media\/5094"}],"wp:attachment":[{"href":"https:\/\/agrodiamant.ro\/index.php\/wp-json\/wp\/v2\/media?parent=5083"}],"wp:term":[{"taxonomy":"product_brand","embeddable":true,"href":"https:\/\/agrodiamant.ro\/index.php\/wp-json\/wp\/v2\/product_brand?post=5083"},{"taxonomy":"product_cat","embeddable":true,"href":"https:\/\/agrodiamant.ro\/index.php\/wp-json\/wp\/v2\/product_cat?post=5083"},{"taxonomy":"product_tag","embeddable":true,"href":"https:\/\/agrodiamant.ro\/index.php\/wp-json\/wp\/v2\/product_tag?post=5083"}],"curies":[{"name":"wp","href":"https:\/\/api.w.org\/{rel}","templated":true}]}}