{"id":5104,"date":"2025-03-27T07:25:32","date_gmt":"2025-03-27T07:25:32","guid":{"rendered":"https:\/\/agrodiamant.ro\/?post_type=product&#038;p=5104"},"modified":"2025-04-02T12:51:00","modified_gmt":"2025-04-02T12:51:00","slug":"masina-de-scos-cartofi-sau-ceapa-pe-2-randuri-akpil-bulwa-ii","status":"publish","type":"product","link":"https:\/\/agrodiamant.ro\/index.php\/product\/masina-de-scos-cartofi-sau-ceapa-pe-2-randuri-akpil-bulwa-ii\/","title":{"rendered":"Ma\u0219in\u0103 de scos cartofi sau ceap\u0103 pe 2 r\u00e2nduri AKPIL BULWA II"},"content":{"rendered":"","protected":false},"excerpt":{"rendered":"<p><u>AgroDiamant este dealer AKPIL.<\/u>\u00a0Distribuim produsele acestora, reu\u0219ind s\u0103 oferim asisten\u021b\u0103 tehnic\u0103 precum \u0219i piese de schimb pentru acestea. Pe site-ul nostru g\u0103si\u021bi o parte din oferta produc\u0103torul polonez. \u00centreaga gam\u0103 de produse AKPIL o pute\u021bi vedea d\u00e2nd\u00a0<a href=\"https:\/\/www.akpil.pl\/en\/agricultural-machinery\/\">click aici<\/a>. Putem aduce pe comanda orice utilaj din oferta acestora.<\/p>\n<p><strong>Caracteristici tehnice<\/strong><\/p>\n<ul>\n<li>Lungime banda transportoare pentru ma\u0219ina cu o band\u0103 -mm- 1740;<\/li>\n<li>Lungime banda transportoare pentru ma\u0219ina cu dou\u0103 benzi -mm- 2640;<\/li>\n<li>Putere -CP- 35;<\/li>\n<li>Latime de lucru -cm- 150;<\/li>\n<li>Distanta intre randuri -cm- 62.5 &#8211; 67.5;<\/li>\n<\/ul>\n","protected":false},"featured_media":5105,"template":"","meta":[],"product_brand":[],"product_cat":[538,525,505],"product_tag":[],"class_list":{"0":"post-5104","1":"product","2":"type-product","3":"status-publish","4":"has-post-thumbnail","6":"product_cat-utilaje-agricole","7":"product_cat-extraxtoare-legum-utilaje-noi","8":"product_cat-masini-legumicole","10":"first","11":"instock","12":"taxable","13":"shipping-taxable","14":"product-type-simple"},"jetpack_sharing_enabled":true,"_links":{"self":[{"href":"https:\/\/agrodiamant.ro\/index.php\/wp-json\/wp\/v2\/product\/5104","targetHints":{"allow":["GET"]}}],"collection":[{"href":"https:\/\/agrodiamant.ro\/index.php\/wp-json\/wp\/v2\/product"}],"about":[{"href":"https:\/\/agrodiamant.ro\/index.php\/wp-json\/wp\/v2\/types\/product"}],"wp:featuredmedia":[{"embeddable":true,"href":"https:\/\/agrodiamant.ro\/index.php\/wp-json\/wp\/v2\/media\/5105"}],"wp:attachment":[{"href":"https:\/\/agrodiamant.ro\/index.php\/wp-json\/wp\/v2\/media?parent=5104"}],"wp:term":[{"taxonomy":"product_brand","embeddable":true,"href":"https:\/\/agrodiamant.ro\/index.php\/wp-json\/wp\/v2\/product_brand?post=5104"},{"taxonomy":"product_cat","embeddable":true,"href":"https:\/\/agrodiamant.ro\/index.php\/wp-json\/wp\/v2\/product_cat?post=5104"},{"taxonomy":"product_tag","embeddable":true,"href":"https:\/\/agrodiamant.ro\/index.php\/wp-json\/wp\/v2\/product_tag?post=5104"}],"curies":[{"name":"wp","href":"https:\/\/api.w.org\/{rel}","templated":true}]}}