{"id":5122,"date":"2025-03-27T07:51:38","date_gmt":"2025-03-27T07:51:38","guid":{"rendered":"https:\/\/agrodiamant.ro\/?post_type=product&#038;p=5122"},"modified":"2025-04-02T12:49:40","modified_gmt":"2025-04-02T12:49:40","slug":"masina-de-plantat-cartof-poloneza-pe-2-randuri-cu-fertilizare","status":"publish","type":"product","link":"https:\/\/agrodiamant.ro\/index.php\/product\/masina-de-plantat-cartof-poloneza-pe-2-randuri-cu-fertilizare\/","title":{"rendered":"Ma\u0219in\u0103 de plantat cartof polonez\u0103 pe 2 r\u00e2nduri cu fertilizare"},"content":{"rendered":"","protected":false},"excerpt":{"rendered":"<p><u>AgroDiamant comercializeaza Plantator de cartof pe 2 randuri.<\/u><\/p>\n","protected":false},"featured_media":5130,"template":"","meta":[],"product_brand":[],"product_cat":[538,524,505],"product_tag":[],"class_list":{"0":"post-5122","1":"product","2":"type-product","3":"status-publish","4":"has-post-thumbnail","6":"product_cat-utilaje-agricole","7":"product_cat-plantatoare-utilaje-noi","8":"product_cat-masini-legumicole","10":"first","11":"instock","12":"taxable","13":"shipping-taxable","14":"product-type-simple"},"jetpack_sharing_enabled":true,"_links":{"self":[{"href":"https:\/\/agrodiamant.ro\/index.php\/wp-json\/wp\/v2\/product\/5122","targetHints":{"allow":["GET"]}}],"collection":[{"href":"https:\/\/agrodiamant.ro\/index.php\/wp-json\/wp\/v2\/product"}],"about":[{"href":"https:\/\/agrodiamant.ro\/index.php\/wp-json\/wp\/v2\/types\/product"}],"wp:featuredmedia":[{"embeddable":true,"href":"https:\/\/agrodiamant.ro\/index.php\/wp-json\/wp\/v2\/media\/5130"}],"wp:attachment":[{"href":"https:\/\/agrodiamant.ro\/index.php\/wp-json\/wp\/v2\/media?parent=5122"}],"wp:term":[{"taxonomy":"product_brand","embeddable":true,"href":"https:\/\/agrodiamant.ro\/index.php\/wp-json\/wp\/v2\/product_brand?post=5122"},{"taxonomy":"product_cat","embeddable":true,"href":"https:\/\/agrodiamant.ro\/index.php\/wp-json\/wp\/v2\/product_cat?post=5122"},{"taxonomy":"product_tag","embeddable":true,"href":"https:\/\/agrodiamant.ro\/index.php\/wp-json\/wp\/v2\/product_tag?post=5122"}],"curies":[{"name":"wp","href":"https:\/\/api.w.org\/{rel}","templated":true}]}}