{"id":5131,"date":"2025-03-27T08:03:42","date_gmt":"2025-03-27T08:03:42","guid":{"rendered":"https:\/\/agrodiamant.ro\/?post_type=product&#038;p=5131"},"modified":"2025-04-02T12:49:15","modified_gmt":"2025-04-02T12:49:15","slug":"akpil-power-plant-plantator-de-cartof-profesional","status":"publish","type":"product","link":"https:\/\/agrodiamant.ro\/index.php\/product\/akpil-power-plant-plantator-de-cartof-profesional\/","title":{"rendered":"AKPIL POWER PLANT &#8211; Plantator de cartof profesional"},"content":{"rendered":"","protected":false},"excerpt":{"rendered":"<p><u>AgroDiamant este dealer AKPIL.<\/u>\u00a0Distribuim produsele acestora, reu\u0219ind s\u0103 oferim asisten\u021b\u0103 tehnic\u0103 precum \u0219i piese de schimb pentru utilaje. Pe site-ul nostru g\u0103si\u021bi o parte din oferta produc\u0103torul polonez. \u00centreaga gam\u0103 de produse AKPIL o pute\u021bi vedea d\u00e2nd\u00a0<a href=\"https:\/\/www.akpil.pl\/en\/agricultural-machinery\/\">click aici<\/a>. Putem aduce pe comanda orice utilaj din oferta acestora.<\/p>\n<p><strong>Plantatorul de cartof POWER PLANT<\/strong> este solu\u021bia\u00a0oferit\u0103 de c\u0103tre\u00a0cei de la AKPIL in vederea rezolv\u0103rii\u00a0problemei \u00eens\u0103m\u00e2n\u021b\u0103rii\u00a0cartofului. Pe 2 sau pe 4 r\u00e2nduri echipat STANDARD livreaz\u0103\u00a0o plantare precisa si eficienta. Produc\u0103torul ofer\u0103\u00a0o gama larga de echip\u0103ri\u00a0op\u021bionale in vederea integr\u0103rii\u00a0mai multor lucr\u0103ri\u00a0agricole \u00eentr-o singura trecere.<\/p>\n<p><b><span lang=\"EN-US\" style=\"font-size: 13.0pt; font-family: Roboto; color: red;\"><strong>Doar\u00a0<strong>plantatorul\u00a0cu volumul bunc\u0103rului\u00a0de 2240 litri, echipat cu pro\u021bap\u00a0si 4 sec\u021bii<\/strong>\u00a0poate fi echipat cu\u00a0<strong>frez\u0103 rotativ\u0103<\/strong><\/strong><\/span><\/b><\/p>\n<p><em><strong>Odat\u0103 echipat cu freza rotativa vom avea urm\u0103toarele caracteristici tehnice:<\/strong><\/em><\/p>\n<ul>\n<li>Necesar de putere -CP- 160;<\/li>\n<li>Masa agregatului -kg- 3350;<\/li>\n<li>Bunc\u0103r semin\u021be hidraulic;<\/li>\n<\/ul>\n","protected":false},"featured_media":5138,"template":"","meta":[],"product_brand":[],"product_cat":[538,524,505],"product_tag":[],"class_list":{"0":"post-5131","1":"product","2":"type-product","3":"status-publish","4":"has-post-thumbnail","6":"product_cat-utilaje-agricole","7":"product_cat-plantatoare-utilaje-noi","8":"product_cat-masini-legumicole","10":"first","11":"instock","12":"taxable","13":"shipping-taxable","14":"product-type-simple"},"jetpack_sharing_enabled":true,"_links":{"self":[{"href":"https:\/\/agrodiamant.ro\/index.php\/wp-json\/wp\/v2\/product\/5131","targetHints":{"allow":["GET"]}}],"collection":[{"href":"https:\/\/agrodiamant.ro\/index.php\/wp-json\/wp\/v2\/product"}],"about":[{"href":"https:\/\/agrodiamant.ro\/index.php\/wp-json\/wp\/v2\/types\/product"}],"wp:featuredmedia":[{"embeddable":true,"href":"https:\/\/agrodiamant.ro\/index.php\/wp-json\/wp\/v2\/media\/5138"}],"wp:attachment":[{"href":"https:\/\/agrodiamant.ro\/index.php\/wp-json\/wp\/v2\/media?parent=5131"}],"wp:term":[{"taxonomy":"product_brand","embeddable":true,"href":"https:\/\/agrodiamant.ro\/index.php\/wp-json\/wp\/v2\/product_brand?post=5131"},{"taxonomy":"product_cat","embeddable":true,"href":"https:\/\/agrodiamant.ro\/index.php\/wp-json\/wp\/v2\/product_cat?post=5131"},{"taxonomy":"product_tag","embeddable":true,"href":"https:\/\/agrodiamant.ro\/index.php\/wp-json\/wp\/v2\/product_tag?post=5131"}],"curies":[{"name":"wp","href":"https:\/\/api.w.org\/{rel}","templated":true}]}}