{"id":5143,"date":"2025-03-27T08:30:00","date_gmt":"2025-03-27T08:30:00","guid":{"rendered":"https:\/\/agrodiamant.ro\/?post_type=product&#038;p=5143"},"modified":"2025-04-02T12:48:57","modified_gmt":"2025-04-02T12:48:57","slug":"plantator-de-rasad-pe-2-randuri","status":"publish","type":"product","link":"https:\/\/agrodiamant.ro\/index.php\/product\/plantator-de-rasad-pe-2-randuri\/","title":{"rendered":"Plantator de r\u0103sad pe 2 r\u00e2nduri"},"content":{"rendered":"","protected":false},"excerpt":{"rendered":"<p><u>AgroDiamant comercializeaza Plantator de rasad pe 2 randuri.<\/u><\/p>\n<p><strong><u>Ma\u0219in\u0103 de plantat r\u0103sad pe 2 r\u00e2nduri<\/u><\/strong>\u00a0este echipata cu:<\/p>\n<ul>\n<li>suport pentru r\u0103saduri;<\/li>\n<li>roti de copiere a terenului metalice;<\/li>\n<li>sistem de bilonare cu dozator manual de rasad<\/li>\n<li>prindere la tractor in 3 puncte;<\/li>\n<li>Fabricata in Polonia.<\/li>\n<\/ul>\n","protected":false},"featured_media":5147,"template":"","meta":[],"product_brand":[],"product_cat":[538,524,505],"product_tag":[],"class_list":{"0":"post-5143","1":"product","2":"type-product","3":"status-publish","4":"has-post-thumbnail","6":"product_cat-utilaje-agricole","7":"product_cat-plantatoare-utilaje-noi","8":"product_cat-masini-legumicole","10":"first","11":"instock","12":"taxable","13":"shipping-taxable","14":"product-type-simple"},"jetpack_sharing_enabled":true,"_links":{"self":[{"href":"https:\/\/agrodiamant.ro\/index.php\/wp-json\/wp\/v2\/product\/5143","targetHints":{"allow":["GET"]}}],"collection":[{"href":"https:\/\/agrodiamant.ro\/index.php\/wp-json\/wp\/v2\/product"}],"about":[{"href":"https:\/\/agrodiamant.ro\/index.php\/wp-json\/wp\/v2\/types\/product"}],"wp:featuredmedia":[{"embeddable":true,"href":"https:\/\/agrodiamant.ro\/index.php\/wp-json\/wp\/v2\/media\/5147"}],"wp:attachment":[{"href":"https:\/\/agrodiamant.ro\/index.php\/wp-json\/wp\/v2\/media?parent=5143"}],"wp:term":[{"taxonomy":"product_brand","embeddable":true,"href":"https:\/\/agrodiamant.ro\/index.php\/wp-json\/wp\/v2\/product_brand?post=5143"},{"taxonomy":"product_cat","embeddable":true,"href":"https:\/\/agrodiamant.ro\/index.php\/wp-json\/wp\/v2\/product_cat?post=5143"},{"taxonomy":"product_tag","embeddable":true,"href":"https:\/\/agrodiamant.ro\/index.php\/wp-json\/wp\/v2\/product_tag?post=5143"}],"curies":[{"name":"wp","href":"https:\/\/api.w.org\/{rel}","templated":true}]}}