{"id":5173,"date":"2025-03-27T09:18:25","date_gmt":"2025-03-27T09:18:25","guid":{"rendered":"https:\/\/agrodiamant.ro\/?post_type=product&#038;p=5173"},"modified":"2025-12-04T11:03:59","modified_gmt":"2025-12-04T11:03:59","slug":"distribuitor-de-ingrasamant-600l-coif-tabla-zincata","status":"publish","type":"product","link":"https:\/\/agrodiamant.ro\/index.php\/product\/distribuitor-de-ingrasamant-600l-coif-tabla-zincata\/","title":{"rendered":"Distribuitor de \u00eengr\u0103\u0219\u0103m\u00e2nt 600L coif tabl\u0103 zincat\u0103"},"content":{"rendered":"","protected":false},"excerpt":{"rendered":"<p><u>AgroDiamant comercializeaz\u0103 MIG-uri 600l cu bunc\u0103r stil coif fabricat din tabl\u0103 zincat\u0103.<\/u>\u00a0Distribuim aceste produse reu\u0219ind s\u0103 oferim asisten\u021b\u0103 tehnic\u0103 precum \u0219i piese de schimb.<\/p>\n","protected":false},"featured_media":5175,"template":"","meta":[],"product_brand":[],"product_cat":[538,507],"product_tag":[],"class_list":{"0":"post-5173","1":"product","2":"type-product","3":"status-publish","4":"has-post-thumbnail","6":"product_cat-utilaje-agricole","7":"product_cat-mig-utilaje-noi","9":"first","10":"instock","11":"taxable","12":"shipping-taxable","13":"product-type-simple"},"jetpack_sharing_enabled":true,"_links":{"self":[{"href":"https:\/\/agrodiamant.ro\/index.php\/wp-json\/wp\/v2\/product\/5173","targetHints":{"allow":["GET"]}}],"collection":[{"href":"https:\/\/agrodiamant.ro\/index.php\/wp-json\/wp\/v2\/product"}],"about":[{"href":"https:\/\/agrodiamant.ro\/index.php\/wp-json\/wp\/v2\/types\/product"}],"wp:featuredmedia":[{"embeddable":true,"href":"https:\/\/agrodiamant.ro\/index.php\/wp-json\/wp\/v2\/media\/5175"}],"wp:attachment":[{"href":"https:\/\/agrodiamant.ro\/index.php\/wp-json\/wp\/v2\/media?parent=5173"}],"wp:term":[{"taxonomy":"product_brand","embeddable":true,"href":"https:\/\/agrodiamant.ro\/index.php\/wp-json\/wp\/v2\/product_brand?post=5173"},{"taxonomy":"product_cat","embeddable":true,"href":"https:\/\/agrodiamant.ro\/index.php\/wp-json\/wp\/v2\/product_cat?post=5173"},{"taxonomy":"product_tag","embeddable":true,"href":"https:\/\/agrodiamant.ro\/index.php\/wp-json\/wp\/v2\/product_tag?post=5173"}],"curies":[{"name":"wp","href":"https:\/\/api.w.org\/{rel}","templated":true}]}}