{"id":5186,"date":"2025-03-27T10:03:25","date_gmt":"2025-03-27T10:03:25","guid":{"rendered":"https:\/\/agrodiamant.ro\/?post_type=product&#038;p=5186"},"modified":"2025-11-19T10:33:22","modified_gmt":"2025-11-19T10:33:22","slug":"distribuitor-de-azot-400-1200-litri-demarol-cu-prelata","status":"publish","type":"product","link":"https:\/\/agrodiamant.ro\/index.php\/product\/distribuitor-de-azot-400-1200-litri-demarol-cu-prelata\/","title":{"rendered":"Distribuitor de azot MIG 400 &#8211; 1400 litri DEMAROL &#8211; cu prelat\u0103"},"content":{"rendered":"","protected":false},"excerpt":{"rendered":"<p><u>AgroDiamant este dealer DEMAROL.<\/u>\u00a0Distribuim produsele acestora, reu\u0219ind s\u0103 oferim asisten\u021b\u0103 tehnic\u0103 precum \u0219i piese de schimb pentru utilaje. Pe site-ul nostru g\u0103si\u021bi o parte din oferta produc\u0103torul polonez.<\/p>\n<p>Distribuitoarele de \u00eengr\u0103\u0219\u0103m\u00e2nt DEMAROL cu dublu disc si prelat\u0103 vin in \u00eent\u00e2mpinarea fermierilor la preturi accesibile sub forma a 5 modele av\u00e2nd volume de 400, 600, 800, 1000, 1200, 1400 litri.<\/p>\n","protected":false},"featured_media":5189,"template":"","meta":[],"product_brand":[],"product_cat":[538,507],"product_tag":[],"class_list":{"0":"post-5186","1":"product","2":"type-product","3":"status-publish","4":"has-post-thumbnail","6":"product_cat-utilaje-agricole","7":"product_cat-mig-utilaje-noi","9":"first","10":"instock","11":"taxable","12":"shipping-taxable","13":"product-type-simple"},"jetpack_sharing_enabled":true,"_links":{"self":[{"href":"https:\/\/agrodiamant.ro\/index.php\/wp-json\/wp\/v2\/product\/5186","targetHints":{"allow":["GET"]}}],"collection":[{"href":"https:\/\/agrodiamant.ro\/index.php\/wp-json\/wp\/v2\/product"}],"about":[{"href":"https:\/\/agrodiamant.ro\/index.php\/wp-json\/wp\/v2\/types\/product"}],"wp:featuredmedia":[{"embeddable":true,"href":"https:\/\/agrodiamant.ro\/index.php\/wp-json\/wp\/v2\/media\/5189"}],"wp:attachment":[{"href":"https:\/\/agrodiamant.ro\/index.php\/wp-json\/wp\/v2\/media?parent=5186"}],"wp:term":[{"taxonomy":"product_brand","embeddable":true,"href":"https:\/\/agrodiamant.ro\/index.php\/wp-json\/wp\/v2\/product_brand?post=5186"},{"taxonomy":"product_cat","embeddable":true,"href":"https:\/\/agrodiamant.ro\/index.php\/wp-json\/wp\/v2\/product_cat?post=5186"},{"taxonomy":"product_tag","embeddable":true,"href":"https:\/\/agrodiamant.ro\/index.php\/wp-json\/wp\/v2\/product_tag?post=5186"}],"curies":[{"name":"wp","href":"https:\/\/api.w.org\/{rel}","templated":true}]}}