{"id":5218,"date":"2025-03-27T10:49:39","date_gmt":"2025-03-27T10:49:39","guid":{"rendered":"https:\/\/agrodiamant.ro\/?post_type=product&#038;p=5218"},"modified":"2025-04-02T12:42:19","modified_gmt":"2025-04-02T12:42:19","slug":"erbicidatoare-purtate-400-1200-litri-biardzki","status":"publish","type":"product","link":"https:\/\/agrodiamant.ro\/index.php\/product\/erbicidatoare-purtate-400-1200-litri-biardzki\/","title":{"rendered":"Erbicidatoare purtate 400-1200 litri BIARDZKI"},"content":{"rendered":"","protected":false},"excerpt":{"rendered":"<p><u>AgroDiamant comercializeaza echipamante BIARDZKI.<\/u>\u00a0Distribuim produsele acestora, reu\u0219ind s\u0103 oferim asisten\u021b\u0103 tehnic\u0103 precum \u0219i piese de schimb. Pe site-ul nostru g\u0103si\u021bi o parte din oferta produc\u0103torul polonez. Daca ceea ce c\u0103uta\u021bi\u00a0nu se g\u0103se\u0219te\u00a0in stock,\u00a0putem aduce pe comanda orice utilaj din oferta acestora.<\/p>\n<p>Pulverizatoarele purtate din gama BIARDZKI vin in \u00eent\u00e2mpinarea fermierilor sub forma a 5 modele av\u00e2nd volume de 400, 600, 800, 1000, 1200 litri.<\/p>\n","protected":false},"featured_media":5225,"template":"","meta":[],"product_brand":[],"product_cat":[538,522,503],"product_tag":[],"class_list":{"0":"post-5218","1":"product","2":"type-product","3":"status-publish","4":"has-post-thumbnail","6":"product_cat-utilaje-agricole","7":"product_cat-erbicidatoare-utilaje-noi","8":"product_cat-comabtere","10":"first","11":"instock","12":"taxable","13":"shipping-taxable","14":"product-type-simple"},"jetpack_sharing_enabled":true,"_links":{"self":[{"href":"https:\/\/agrodiamant.ro\/index.php\/wp-json\/wp\/v2\/product\/5218","targetHints":{"allow":["GET"]}}],"collection":[{"href":"https:\/\/agrodiamant.ro\/index.php\/wp-json\/wp\/v2\/product"}],"about":[{"href":"https:\/\/agrodiamant.ro\/index.php\/wp-json\/wp\/v2\/types\/product"}],"wp:featuredmedia":[{"embeddable":true,"href":"https:\/\/agrodiamant.ro\/index.php\/wp-json\/wp\/v2\/media\/5225"}],"wp:attachment":[{"href":"https:\/\/agrodiamant.ro\/index.php\/wp-json\/wp\/v2\/media?parent=5218"}],"wp:term":[{"taxonomy":"product_brand","embeddable":true,"href":"https:\/\/agrodiamant.ro\/index.php\/wp-json\/wp\/v2\/product_brand?post=5218"},{"taxonomy":"product_cat","embeddable":true,"href":"https:\/\/agrodiamant.ro\/index.php\/wp-json\/wp\/v2\/product_cat?post=5218"},{"taxonomy":"product_tag","embeddable":true,"href":"https:\/\/agrodiamant.ro\/index.php\/wp-json\/wp\/v2\/product_tag?post=5218"}],"curies":[{"name":"wp","href":"https:\/\/api.w.org\/{rel}","templated":true}]}}