{"id":5291,"date":"2025-03-27T11:50:31","date_gmt":"2025-03-27T11:50:31","guid":{"rendered":"https:\/\/agrodiamant.ro\/?post_type=product&#038;p=5291"},"modified":"2025-04-02T12:41:17","modified_gmt":"2025-04-02T12:41:17","slug":"zanon-tsf-tocator-de-resturi-vegetale-munci-intensive-tractoare-70-150cp","status":"publish","type":"product","link":"https:\/\/agrodiamant.ro\/index.php\/product\/zanon-tsf-tocator-de-resturi-vegetale-munci-intensive-tractoare-70-150cp\/","title":{"rendered":"ZANON TSF &#8211; Toc\u0103tor de resturi vegetale &#8211; munci intensive &#8211; tractoare 70 &#8211; 150CP"},"content":{"rendered":"","protected":false},"excerpt":{"rendered":"<p><u>AgroDiamant este dealer ZANON.<\/u>\u00a0Distribuim produsele acestora, reu\u0219ind s\u0103 oferim asisten\u021b\u0103 tehnic\u0103 precum \u0219i piese de schimb pentru acestea. Pe site-ul nostru g\u0103si\u021bi o parte din oferta produc\u0103torul italian. \u00centreaga gam\u0103 de produse ZANON o pute\u021bi vedea d\u00e2nd\u00a0<a href=\"https:\/\/www.zanon.it\/en\/\">click aici<\/a>. Putem aduce pe comanda orice utilaj din oferta acestora.<\/p>\n<p><strong>Toc\u0103torul\u00a0TSF<\/strong> este proiectat pentru<strong> tractoare de putere medie p\u00e2n\u0103 la mare<\/strong> (70 p\u00e2n\u0103 la 150 CP). Este ideal pentru tocarea f\u00e2nului, a tulpinilor de porumb \u0219i a de\u0219eurilor rezultate din culturi horticole \u00een podgorii \u0219i pepiniere.<\/p>\n","protected":false},"featured_media":5296,"template":"","meta":[],"product_brand":[],"product_cat":[538,510],"product_tag":[],"class_list":{"0":"post-5291","1":"product","2":"type-product","3":"status-publish","4":"has-post-thumbnail","6":"product_cat-utilaje-agricole","7":"product_cat-tocatoriv-utilaje-noi","9":"first","10":"instock","11":"taxable","12":"shipping-taxable","13":"product-type-simple"},"jetpack_sharing_enabled":true,"_links":{"self":[{"href":"https:\/\/agrodiamant.ro\/index.php\/wp-json\/wp\/v2\/product\/5291","targetHints":{"allow":["GET"]}}],"collection":[{"href":"https:\/\/agrodiamant.ro\/index.php\/wp-json\/wp\/v2\/product"}],"about":[{"href":"https:\/\/agrodiamant.ro\/index.php\/wp-json\/wp\/v2\/types\/product"}],"wp:featuredmedia":[{"embeddable":true,"href":"https:\/\/agrodiamant.ro\/index.php\/wp-json\/wp\/v2\/media\/5296"}],"wp:attachment":[{"href":"https:\/\/agrodiamant.ro\/index.php\/wp-json\/wp\/v2\/media?parent=5291"}],"wp:term":[{"taxonomy":"product_brand","embeddable":true,"href":"https:\/\/agrodiamant.ro\/index.php\/wp-json\/wp\/v2\/product_brand?post=5291"},{"taxonomy":"product_cat","embeddable":true,"href":"https:\/\/agrodiamant.ro\/index.php\/wp-json\/wp\/v2\/product_cat?post=5291"},{"taxonomy":"product_tag","embeddable":true,"href":"https:\/\/agrodiamant.ro\/index.php\/wp-json\/wp\/v2\/product_tag?post=5291"}],"curies":[{"name":"wp","href":"https:\/\/api.w.org\/{rel}","templated":true}]}}