{"id":5329,"date":"2025-03-28T11:41:54","date_gmt":"2025-03-28T11:41:54","guid":{"rendered":"https:\/\/agrodiamant.ro\/?post_type=product&#038;p=5329"},"modified":"2025-04-02T12:37:09","modified_gmt":"2025-04-02T12:37:09","slug":"zanon-it-m-cositoare-laterala-palpator-cu-arc-pentru-tocatoarele-zanon","status":"publish","type":"product","link":"https:\/\/agrodiamant.ro\/index.php\/product\/zanon-it-m-cositoare-laterala-palpator-cu-arc-pentru-tocatoarele-zanon\/","title":{"rendered":"ZANON IT-M &#8211; Cositoare laterala &#8211; palpator cu arc &#8211; pentru toc\u0103toarele ZANON"},"content":{"rendered":"","protected":false},"excerpt":{"rendered":"<p><u>AgroDiamant este dealer ZANON.<\/u>\u00a0Distribuim produsele acestora, reu\u0219ind s\u0103 oferim asisten\u021b\u0103 tehnic\u0103 precum \u0219i piese de schimb pentru acestea. Pe site-ul nostru g\u0103si\u021bi o parte din oferta produc\u0103torul italian. \u00centreaga gam\u0103 de produse ZANON o pute\u021bi vedea d\u00e2nd\u00a0<a href=\"https:\/\/www.zanon.it\/en\/\">click aici<\/a>. Putem aduce pe comanda orice utilaj din oferta acestora.<\/p>\n<p><strong>Cositoarea palpatoare IT-M<\/strong> cu arc reprezint\u0103 un accesoriu pentru modelele de toc\u0103toare <em><strong><a href=\"https:\/\/agrodiamant.ro\/index.php\/product\/zanon-tfa-tocator-resturi-vegetale-o-5-6cm-tractoare-intre-30-90-cp\/\">ZANON: TFA<\/a><\/strong><\/em>, TFZ, <em><strong><a href=\"https:\/\/agrodiamant.ro\/index.php\/product\/zanon-tmu-tocator-de-resturi-vegetale-pentru-munci-intensive-o-8cm-pentru-tractoare-intre-50-130cp\/\">TMU<\/a><\/strong><\/em>, LGF, TFB, TRE-PRO\u00a0\u0219i\u00a0<strong>permite t\u0103ierea ierbii \u00eentre r\u00e2nduri f\u0103r\u0103 utilizarea senzorilor<\/strong>.<\/p>\n<p><strong>Mod de func\u021bionare<\/strong><\/p>\n<p>Cositoarea este tensionata de un arc. Un inel metalic cu rol de protec\u021bie montat in partea de jos reprezint\u0103 declan\u0219atorul sistemului palpator. Tulpina platei se va lovi de acest inel si va \u00eempinge cositoarea, determin\u00e2nd-o sa ocoleasc\u0103 planta. Cu\u021bitele nu pot t\u0103ia in afara ariei inelului, astfel tulpina este protejat\u0103.<\/p>\n","protected":false},"featured_media":5339,"template":"","meta":[],"product_brand":[],"product_cat":[538,526,506],"product_tag":[],"class_list":{"0":"post-5329","1":"product","2":"type-product","3":"status-publish","4":"has-post-thumbnail","6":"product_cat-utilaje-agricole","7":"product_cat-palpatoare-utilaje-noi","8":"product_cat-horticol-viticol","10":"first","11":"instock","12":"taxable","13":"shipping-taxable","14":"product-type-simple"},"jetpack_sharing_enabled":true,"_links":{"self":[{"href":"https:\/\/agrodiamant.ro\/index.php\/wp-json\/wp\/v2\/product\/5329","targetHints":{"allow":["GET"]}}],"collection":[{"href":"https:\/\/agrodiamant.ro\/index.php\/wp-json\/wp\/v2\/product"}],"about":[{"href":"https:\/\/agrodiamant.ro\/index.php\/wp-json\/wp\/v2\/types\/product"}],"wp:featuredmedia":[{"embeddable":true,"href":"https:\/\/agrodiamant.ro\/index.php\/wp-json\/wp\/v2\/media\/5339"}],"wp:attachment":[{"href":"https:\/\/agrodiamant.ro\/index.php\/wp-json\/wp\/v2\/media?parent=5329"}],"wp:term":[{"taxonomy":"product_brand","embeddable":true,"href":"https:\/\/agrodiamant.ro\/index.php\/wp-json\/wp\/v2\/product_brand?post=5329"},{"taxonomy":"product_cat","embeddable":true,"href":"https:\/\/agrodiamant.ro\/index.php\/wp-json\/wp\/v2\/product_cat?post=5329"},{"taxonomy":"product_tag","embeddable":true,"href":"https:\/\/agrodiamant.ro\/index.php\/wp-json\/wp\/v2\/product_tag?post=5329"}],"curies":[{"name":"wp","href":"https:\/\/api.w.org\/{rel}","templated":true}]}}