{"id":5353,"date":"2025-03-28T12:23:34","date_gmt":"2025-03-28T12:23:34","guid":{"rendered":"https:\/\/agrodiamant.ro\/?post_type=product&#038;p=5353"},"modified":"2025-04-02T12:36:32","modified_gmt":"2025-04-02T12:36:32","slug":"zanon-tfg-tocator-resturi-vegetale-o-5cm-tractoare-intre-15-60-cp","status":"publish","type":"product","link":"https:\/\/agrodiamant.ro\/index.php\/product\/zanon-tfg-tocator-resturi-vegetale-o-5cm-tractoare-intre-15-60-cp\/","title":{"rendered":"ZANON TFG &#8211; Toc\u0103tor resturi vegetale (\u00f8 5cm) \u2013 tractoare intre 15 \u2013 60 CP"},"content":{"rendered":"","protected":false},"excerpt":{"rendered":"<p><u>AgroDiamant este dealer ZANON.<\/u>\u00a0Distribuim produsele acestora, reu\u0219ind s\u0103 oferim asisten\u021b\u0103 tehnic\u0103 precum \u0219i piese de schimb pentru acestea. Pe site-ul nostru g\u0103si\u021bi o parte din oferta produc\u0103torul italian. \u00centreaga gam\u0103 de produse ZANON o pute\u021bi vedea d\u00e2nd\u00a0<a href=\"https:\/\/www.zanon.it\/en\/\">click aici<\/a>. Putem aduce pe comanda orice utilaj din oferta acestora.<\/p>\n<p><strong>Zanon TFG<\/strong> reprezint\u0103 modelul de toc\u0103tor de resturi vegetale, capabil sa toace reziduu lemnos cu <strong>o grosime de p\u00e2n\u0103 la 5cm<\/strong>, conceput <strong>pentru tractoare de mici dimensiuni<\/strong>, cu puteri cuprinse <strong>intre 15 si 60 CP<\/strong>. Toc\u0103torul TFG este ideal pentru tocarea crengu\u021belor, porumbului, iarb\u0103, tufi\u0219urilor, f\u00e2nului \u0219i multe altele. Designul s\u0103u compact, dimensiunile mici \u0219i corpul \u00eengust \u00eel fac <strong>ideal pentru lucrul \u00een livezi \u0219i \u00eentre r\u00e2ndurile de vie<\/strong>.Il puteti gasi in 3 modele in functie de latimea de lucru:<\/p>\n","protected":false},"featured_media":5362,"template":"","meta":[],"product_brand":[],"product_cat":[538,506,510],"product_tag":[],"class_list":{"0":"post-5353","1":"product","2":"type-product","3":"status-publish","4":"has-post-thumbnail","6":"product_cat-utilaje-agricole","7":"product_cat-horticol-viticol","8":"product_cat-tocatoriv-utilaje-noi","10":"first","11":"instock","12":"taxable","13":"shipping-taxable","14":"product-type-simple"},"jetpack_sharing_enabled":true,"_links":{"self":[{"href":"https:\/\/agrodiamant.ro\/index.php\/wp-json\/wp\/v2\/product\/5353","targetHints":{"allow":["GET"]}}],"collection":[{"href":"https:\/\/agrodiamant.ro\/index.php\/wp-json\/wp\/v2\/product"}],"about":[{"href":"https:\/\/agrodiamant.ro\/index.php\/wp-json\/wp\/v2\/types\/product"}],"wp:featuredmedia":[{"embeddable":true,"href":"https:\/\/agrodiamant.ro\/index.php\/wp-json\/wp\/v2\/media\/5362"}],"wp:attachment":[{"href":"https:\/\/agrodiamant.ro\/index.php\/wp-json\/wp\/v2\/media?parent=5353"}],"wp:term":[{"taxonomy":"product_brand","embeddable":true,"href":"https:\/\/agrodiamant.ro\/index.php\/wp-json\/wp\/v2\/product_brand?post=5353"},{"taxonomy":"product_cat","embeddable":true,"href":"https:\/\/agrodiamant.ro\/index.php\/wp-json\/wp\/v2\/product_cat?post=5353"},{"taxonomy":"product_tag","embeddable":true,"href":"https:\/\/agrodiamant.ro\/index.php\/wp-json\/wp\/v2\/product_tag?post=5353"}],"curies":[{"name":"wp","href":"https:\/\/api.w.org\/{rel}","templated":true}]}}