{"id":5405,"date":"2025-03-28T14:09:18","date_gmt":"2025-03-28T14:09:18","guid":{"rendered":"https:\/\/agrodiamant.ro\/?post_type=product&#038;p=5405"},"modified":"2025-06-21T10:36:39","modified_gmt":"2025-06-21T10:36:39","slug":"grebla-pe-curele-tip-banda-akpil-osa","status":"publish","type":"product","link":"https:\/\/agrodiamant.ro\/index.php\/product\/grebla-pe-curele-tip-banda-akpil-osa\/","title":{"rendered":"Grebl\u0103 pe curele tip band\u0103 AKPIL OSA"},"content":{"rendered":"","protected":false},"excerpt":{"rendered":"<p><u>AgroDiamant este dealer AKPIL.<\/u>\u00a0Distribuim produsele acestora, reu\u0219ind s\u0103 oferim asisten\u021b\u0103 tehnic\u0103 precum \u0219i piese de schimb pentru acestea. Pe site-ul nostru g\u0103si\u021bi o parte din oferta produc\u0103torul polonez. \u00centreaga gam\u0103 de produse AKPIL o pute\u021bi vedea d\u00e2nd\u00a0<a href=\"https:\/\/www.akpil.pl\/en\/agricultural-machinery\/\">click aici<\/a>. Putem aduce pe comanda orice utilaj din oferta acestora.<\/p>\n<hr \/>\n<p><em><u>LICHIDAREA DE STOCK A LUAT SFARSIT, DAR PRETUL A RAMAS BUN!<\/u><\/em><\/p>\n<p><em><u> <strong>PRET -&gt; 4950 RON + TVA<\/strong><\/u><\/em><\/p>\n<p>&#8211; L\u0103\u021bime de lucru -m- 2.1<br \/>\n&#8211; L\u0103\u021bime utilaj f\u0103r\u0103 pieptene -m- 2.35<br \/>\n&#8211; L\u0103\u021bime totala cu opritorul de brazda \/ pieptenele extins -m- 2.8<br \/>\n&#8211; Putere minim necesara tractorului -CP- 22<\/p>\n<p>Grebla poate forma dar poate \u0219i \u00eempr\u0103\u0219tia brazda. Pentru a forma brazda utilajul trebuie sa fie a\u0219ezat paralel cu solul iar pieptenele trebuie s\u0103 fie montat. Daca dori\u021bi sa \u00eempr\u0103\u0219tia\u021bi brazda trebuie sa \u00eenl\u0103tura\u021bi pieptenele \u0219i s\u0103 \u00eenclina\u021bi utilajul pe o parte.<\/p>\n","protected":false},"featured_media":5408,"template":"","meta":[],"product_brand":[],"product_cat":[538,509],"product_tag":[],"class_list":{"0":"post-5405","1":"product","2":"type-product","3":"status-publish","4":"has-post-thumbnail","6":"product_cat-utilaje-agricole","7":"product_cat-greble-utilaje-noi","9":"first","10":"instock","11":"taxable","12":"shipping-taxable","13":"product-type-simple"},"jetpack_sharing_enabled":true,"_links":{"self":[{"href":"https:\/\/agrodiamant.ro\/index.php\/wp-json\/wp\/v2\/product\/5405","targetHints":{"allow":["GET"]}}],"collection":[{"href":"https:\/\/agrodiamant.ro\/index.php\/wp-json\/wp\/v2\/product"}],"about":[{"href":"https:\/\/agrodiamant.ro\/index.php\/wp-json\/wp\/v2\/types\/product"}],"wp:featuredmedia":[{"embeddable":true,"href":"https:\/\/agrodiamant.ro\/index.php\/wp-json\/wp\/v2\/media\/5408"}],"wp:attachment":[{"href":"https:\/\/agrodiamant.ro\/index.php\/wp-json\/wp\/v2\/media?parent=5405"}],"wp:term":[{"taxonomy":"product_brand","embeddable":true,"href":"https:\/\/agrodiamant.ro\/index.php\/wp-json\/wp\/v2\/product_brand?post=5405"},{"taxonomy":"product_cat","embeddable":true,"href":"https:\/\/agrodiamant.ro\/index.php\/wp-json\/wp\/v2\/product_cat?post=5405"},{"taxonomy":"product_tag","embeddable":true,"href":"https:\/\/agrodiamant.ro\/index.php\/wp-json\/wp\/v2\/product_tag?post=5405"}],"curies":[{"name":"wp","href":"https:\/\/api.w.org\/{rel}","templated":true}]}}