{"id":5631,"date":"2025-03-31T08:47:28","date_gmt":"2025-03-31T08:47:28","guid":{"rendered":"https:\/\/agrodiamant.ro\/?post_type=product&#038;p=5631"},"modified":"2025-04-02T12:24:43","modified_gmt":"2025-04-02T12:24:43","slug":"tavalug-cambridge-tavalug-de-tasare-a-solului-euro-masz","status":"publish","type":"product","link":"https:\/\/agrodiamant.ro\/index.php\/product\/tavalug-cambridge-tavalug-de-tasare-a-solului-euro-masz\/","title":{"rendered":"T\u0103v\u0103lug cambridge &#8211; Tavalug de tasare a solului EURO-MASZ"},"content":{"rendered":"","protected":false},"excerpt":{"rendered":"<p><u>AgroDiamant este dealer EURO-MASZ.<\/u>\u00a0Distribuim produsele acestora, reu\u0219ind s\u0103 oferim asisten\u021b\u0103 tehnic\u0103 precum \u0219i piese de schimb pentru utilajele acestora. Pe site-ul nostru g\u0103si\u021bi o parte din oferta produc\u0103torul polonez.<\/p>\n<p>\u2022 \u00een stock avem t\u0103v\u0103lug cambridge cu o l\u0103\u021bime de lucru de 6,2m cu t\u0103v\u0103lug cu diametrul de 45cm<\/p>\n","protected":false},"featured_media":5635,"template":"","meta":[],"product_brand":[],"product_cat":[538,513],"product_tag":[],"class_list":{"0":"post-5631","1":"product","2":"type-product","3":"status-publish","4":"has-post-thumbnail","6":"product_cat-utilaje-agricole","7":"product_cat-alte-utilaje-noi","9":"first","10":"instock","11":"taxable","12":"shipping-taxable","13":"product-type-simple"},"jetpack_sharing_enabled":true,"_links":{"self":[{"href":"https:\/\/agrodiamant.ro\/index.php\/wp-json\/wp\/v2\/product\/5631","targetHints":{"allow":["GET"]}}],"collection":[{"href":"https:\/\/agrodiamant.ro\/index.php\/wp-json\/wp\/v2\/product"}],"about":[{"href":"https:\/\/agrodiamant.ro\/index.php\/wp-json\/wp\/v2\/types\/product"}],"wp:featuredmedia":[{"embeddable":true,"href":"https:\/\/agrodiamant.ro\/index.php\/wp-json\/wp\/v2\/media\/5635"}],"wp:attachment":[{"href":"https:\/\/agrodiamant.ro\/index.php\/wp-json\/wp\/v2\/media?parent=5631"}],"wp:term":[{"taxonomy":"product_brand","embeddable":true,"href":"https:\/\/agrodiamant.ro\/index.php\/wp-json\/wp\/v2\/product_brand?post=5631"},{"taxonomy":"product_cat","embeddable":true,"href":"https:\/\/agrodiamant.ro\/index.php\/wp-json\/wp\/v2\/product_cat?post=5631"},{"taxonomy":"product_tag","embeddable":true,"href":"https:\/\/agrodiamant.ro\/index.php\/wp-json\/wp\/v2\/product_tag?post=5631"}],"curies":[{"name":"wp","href":"https:\/\/api.w.org\/{rel}","templated":true}]}}