{"id":5679,"date":"2025-03-31T12:43:34","date_gmt":"2025-03-31T12:43:34","guid":{"rendered":"https:\/\/agrodiamant.ro\/?post_type=product&#038;p=5679"},"modified":"2025-04-02T12:21:41","modified_gmt":"2025-04-02T12:21:41","slug":"freza-agricola-strumyk-gryza-latimi-de-lucru-intre-1-4-2-0-metri","status":"publish","type":"product","link":"https:\/\/agrodiamant.ro\/index.php\/product\/freza-agricola-strumyk-gryza-latimi-de-lucru-intre-1-4-2-0-metri\/","title":{"rendered":"Frez\u0103 agricol\u0103 STRUMYK GRYZA &#8211; l\u0103\u021bimi de lucru \u00eentre 1.4 &#8211; 2.0 metri"},"content":{"rendered":"","protected":false},"excerpt":{"rendered":"<p><u>AgroDiamant este dealer STRUMYK.<\/u>\u00a0Distribuim produsele acestora, reu\u0219ind s\u0103 oferim asisten\u021b\u0103 tehnic\u0103 precum \u0219i piese de schimb pentru acestea. Pe site-ul nostru g\u0103si\u021bi o parte din oferta produc\u0103torul polonez.<\/p>\n<p><strong>Frezele STRUMYK GRYZA<\/strong> sunt concepute pentru af\u00e2narea solului f\u0103r\u0103 a-l \u00eentoarce, pentru zdrobirea bulg\u0103rilor \u0219i pentru eradicarea buruienilor. De asemenea, poate fi folosit\u0103 pentru amestecarea \u00eengr\u0103\u0219\u0103mintelor minerale cu solul pe c\u00e2mpurile arabile \u0219i de legume.<\/p>\n","protected":false},"featured_media":5688,"template":"","meta":[],"product_brand":[],"product_cat":[538,502,518],"product_tag":[],"class_list":{"0":"post-5679","1":"product","2":"type-product","3":"status-publish","4":"has-post-thumbnail","6":"product_cat-utilaje-agricole","7":"product_cat-prelucrarea-solului","8":"product_cat-freze-utilaje-noi","10":"first","11":"instock","12":"taxable","13":"shipping-taxable","14":"product-type-simple"},"jetpack_sharing_enabled":true,"_links":{"self":[{"href":"https:\/\/agrodiamant.ro\/index.php\/wp-json\/wp\/v2\/product\/5679","targetHints":{"allow":["GET"]}}],"collection":[{"href":"https:\/\/agrodiamant.ro\/index.php\/wp-json\/wp\/v2\/product"}],"about":[{"href":"https:\/\/agrodiamant.ro\/index.php\/wp-json\/wp\/v2\/types\/product"}],"wp:featuredmedia":[{"embeddable":true,"href":"https:\/\/agrodiamant.ro\/index.php\/wp-json\/wp\/v2\/media\/5688"}],"wp:attachment":[{"href":"https:\/\/agrodiamant.ro\/index.php\/wp-json\/wp\/v2\/media?parent=5679"}],"wp:term":[{"taxonomy":"product_brand","embeddable":true,"href":"https:\/\/agrodiamant.ro\/index.php\/wp-json\/wp\/v2\/product_brand?post=5679"},{"taxonomy":"product_cat","embeddable":true,"href":"https:\/\/agrodiamant.ro\/index.php\/wp-json\/wp\/v2\/product_cat?post=5679"},{"taxonomy":"product_tag","embeddable":true,"href":"https:\/\/agrodiamant.ro\/index.php\/wp-json\/wp\/v2\/product_tag?post=5679"}],"curies":[{"name":"wp","href":"https:\/\/api.w.org\/{rel}","templated":true}]}}