{"id":5714,"date":"2025-03-31T13:32:04","date_gmt":"2025-03-31T13:32:04","guid":{"rendered":"https:\/\/agrodiamant.ro\/?post_type=product&#038;p=5714"},"modified":"2025-04-02T12:21:13","modified_gmt":"2025-04-02T12:21:13","slug":"scarificator-zanon-zd-tractoare-de-100-250cp-2-5-3-0-metri","status":"publish","type":"product","link":"https:\/\/agrodiamant.ro\/index.php\/product\/scarificator-zanon-zd-tractoare-de-100-250cp-2-5-3-0-metri\/","title":{"rendered":"Scarificator ZANON ZD &#8211; tractoare de 100 &#8211; 250CP &#8211; 2.5\/3.0 metri"},"content":{"rendered":"","protected":false},"excerpt":{"rendered":"<p><u>AgroDiamant este dealer ZANON.<\/u>\u00a0Distribuim produsele acestora, reu\u0219ind s\u0103 oferim asisten\u021b\u0103 tehnic\u0103 precum \u0219i piese de schimb pentru acestea. Pe site-ul nostru g\u0103si\u021bi o parte din oferta produc\u0103torul italian. \u00centreaga gam\u0103 de produse ZANON o pute\u021bi vedea d\u00e2nd\u00a0<a href=\"https:\/\/www.zanon.it\/en\/products\/mulchers\/\">click aici<\/a>. Putem aduce pe comanda orice utilaj din oferta acestora.<\/p>\n<p>Datorit\u0103 ghearelor special \u00eenclinate \u0219i a unui cadru robust din o\u021bel, <strong>subsolierul ZD<\/strong> ofer\u0103 rezultate uniforme la ad\u00e2ncimi de p\u00e2n\u0103 la 50 cm. Scarificatorul \u00eembun\u0103t\u0103\u021be\u0219te permeabilitatea solului, oferindu-i capacitatea de a stoca apa mult mai eficient. Rezultatul este o recolt\u0103 mai bogat\u0103, cu mai pu\u021bin efort.<\/p>\n<p><em><u>Nu pute\u021bi da gre\u0219 cu ZANON!<\/u><\/em><\/p>\n","protected":false},"featured_media":5718,"template":"","meta":[],"product_brand":[],"product_cat":[538,516,502],"product_tag":[],"class_list":{"0":"post-5714","1":"product","2":"type-product","3":"status-publish","4":"has-post-thumbnail","6":"product_cat-utilaje-agricole","7":"product_cat-scarificatoare-utilaje-noi","8":"product_cat-prelucrarea-solului","10":"first","11":"instock","12":"taxable","13":"shipping-taxable","14":"product-type-simple"},"jetpack_sharing_enabled":true,"_links":{"self":[{"href":"https:\/\/agrodiamant.ro\/index.php\/wp-json\/wp\/v2\/product\/5714","targetHints":{"allow":["GET"]}}],"collection":[{"href":"https:\/\/agrodiamant.ro\/index.php\/wp-json\/wp\/v2\/product"}],"about":[{"href":"https:\/\/agrodiamant.ro\/index.php\/wp-json\/wp\/v2\/types\/product"}],"wp:featuredmedia":[{"embeddable":true,"href":"https:\/\/agrodiamant.ro\/index.php\/wp-json\/wp\/v2\/media\/5718"}],"wp:attachment":[{"href":"https:\/\/agrodiamant.ro\/index.php\/wp-json\/wp\/v2\/media?parent=5714"}],"wp:term":[{"taxonomy":"product_brand","embeddable":true,"href":"https:\/\/agrodiamant.ro\/index.php\/wp-json\/wp\/v2\/product_brand?post=5714"},{"taxonomy":"product_cat","embeddable":true,"href":"https:\/\/agrodiamant.ro\/index.php\/wp-json\/wp\/v2\/product_cat?post=5714"},{"taxonomy":"product_tag","embeddable":true,"href":"https:\/\/agrodiamant.ro\/index.php\/wp-json\/wp\/v2\/product_tag?post=5714"}],"curies":[{"name":"wp","href":"https:\/\/api.w.org\/{rel}","templated":true}]}}