{"id":5741,"date":"2025-03-31T14:15:58","date_gmt":"2025-03-31T14:15:58","guid":{"rendered":"https:\/\/agrodiamant.ro\/?post_type=product&#038;p=5741"},"modified":"2026-01-23T09:50:29","modified_gmt":"2026-01-23T09:50:29","slug":"combinator-cu-cadru-fix-strumyk-tractoare-50-60cp-2-5-3-0-metri","status":"publish","type":"product","link":"https:\/\/agrodiamant.ro\/index.php\/product\/combinator-cu-cadru-fix-strumyk-tractoare-50-60cp-2-5-3-0-metri\/","title":{"rendered":"Combinator cu cadru fix STRUMYK &#8211; tractoare 50-60CP &#8211; 2.5\/3.0 metri"},"content":{"rendered":"","protected":false},"excerpt":{"rendered":"<p><u>AgroDiamant este dealer STRUMYK.<\/u>\u00a0Distribuim produsele acestora, reu\u0219ind s\u0103 oferim asisten\u021b\u0103 tehnic\u0103 precum \u0219i piese de schimb pentru utilajele acestora. Pe site-ul nostru g\u0103si\u021bi o parte din oferta produc\u0103torul polonez.<\/p>\n<ul>\n<li>Acest utilaj \u00eel g\u0103si\u021bi cu 2 l\u0103\u021bimi de lucru &#8211; 2.5 \/ 3.0m;<\/li>\n<li>Un utilaj simplu, cu un cadru fabricat din \u021beav\u0103 p\u0103trat\u0103 sudat\u0103;<\/li>\n<\/ul>\n","protected":false},"featured_media":5746,"template":"","meta":[],"product_brand":[],"product_cat":[538,515,502],"product_tag":[],"class_list":{"0":"post-5741","1":"product","2":"type-product","3":"status-publish","4":"has-post-thumbnail","6":"product_cat-utilaje-agricole","7":"product_cat-combinatoare-utilaje-noi","8":"product_cat-prelucrarea-solului","10":"first","11":"instock","12":"taxable","13":"shipping-taxable","14":"product-type-simple"},"jetpack_sharing_enabled":true,"_links":{"self":[{"href":"https:\/\/agrodiamant.ro\/index.php\/wp-json\/wp\/v2\/product\/5741","targetHints":{"allow":["GET"]}}],"collection":[{"href":"https:\/\/agrodiamant.ro\/index.php\/wp-json\/wp\/v2\/product"}],"about":[{"href":"https:\/\/agrodiamant.ro\/index.php\/wp-json\/wp\/v2\/types\/product"}],"wp:featuredmedia":[{"embeddable":true,"href":"https:\/\/agrodiamant.ro\/index.php\/wp-json\/wp\/v2\/media\/5746"}],"wp:attachment":[{"href":"https:\/\/agrodiamant.ro\/index.php\/wp-json\/wp\/v2\/media?parent=5741"}],"wp:term":[{"taxonomy":"product_brand","embeddable":true,"href":"https:\/\/agrodiamant.ro\/index.php\/wp-json\/wp\/v2\/product_brand?post=5741"},{"taxonomy":"product_cat","embeddable":true,"href":"https:\/\/agrodiamant.ro\/index.php\/wp-json\/wp\/v2\/product_cat?post=5741"},{"taxonomy":"product_tag","embeddable":true,"href":"https:\/\/agrodiamant.ro\/index.php\/wp-json\/wp\/v2\/product_tag?post=5741"}],"curies":[{"name":"wp","href":"https:\/\/api.w.org\/{rel}","templated":true}]}}