{"id":5752,"date":"2025-03-31T14:27:37","date_gmt":"2025-03-31T14:27:37","guid":{"rendered":"https:\/\/agrodiamant.ro\/?post_type=product&#038;p=5752"},"modified":"2025-04-04T14:06:13","modified_gmt":"2025-04-04T14:06:13","slug":"combinator-pliabil-hidraulic-profesional-akpil-rylek-xl-latimi-de-lucru-intre-3-5-6-0m","status":"publish","type":"product","link":"https:\/\/agrodiamant.ro\/index.php\/product\/combinator-pliabil-hidraulic-profesional-akpil-rylek-xl-latimi-de-lucru-intre-3-5-6-0m\/","title":{"rendered":"Combinator pliabil hidraulic profesional AKPIL RYLEK XL &#8211; l\u0103\u021bimi de lucru \u00eentre 3.5 &#8211; 6.0m &#8211; tractoare 80-160CP"},"content":{"rendered":"","protected":false},"excerpt":{"rendered":"<p><u>AgroDiamant este dealer AKPIL.<\/u>\u00a0Distribuim produsele acestora, reu\u0219ind s\u0103 oferim asisten\u021b\u0103 tehnic\u0103 precum \u0219i piese de schimb pentru acestea. Pe site-ul nostru g\u0103si\u021bi o parte din oferta produc\u0103torul polonez. \u00centreaga gam\u0103 de produse AKPIL o pute\u021bi vedea d\u00e2nd\u00a0<a href=\"https:\/\/www.akpil.pl\/en\/agricultural-machinery\/\">click aici<\/a>. Putem aduce pe comanda orice utilaj din oferta acestora.<\/p>\n<p><strong>Akpil RYLEK<\/strong>\u00a0<strong>XL<\/strong>\u00a0este modelul de combinator potrivit pentru<strong>\u00a0tractoare care dezvolt\u0103 o putere cuprinsa \u00eentre 80 \u0219i 180CP<\/strong>. \u00centreaga structur\u0103 de rezisten\u021b\u0103 este fabricat\u0103 din\u00a0<strong>fier tratat \u0219i dat cu grund \u00eenainte de vopsirea f\u0103cut\u0103 \u00een c\u00e2mp electrostatic<\/strong>, astfel se ofer\u0103 rezistent\u0103 maxim\u0103 \u00een fa\u021ba coroziunii.\u00a0Toate\u00a0<strong>elementele care\u00a0alc\u0103tuiesc cadrul sunt\u00a0\u00eentrep\u0103trunse (nu alipite) \u0219i sudate<\/strong>, astfel se ofer\u0103 rezisten\u021b\u0103 maxim\u0103.<\/p>\n","protected":false},"featured_media":5757,"template":"","meta":[],"product_brand":[],"product_cat":[538,515,502],"product_tag":[],"class_list":{"0":"post-5752","1":"product","2":"type-product","3":"status-publish","4":"has-post-thumbnail","6":"product_cat-utilaje-agricole","7":"product_cat-combinatoare-utilaje-noi","8":"product_cat-prelucrarea-solului","10":"first","11":"instock","12":"taxable","13":"shipping-taxable","14":"product-type-simple"},"jetpack_sharing_enabled":true,"_links":{"self":[{"href":"https:\/\/agrodiamant.ro\/index.php\/wp-json\/wp\/v2\/product\/5752","targetHints":{"allow":["GET"]}}],"collection":[{"href":"https:\/\/agrodiamant.ro\/index.php\/wp-json\/wp\/v2\/product"}],"about":[{"href":"https:\/\/agrodiamant.ro\/index.php\/wp-json\/wp\/v2\/types\/product"}],"wp:featuredmedia":[{"embeddable":true,"href":"https:\/\/agrodiamant.ro\/index.php\/wp-json\/wp\/v2\/media\/5757"}],"wp:attachment":[{"href":"https:\/\/agrodiamant.ro\/index.php\/wp-json\/wp\/v2\/media?parent=5752"}],"wp:term":[{"taxonomy":"product_brand","embeddable":true,"href":"https:\/\/agrodiamant.ro\/index.php\/wp-json\/wp\/v2\/product_brand?post=5752"},{"taxonomy":"product_cat","embeddable":true,"href":"https:\/\/agrodiamant.ro\/index.php\/wp-json\/wp\/v2\/product_cat?post=5752"},{"taxonomy":"product_tag","embeddable":true,"href":"https:\/\/agrodiamant.ro\/index.php\/wp-json\/wp\/v2\/product_tag?post=5752"}],"curies":[{"name":"wp","href":"https:\/\/api.w.org\/{rel}","templated":true}]}}