{"id":5790,"date":"2025-04-01T10:29:52","date_gmt":"2025-04-01T10:29:52","guid":{"rendered":"https:\/\/agrodiamant.ro\/?post_type=product&#038;p=5790"},"modified":"2025-04-02T12:17:55","modified_gmt":"2025-04-02T12:17:55","slug":"cultivator-full-hidraulic-cu-protap-si-roti-de-transport-awemak-agrikuler-ak60","status":"publish","type":"product","link":"https:\/\/agrodiamant.ro\/index.php\/product\/cultivator-full-hidraulic-cu-protap-si-roti-de-transport-awemak-agrikuler-ak60\/","title":{"rendered":"Cultivator full hidraulic 6.0m cu pro\u021bap \u0219i ro\u021bi de transport AWEMAK AGRIKULER AK60"},"content":{"rendered":"","protected":false},"excerpt":{"rendered":"<p>\u00cen stock-ul nostru g\u0103si\u021bi cultivator pentru\u00a0dezmiri\u0219tire\u00a0<strong><em><u>AWEMAK AGRIKULER AK60\u00a0full hidraulic<\/u><\/em><\/strong>\u00a0echipat cu\u00a0<strong>pro\u021bap + ro\u021bi de transport, bar\u0103 nivelatoare\u00a0<\/strong>\u0219i\u00a0<strong>t\u0103v\u0103lugi<\/strong><\/p>\n<p><strong>Cultivatorul AGRIKULER este format din 5 sec\u021biuni de lucru:<\/strong><\/p>\n<ul>\n<li>1. T\u0103v\u0103lug\u00a0frontal &#8211; nivelarea prealabil\u0103 a suprafe\u021bei solului \u0219i spargerea bolovanilor;<\/li>\n<li>2. Bara nivelatoare cu ad\u00e2ncime de lucru reglabil\u0103 &#8211; nivelarea suprafe\u021bei;<\/li>\n<li>3. Sec\u021biunea mijlocie format\u0103 din cinci r\u00e2nduri de gheare &#8211; responsabile de spargerea stratului superior al solului;<\/li>\n<li>4. Tavalug spate &#8211; nivelarea din nou a suprafe\u021belor \u0219i maruntirea bolovanilor; Dup\u0103 ce trece tavalugul, se formeaz\u0103 un strat sub\u021bire, aerisit \u0219i sf\u0103r\u00e2mat de sol, sub care exist\u0103 un strat u\u0219or compactat.<\/li>\n<li>5. T\u0103v\u0103lug de finisare cu diametru redus pozi\u021bionat la spate &#8211; determin\u0103 ob\u021binerea unui efect mai bun de netezire a suprafe\u021bei .<\/li>\n<\/ul>\n<p><strong>Avantajele ma\u0219inii:<\/strong><\/p>\n<ul>\n<li>Suprafa\u021ba solului perfect nivelat\u0103<\/li>\n<li>In produc\u021bia utilajului au fost folosite materiale de \u00eenalta calitate<\/li>\n<li>Reglare simpl\u0103 a parametrilor ma\u0219inii<\/li>\n<li>Durat\u0103 lung\u0103 de via\u021b\u0103<\/li>\n<\/ul>\n<p><strong>Caracteristici tehnice<\/strong><\/p>\n<ul>\n<li>L\u0103\u021bime de lucru [m]: 6.0<\/li>\n<li>Greutate * [kg]: 3600<\/li>\n<li>Putere [CP]: 120-160<\/li>\n<li>Num\u0103rul de arcuri [buc]: 114<\/li>\n<\/ul>\n","protected":false},"featured_media":5791,"template":"","meta":[],"product_brand":[],"product_cat":[538,515,502],"product_tag":[],"class_list":{"0":"post-5790","1":"product","2":"type-product","3":"status-publish","4":"has-post-thumbnail","6":"product_cat-utilaje-agricole","7":"product_cat-combinatoare-utilaje-noi","8":"product_cat-prelucrarea-solului","10":"first","11":"instock","12":"taxable","13":"shipping-taxable","14":"product-type-simple"},"jetpack_sharing_enabled":true,"_links":{"self":[{"href":"https:\/\/agrodiamant.ro\/index.php\/wp-json\/wp\/v2\/product\/5790","targetHints":{"allow":["GET"]}}],"collection":[{"href":"https:\/\/agrodiamant.ro\/index.php\/wp-json\/wp\/v2\/product"}],"about":[{"href":"https:\/\/agrodiamant.ro\/index.php\/wp-json\/wp\/v2\/types\/product"}],"wp:featuredmedia":[{"embeddable":true,"href":"https:\/\/agrodiamant.ro\/index.php\/wp-json\/wp\/v2\/media\/5791"}],"wp:attachment":[{"href":"https:\/\/agrodiamant.ro\/index.php\/wp-json\/wp\/v2\/media?parent=5790"}],"wp:term":[{"taxonomy":"product_brand","embeddable":true,"href":"https:\/\/agrodiamant.ro\/index.php\/wp-json\/wp\/v2\/product_brand?post=5790"},{"taxonomy":"product_cat","embeddable":true,"href":"https:\/\/agrodiamant.ro\/index.php\/wp-json\/wp\/v2\/product_cat?post=5790"},{"taxonomy":"product_tag","embeddable":true,"href":"https:\/\/agrodiamant.ro\/index.php\/wp-json\/wp\/v2\/product_tag?post=5790"}],"curies":[{"name":"wp","href":"https:\/\/api.w.org\/{rel}","templated":true}]}}