{"id":5801,"date":"2025-04-01T10:42:22","date_gmt":"2025-04-01T10:42:22","guid":{"rendered":"https:\/\/agrodiamant.ro\/?post_type=product&#038;p=5801"},"modified":"2025-04-02T12:17:47","modified_gmt":"2025-04-02T12:17:47","slug":"cultivator-de-miriste-de-adancime-3-0m-bomet-canis","status":"publish","type":"product","link":"https:\/\/agrodiamant.ro\/index.php\/product\/cultivator-de-miriste-de-adancime-3-0m-bomet-canis\/","title":{"rendered":"Cultivator de miri\u0219te \/ de ad\u00e2ncime 3.0m BOMET CANIS"},"content":{"rendered":"","protected":false},"excerpt":{"rendered":"<p>\u00cen stock-ul nostru g\u0103si\u021bi cultivator pentru\u00a0dezmiri\u0219tire\u00a0<strong><em><u>BOMET CANIS<\/u><\/em><\/strong>\u00a0echipat cu\u00a0<strong>arcuri r\u0103sucite 2,5&#215;2,5cm<\/strong>\u00a0cu\u00a0<strong>v\u00e2rfuri\u00a0late de 30cm<\/strong>,\u00a0<strong>bar\u0103 nivelatoare fa\u021b\u0103 &#8211; spate<\/strong>,\u00a0<strong>t\u0103v\u0103lugi fa\u021b\u0103 COARD\u0102 spate CROSSKILL<\/strong>.<\/p>\n<p><strong>Caracteristici tehnice<\/strong><\/p>\n<p>&#8211; l\u0103\u021bime de lucru &#8211; m &#8211; 3.0;<br \/>\n&#8211; ad\u00e2ncime de lucru &#8211; cm &#8211; pana la 12 &#8211; 15;<br \/>\n&#8211; num\u0103r de arcuri \/ organe active &#8211; buc &#8211; 12;<br \/>\n&#8211; distanta intre arcuri\u00a0 &#8211; cm &#8211; 25;<br \/>\n&#8211; masa utilajului &#8211; kg &#8211; 1500 kg;<br \/>\n&#8211; necesar de putere &#8211; cp &#8211; 122;<\/p>\n","protected":false},"featured_media":5802,"template":"","meta":[],"product_brand":[],"product_cat":[538,515,502],"product_tag":[],"class_list":{"0":"post-5801","1":"product","2":"type-product","3":"status-publish","4":"has-post-thumbnail","6":"product_cat-utilaje-agricole","7":"product_cat-combinatoare-utilaje-noi","8":"product_cat-prelucrarea-solului","10":"first","11":"instock","12":"taxable","13":"shipping-taxable","14":"product-type-simple"},"jetpack_sharing_enabled":true,"_links":{"self":[{"href":"https:\/\/agrodiamant.ro\/index.php\/wp-json\/wp\/v2\/product\/5801","targetHints":{"allow":["GET"]}}],"collection":[{"href":"https:\/\/agrodiamant.ro\/index.php\/wp-json\/wp\/v2\/product"}],"about":[{"href":"https:\/\/agrodiamant.ro\/index.php\/wp-json\/wp\/v2\/types\/product"}],"wp:featuredmedia":[{"embeddable":true,"href":"https:\/\/agrodiamant.ro\/index.php\/wp-json\/wp\/v2\/media\/5802"}],"wp:attachment":[{"href":"https:\/\/agrodiamant.ro\/index.php\/wp-json\/wp\/v2\/media?parent=5801"}],"wp:term":[{"taxonomy":"product_brand","embeddable":true,"href":"https:\/\/agrodiamant.ro\/index.php\/wp-json\/wp\/v2\/product_brand?post=5801"},{"taxonomy":"product_cat","embeddable":true,"href":"https:\/\/agrodiamant.ro\/index.php\/wp-json\/wp\/v2\/product_cat?post=5801"},{"taxonomy":"product_tag","embeddable":true,"href":"https:\/\/agrodiamant.ro\/index.php\/wp-json\/wp\/v2\/product_tag?post=5801"}],"curies":[{"name":"wp","href":"https:\/\/api.w.org\/{rel}","templated":true}]}}