{"id":5811,"date":"2025-04-01T10:54:31","date_gmt":"2025-04-01T10:54:31","guid":{"rendered":"https:\/\/agrodiamant.ro\/?post_type=product&#038;p=5811"},"modified":"2025-12-09T14:52:00","modified_gmt":"2025-12-09T14:52:00","slug":"plug-agricol-reversibil-cu-cormana-lamelara-bomet-loe-300-380-450","status":"publish","type":"product","link":"https:\/\/agrodiamant.ro\/index.php\/product\/plug-agricol-reversibil-cu-cormana-lamelara-bomet-loe-300-380-450\/","title":{"rendered":"Plug agricol reversibil cu corman\u0103 lamelar\u0103 BOMET LOE 300-380-450"},"content":{"rendered":"","protected":false},"excerpt":{"rendered":"<p>\u00cen stock-ul nostru g\u0103si\u021bi pluguri\u00a0<strong><em><u>BOMET LEO<\/u><\/em><\/strong>\u00a0echipate\u00a0<strong>cu cormane lamelar\u0103<\/strong>, l\u0103\u021bimea brazdei reglabil\u0103 la 30-38-45cm, potrivite pentru tractoare cu puteri curinse intre 60 \u0219i 130 CP.<\/p>\n<p>Printre avantajele utiliz\u0103rii unei cormane lamelare enumer\u0103m: reducerea consumului de carburant, m\u0103run\u021birea mai bun\u0103 a solului, datorit\u0103 fantelor metalice p\u0103m\u00e2ntul nu se lipe\u0219te de corman\u0103 la fel cum o face pe una plin\u0103.<\/p>\n","protected":false},"featured_media":5812,"template":"","meta":[],"product_brand":[],"product_cat":[538,502,517],"product_tag":[],"class_list":{"0":"post-5811","1":"product","2":"type-product","3":"status-publish","4":"has-post-thumbnail","6":"product_cat-utilaje-agricole","7":"product_cat-prelucrarea-solului","8":"product_cat-pluguri-utilaje-noi","10":"first","11":"instock","12":"taxable","13":"shipping-taxable","14":"product-type-simple"},"jetpack_sharing_enabled":true,"_links":{"self":[{"href":"https:\/\/agrodiamant.ro\/index.php\/wp-json\/wp\/v2\/product\/5811","targetHints":{"allow":["GET"]}}],"collection":[{"href":"https:\/\/agrodiamant.ro\/index.php\/wp-json\/wp\/v2\/product"}],"about":[{"href":"https:\/\/agrodiamant.ro\/index.php\/wp-json\/wp\/v2\/types\/product"}],"wp:featuredmedia":[{"embeddable":true,"href":"https:\/\/agrodiamant.ro\/index.php\/wp-json\/wp\/v2\/media\/5812"}],"wp:attachment":[{"href":"https:\/\/agrodiamant.ro\/index.php\/wp-json\/wp\/v2\/media?parent=5811"}],"wp:term":[{"taxonomy":"product_brand","embeddable":true,"href":"https:\/\/agrodiamant.ro\/index.php\/wp-json\/wp\/v2\/product_brand?post=5811"},{"taxonomy":"product_cat","embeddable":true,"href":"https:\/\/agrodiamant.ro\/index.php\/wp-json\/wp\/v2\/product_cat?post=5811"},{"taxonomy":"product_tag","embeddable":true,"href":"https:\/\/agrodiamant.ro\/index.php\/wp-json\/wp\/v2\/product_tag?post=5811"}],"curies":[{"name":"wp","href":"https:\/\/api.w.org\/{rel}","templated":true}]}}