{"id":5821,"date":"2025-04-01T11:05:30","date_gmt":"2025-04-01T11:05:30","guid":{"rendered":"https:\/\/agrodiamant.ro\/?post_type=product&#038;p=5821"},"modified":"2025-12-09T14:52:41","modified_gmt":"2025-12-09T14:52:41","slug":"plug-agricol-reversibil-cu-cormana-plina-bomet-loe-300-380-450","status":"publish","type":"product","link":"https:\/\/agrodiamant.ro\/index.php\/product\/plug-agricol-reversibil-cu-cormana-plina-bomet-loe-300-380-450\/","title":{"rendered":"Plug agricol reversibil cu corman\u0103 plin\u0103 BOMET LOE 300-380-450"},"content":{"rendered":"","protected":false},"excerpt":{"rendered":"<p>\u00cen stock-ul nostru g\u0103si\u021bi pluguri\u00a0<strong><em><u>BOMET LEO<\/u><\/em><\/strong>\u00a0echipate\u00a0<strong>cu cormane lamelar\u0103<\/strong>, l\u0103\u021bimea brazdei reglabil\u0103 la 30-38-45cm, potrivite pentru tractoare cu puteri curinse intre 60 \u0219i 130 CP.<\/p>\n","protected":false},"featured_media":5823,"template":"","meta":[],"product_brand":[],"product_cat":[538,502,517],"product_tag":[],"class_list":{"0":"post-5821","1":"product","2":"type-product","3":"status-publish","4":"has-post-thumbnail","6":"product_cat-utilaje-agricole","7":"product_cat-prelucrarea-solului","8":"product_cat-pluguri-utilaje-noi","10":"first","11":"instock","12":"taxable","13":"shipping-taxable","14":"product-type-simple"},"jetpack_sharing_enabled":true,"_links":{"self":[{"href":"https:\/\/agrodiamant.ro\/index.php\/wp-json\/wp\/v2\/product\/5821","targetHints":{"allow":["GET"]}}],"collection":[{"href":"https:\/\/agrodiamant.ro\/index.php\/wp-json\/wp\/v2\/product"}],"about":[{"href":"https:\/\/agrodiamant.ro\/index.php\/wp-json\/wp\/v2\/types\/product"}],"wp:featuredmedia":[{"embeddable":true,"href":"https:\/\/agrodiamant.ro\/index.php\/wp-json\/wp\/v2\/media\/5823"}],"wp:attachment":[{"href":"https:\/\/agrodiamant.ro\/index.php\/wp-json\/wp\/v2\/media?parent=5821"}],"wp:term":[{"taxonomy":"product_brand","embeddable":true,"href":"https:\/\/agrodiamant.ro\/index.php\/wp-json\/wp\/v2\/product_brand?post=5821"},{"taxonomy":"product_cat","embeddable":true,"href":"https:\/\/agrodiamant.ro\/index.php\/wp-json\/wp\/v2\/product_cat?post=5821"},{"taxonomy":"product_tag","embeddable":true,"href":"https:\/\/agrodiamant.ro\/index.php\/wp-json\/wp\/v2\/product_tag?post=5821"}],"curies":[{"name":"wp","href":"https:\/\/api.w.org\/{rel}","templated":true}]}}