{"id":5842,"date":"2025-04-01T11:23:26","date_gmt":"2025-04-01T11:23:26","guid":{"rendered":"https:\/\/agrodiamant.ro\/?post_type=product&#038;p=5842"},"modified":"2025-12-06T10:33:06","modified_gmt":"2025-12-06T10:33:06","slug":"plug-agricol-reversibil-cu-cormana-plina-bomet-loe-250-300-350-tractoare-intre-40-85cp","status":"publish","type":"product","link":"https:\/\/agrodiamant.ro\/index.php\/product\/plug-agricol-reversibil-cu-cormana-plina-bomet-loe-250-300-350-tractoare-intre-40-85cp\/","title":{"rendered":"Plug agricol reversibil cu corman\u0103 plin\u0103 BOMET LOE 250-300-350 &#8211; tractoare \u00eentre 40 &#8211; 85CP"},"content":{"rendered":"","protected":false},"excerpt":{"rendered":"<p>\u00cen stock-ul nostru g\u0103si\u021bi pluguri\u00a0<strong><em><u>BOMET LEO<\/u><\/em><\/strong>\u00a0echipate\u00a0<strong>cu cormane lamelar\u0103<\/strong>, l\u0103\u021bimea brazdei reglabil\u0103 la 25 &#8211; 30 &#8211; 35cm, potrivite pentru tractoare cu puteri curinse intre 50 \u0219i 90 CP.<\/p>\n","protected":false},"featured_media":5851,"template":"","meta":[],"product_brand":[],"product_cat":[538,502,517],"product_tag":[],"class_list":{"0":"post-5842","1":"product","2":"type-product","3":"status-publish","4":"has-post-thumbnail","6":"product_cat-utilaje-agricole","7":"product_cat-prelucrarea-solului","8":"product_cat-pluguri-utilaje-noi","10":"first","11":"instock","12":"taxable","13":"shipping-taxable","14":"product-type-simple"},"jetpack_sharing_enabled":true,"_links":{"self":[{"href":"https:\/\/agrodiamant.ro\/index.php\/wp-json\/wp\/v2\/product\/5842","targetHints":{"allow":["GET"]}}],"collection":[{"href":"https:\/\/agrodiamant.ro\/index.php\/wp-json\/wp\/v2\/product"}],"about":[{"href":"https:\/\/agrodiamant.ro\/index.php\/wp-json\/wp\/v2\/types\/product"}],"wp:featuredmedia":[{"embeddable":true,"href":"https:\/\/agrodiamant.ro\/index.php\/wp-json\/wp\/v2\/media\/5851"}],"wp:attachment":[{"href":"https:\/\/agrodiamant.ro\/index.php\/wp-json\/wp\/v2\/media?parent=5842"}],"wp:term":[{"taxonomy":"product_brand","embeddable":true,"href":"https:\/\/agrodiamant.ro\/index.php\/wp-json\/wp\/v2\/product_brand?post=5842"},{"taxonomy":"product_cat","embeddable":true,"href":"https:\/\/agrodiamant.ro\/index.php\/wp-json\/wp\/v2\/product_cat?post=5842"},{"taxonomy":"product_tag","embeddable":true,"href":"https:\/\/agrodiamant.ro\/index.php\/wp-json\/wp\/v2\/product_tag?post=5842"}],"curies":[{"name":"wp","href":"https:\/\/api.w.org\/{rel}","templated":true}]}}