{"id":5878,"date":"2025-04-01T12:52:21","date_gmt":"2025-04-01T12:52:21","guid":{"rendered":"https:\/\/agrodiamant.ro\/?post_type=product&#038;p=5878"},"modified":"2025-04-02T12:12:57","modified_gmt":"2025-04-02T12:12:57","slug":"plug-reversibil-profesional-akpil-mix-due-tractoare-50-110cp","status":"publish","type":"product","link":"https:\/\/agrodiamant.ro\/index.php\/product\/plug-reversibil-profesional-akpil-mix-due-tractoare-50-110cp\/","title":{"rendered":"Plug reversibil profesional AKPIL MIX DUE &#8211; tractoare 50 &#8211; 110CP"},"content":{"rendered":"","protected":false},"excerpt":{"rendered":"<p><u>AgroDiamant este dealer AKPIL.<\/u>\u00a0Distribuim produsele acestora, reu\u0219ind s\u0103 oferim asisten\u021b\u0103 tehnic\u0103 precum \u0219i piese de schimb pentru acestea. Pe site-ul nostru g\u0103si\u021bi o parte din oferta produc\u0103torul polonez. \u00centreaga gam\u0103 de produse AKPIL o pute\u021bi vedea d\u00e2nd\u00a0<a href=\"https:\/\/www.akpil.pl\/en\/agricultural-machinery\/\">click aici<\/a>. Putem aduce pe comanda orice utilaj din oferta acestora.<\/p>\n<p><strong>Akpil MixDue este conceput pentru a oferi maximul de calitate \u00eentr-un pachet compact.\u00a0<\/strong><\/p>\n<p>Metalul tratat, folosit \u00een fabricarea utilajului, este protejat \u00eenaintea\u00a0vopsirii realizat\u0103 \u00een c\u00e2mp\u00a0electrostatic cu un strat de grund. Aceasta tehnic\u0103\u00a0ofer\u0103\u00a0plugului o rezistenta superioara \u00eempotriva\u00a0coroziunii.<\/p>\n","protected":false},"featured_media":5883,"template":"","meta":[],"product_brand":[],"product_cat":[538,502,517],"product_tag":[],"class_list":{"0":"post-5878","1":"product","2":"type-product","3":"status-publish","4":"has-post-thumbnail","6":"product_cat-utilaje-agricole","7":"product_cat-prelucrarea-solului","8":"product_cat-pluguri-utilaje-noi","10":"first","11":"instock","12":"taxable","13":"shipping-taxable","14":"product-type-simple"},"jetpack_sharing_enabled":true,"_links":{"self":[{"href":"https:\/\/agrodiamant.ro\/index.php\/wp-json\/wp\/v2\/product\/5878","targetHints":{"allow":["GET"]}}],"collection":[{"href":"https:\/\/agrodiamant.ro\/index.php\/wp-json\/wp\/v2\/product"}],"about":[{"href":"https:\/\/agrodiamant.ro\/index.php\/wp-json\/wp\/v2\/types\/product"}],"wp:featuredmedia":[{"embeddable":true,"href":"https:\/\/agrodiamant.ro\/index.php\/wp-json\/wp\/v2\/media\/5883"}],"wp:attachment":[{"href":"https:\/\/agrodiamant.ro\/index.php\/wp-json\/wp\/v2\/media?parent=5878"}],"wp:term":[{"taxonomy":"product_brand","embeddable":true,"href":"https:\/\/agrodiamant.ro\/index.php\/wp-json\/wp\/v2\/product_brand?post=5878"},{"taxonomy":"product_cat","embeddable":true,"href":"https:\/\/agrodiamant.ro\/index.php\/wp-json\/wp\/v2\/product_cat?post=5878"},{"taxonomy":"product_tag","embeddable":true,"href":"https:\/\/agrodiamant.ro\/index.php\/wp-json\/wp\/v2\/product_tag?post=5878"}],"curies":[{"name":"wp","href":"https:\/\/api.w.org\/{rel}","templated":true}]}}