{"id":5949,"date":"2025-04-02T10:08:59","date_gmt":"2025-04-02T10:08:59","guid":{"rendered":"https:\/\/agrodiamant.ro\/?post_type=product&#038;p=5949"},"modified":"2025-04-02T12:10:55","modified_gmt":"2025-04-02T12:10:55","slug":"disc-agr-profesional-greu-pliabil-akpil-bison-xl","status":"publish","type":"product","link":"https:\/\/agrodiamant.ro\/index.php\/product\/disc-agr-profesional-greu-pliabil-akpil-bison-xl\/","title":{"rendered":"Disc agricol profesional pliabil hidraulic \u0219i tractat &#8211; AKPIL BISON XL &#8211; l\u0103\u021bimi de lucru 4.0-6.0m &#8211; tractoare 160-250CP"},"content":{"rendered":"","protected":false},"excerpt":{"rendered":"<p><u>AgroDiamant este dealer AKPIL.<\/u>\u00a0Distribuim produsele acestora, reu\u0219ind s\u0103 oferim asisten\u021b\u0103 tehnic\u0103 precum \u0219i piese de schimb pentru acestea. Pe site-ul nostru g\u0103si\u021bi o parte din oferta produc\u0103torul polonez. \u00centreaga gam\u0103 de produse AKPIL o pute\u021bi vedea d\u00e2nd\u00a0<a href=\"https:\/\/www.akpil.pl\/en\/agricultural-machinery\/\">click aici<\/a>. Putem aduce pe comanda orice utilaj din oferta acestora.<\/p>\n<p><strong>Akpil GEPARD XL<\/strong>\u00a0este modelul de disc pliabil hidraulic capabil de a fi accesorizat cu\u00a0<strong>sem\u0103n\u0103toare\u00a0pentru\u00a0\u00eens\u0103m\u00e2n\u021barea\u00a0miri\u0219tilor\u00a0dup\u0103\u00a0recoltare<\/strong>.\u00a0Totodat\u0103\u00a0poate fi echipat cu <strong>kit de conversie pentru a fi\u00a0transformat\u00a0dintr-un utilaj purtat \u00eentr-unul tractat<\/strong>. \u00cen plus\u00a0produc\u0103torul\u00a0<strong>ofer\u0103 21 de modele de\u00a0t\u0103v\u0103lugi<\/strong>.<\/p>\n<p>Metalul tratat, folosit \u00een fabricarea utilajului, este protejat \u00eenaintea\u00a0vopsirii realizat\u0103 \u00een c\u00e2mp\u00a0electrostatic cu un strat de grund. Aceasta tehnic\u0103\u00a0ofer\u0103\u00a0discului o rezistenta superioara \u00eempotriva\u00a0coroziunii.<\/p>\n","protected":false},"featured_media":5955,"template":"","meta":[],"product_brand":[],"product_cat":[538,514,502],"product_tag":[],"class_list":{"0":"post-5949","1":"product","2":"type-product","3":"status-publish","4":"has-post-thumbnail","6":"product_cat-utilaje-agricole","7":"product_cat-discuri-utilaje-noi","8":"product_cat-prelucrarea-solului","10":"first","11":"instock","12":"taxable","13":"shipping-taxable","14":"product-type-simple"},"jetpack_sharing_enabled":true,"_links":{"self":[{"href":"https:\/\/agrodiamant.ro\/index.php\/wp-json\/wp\/v2\/product\/5949","targetHints":{"allow":["GET"]}}],"collection":[{"href":"https:\/\/agrodiamant.ro\/index.php\/wp-json\/wp\/v2\/product"}],"about":[{"href":"https:\/\/agrodiamant.ro\/index.php\/wp-json\/wp\/v2\/types\/product"}],"wp:featuredmedia":[{"embeddable":true,"href":"https:\/\/agrodiamant.ro\/index.php\/wp-json\/wp\/v2\/media\/5955"}],"wp:attachment":[{"href":"https:\/\/agrodiamant.ro\/index.php\/wp-json\/wp\/v2\/media?parent=5949"}],"wp:term":[{"taxonomy":"product_brand","embeddable":true,"href":"https:\/\/agrodiamant.ro\/index.php\/wp-json\/wp\/v2\/product_brand?post=5949"},{"taxonomy":"product_cat","embeddable":true,"href":"https:\/\/agrodiamant.ro\/index.php\/wp-json\/wp\/v2\/product_cat?post=5949"},{"taxonomy":"product_tag","embeddable":true,"href":"https:\/\/agrodiamant.ro\/index.php\/wp-json\/wp\/v2\/product_tag?post=5949"}],"curies":[{"name":"wp","href":"https:\/\/api.w.org\/{rel}","templated":true}]}}