{"id":5978,"date":"2025-04-02T11:43:09","date_gmt":"2025-04-02T11:43:09","guid":{"rendered":"https:\/\/agrodiamant.ro\/?post_type=product&#038;p=5978"},"modified":"2025-04-02T12:10:41","modified_gmt":"2025-04-02T12:10:41","slug":"in-stock-akpil-gepard-xl-tractat-disc-agricol-profesional-latimi-intre-4-5-6-0m-tractoare-160-200cp","status":"publish","type":"product","link":"https:\/\/agrodiamant.ro\/index.php\/product\/in-stock-akpil-gepard-xl-tractat-disc-agricol-profesional-latimi-intre-4-5-6-0m-tractoare-160-200cp\/","title":{"rendered":"!!! \u00ceN STOCK !!! &#8211; AKPIL GEPARD XL TRACTAT &#8211; Disc agricol profesional &#8211; l\u0103\u021bimi \u00eentre 4.5-6.0m &#8211; tractoare 160-200CP"},"content":{"rendered":"","protected":false},"excerpt":{"rendered":"<p><u>AgroDiamant este dealer AKPIL.<\/u>\u00a0Distribuim produsele acestora, reu\u0219ind s\u0103 oferim asisten\u021b\u0103 tehnic\u0103 precum \u0219i piese de schimb pentru acestea. Pe site-ul nostru g\u0103si\u021bi o parte din oferta produc\u0103torul polonez. \u00centreaga gam\u0103 de produse AKPIL o pute\u021bi vedea d\u00e2nd\u00a0<a href=\"https:\/\/www.akpil.pl\/en\/agricultural-machinery\/\">click aici<\/a>. Putem aduce pe comanda orice utilaj din oferta acestora.<\/p>\n<p><strong><em><u>AKPIL GEPARD XL TRACTAT modele disponibile \u00een stock:<\/u><\/em><\/strong><\/p>\n<p><strong>Akpil GEPARD XL 4.5m tractat<br \/>\n<\/strong>&#8211; Putere minima necesara tractorului (CP): 160<br \/>\n&#8211; Masa utilajului (kg): 3250<br \/>\n&#8211; T\u0103v\u0103lugi disponibili:<br \/>\n&#8211;&#8211;-PLAT BAND\u0102 ZIM\u021aAT\u0102 \u2300530mm<br \/>\n&#8211;&#8211;-PACKER \u2300530mm<\/p>\n<p><strong>Akpil GEPARD XL 5.0m tractat<br \/>\n<\/strong>&#8211; Putere minima necesara tractorului (CP): 170<br \/>\n&#8211; Masa utilajului (kg): 3400<br \/>\n&#8211; T\u0103v\u0103lugi disponibili:<br \/>\n&#8211;&#8211;-PLAT BAND\u0102 ZIM\u021aAT\u0102 \u2300530mm<\/p>\n<p><strong>Akpil GEPARD XL 5.5m tractat<br \/>\n<\/strong>&#8211; Putere minima necesara tractorului (CP): 180<br \/>\n&#8211; Masa utilajului (kg): 3550<br \/>\n&#8211; T\u0103v\u0103lugi disponibili:<br \/>\n&#8211;&#8211;-PLAT BAND\u0102 ZIM\u021aAT\u0102 \u2300530mm<\/p>\n<p><strong>Akpil GEPARD XL 6.0m tractat<br \/>\n<\/strong>&#8211; Putere minima necesara tractorului (CP): 190<br \/>\n&#8211; Masa utilajului (kg): 3700<br \/>\n&#8211; T\u0103v\u0103lugi disponibili:<br \/>\n&#8211;&#8211;-PLAT BAND\u0102 ZIM\u021aAT\u0102 \u2300530mm<\/p>\n","protected":false},"featured_media":5981,"template":"","meta":[],"product_brand":[],"product_cat":[538,514,502],"product_tag":[],"class_list":{"0":"post-5978","1":"product","2":"type-product","3":"status-publish","4":"has-post-thumbnail","6":"product_cat-utilaje-agricole","7":"product_cat-discuri-utilaje-noi","8":"product_cat-prelucrarea-solului","10":"first","11":"instock","12":"taxable","13":"shipping-taxable","14":"product-type-simple"},"jetpack_sharing_enabled":true,"_links":{"self":[{"href":"https:\/\/agrodiamant.ro\/index.php\/wp-json\/wp\/v2\/product\/5978","targetHints":{"allow":["GET"]}}],"collection":[{"href":"https:\/\/agrodiamant.ro\/index.php\/wp-json\/wp\/v2\/product"}],"about":[{"href":"https:\/\/agrodiamant.ro\/index.php\/wp-json\/wp\/v2\/types\/product"}],"wp:featuredmedia":[{"embeddable":true,"href":"https:\/\/agrodiamant.ro\/index.php\/wp-json\/wp\/v2\/media\/5981"}],"wp:attachment":[{"href":"https:\/\/agrodiamant.ro\/index.php\/wp-json\/wp\/v2\/media?parent=5978"}],"wp:term":[{"taxonomy":"product_brand","embeddable":true,"href":"https:\/\/agrodiamant.ro\/index.php\/wp-json\/wp\/v2\/product_brand?post=5978"},{"taxonomy":"product_cat","embeddable":true,"href":"https:\/\/agrodiamant.ro\/index.php\/wp-json\/wp\/v2\/product_cat?post=5978"},{"taxonomy":"product_tag","embeddable":true,"href":"https:\/\/agrodiamant.ro\/index.php\/wp-json\/wp\/v2\/product_tag?post=5978"}],"curies":[{"name":"wp","href":"https:\/\/api.w.org\/{rel}","templated":true}]}}