{"id":5993,"date":"2025-04-02T13:11:00","date_gmt":"2025-04-02T13:11:00","guid":{"rendered":"https:\/\/agrodiamant.ro\/?post_type=product&#038;p=5993"},"modified":"2025-04-02T13:29:05","modified_gmt":"2025-04-02T13:29:05","slug":"disc-agricol-profesional-akpil-gepard-latimi-intre-1-75-4-00m-tractoare-75-150cp-copie","status":"publish","type":"product","link":"https:\/\/agrodiamant.ro\/index.php\/product\/disc-agricol-profesional-akpil-gepard-latimi-intre-1-75-4-00m-tractoare-75-150cp-copie\/","title":{"rendered":"Disc agricol profesional &#8211; AKPIL GEPARD &#8211; l\u0103\u021bimi \u00eentre 1.75-4.00m &#8211; tractoare 75-150CP"},"content":{"rendered":"","protected":false},"excerpt":{"rendered":"<p><u>AgroDiamant este dealer AKPIL.<\/u>\u00a0Distribuim produsele acestora, reu\u0219ind s\u0103 oferim asisten\u021b\u0103 tehnic\u0103 precum \u0219i piese de schimb pentru acestea. Pe site-ul nostru g\u0103si\u021bi o parte din oferta produc\u0103torul polonez. \u00centreaga gam\u0103 de produse AKPIL o pute\u021bi vedea d\u00e2nd\u00a0<a href=\"https:\/\/www.akpil.pl\/en\/agricultural-machinery\/\">click aici<\/a>. Putem aduce pe comanda orice utilaj din oferta acestora.<\/p>\n<p><strong>Akpil GEPARD<\/strong> este modelul de disc capabil de a fi accesorizat cu sem\u0103n\u0103toare pentru \u00eens\u0103m\u00e2n\u021barea miri\u0219tilor dup\u0103 recoltare sau sistem de sem\u0103n\u0103toare pneumatica. Totodat\u0103 poate fi echipat cu kit de conversie pentru a fi transformat dintr-un utilaj purtat \u00eentr-unul tractat. \u00cen plus produc\u0103torul ofer\u0103 20 de modele de t\u0103v\u0103lugi. La noi \u00een stock pute\u021bi g\u0103si 2 modele: T\u0103v\u0103lug coarda \/ packer.<\/p>\n<p>Metalul tratat, folosit \u00een fabricarea utilajului, este protejat \u00eenaintea vopsirii realizat\u0103 \u00een c\u00e2mp electrostatic cu un strat de grund. Aceasta tehnic\u0103 ofer\u0103 discului o rezistenta superioara \u00eempotriva coroziunii.<\/p>\n","protected":false},"featured_media":5996,"template":"","meta":[],"product_brand":[],"product_cat":[538,514,502],"product_tag":[],"class_list":{"0":"post-5993","1":"product","2":"type-product","3":"status-publish","4":"has-post-thumbnail","6":"product_cat-utilaje-agricole","7":"product_cat-discuri-utilaje-noi","8":"product_cat-prelucrarea-solului","10":"first","11":"instock","12":"taxable","13":"shipping-taxable","14":"product-type-simple"},"jetpack_sharing_enabled":true,"_links":{"self":[{"href":"https:\/\/agrodiamant.ro\/index.php\/wp-json\/wp\/v2\/product\/5993","targetHints":{"allow":["GET"]}}],"collection":[{"href":"https:\/\/agrodiamant.ro\/index.php\/wp-json\/wp\/v2\/product"}],"about":[{"href":"https:\/\/agrodiamant.ro\/index.php\/wp-json\/wp\/v2\/types\/product"}],"wp:featuredmedia":[{"embeddable":true,"href":"https:\/\/agrodiamant.ro\/index.php\/wp-json\/wp\/v2\/media\/5996"}],"wp:attachment":[{"href":"https:\/\/agrodiamant.ro\/index.php\/wp-json\/wp\/v2\/media?parent=5993"}],"wp:term":[{"taxonomy":"product_brand","embeddable":true,"href":"https:\/\/agrodiamant.ro\/index.php\/wp-json\/wp\/v2\/product_brand?post=5993"},{"taxonomy":"product_cat","embeddable":true,"href":"https:\/\/agrodiamant.ro\/index.php\/wp-json\/wp\/v2\/product_cat?post=5993"},{"taxonomy":"product_tag","embeddable":true,"href":"https:\/\/agrodiamant.ro\/index.php\/wp-json\/wp\/v2\/product_tag?post=5993"}],"curies":[{"name":"wp","href":"https:\/\/api.w.org\/{rel}","templated":true}]}}