{"id":6009,"date":"2025-04-02T13:32:41","date_gmt":"2025-04-02T13:32:41","guid":{"rendered":"https:\/\/agrodiamant.ro\/?post_type=product&#038;p=6009"},"modified":"2025-04-02T13:45:47","modified_gmt":"2025-04-02T13:45:47","slug":"akpil-scorpio-s-cultivator-de-adancime-de-miriste-cu-arc-latimi-intre-2-4-3-0-tractoare-130-150cp","status":"publish","type":"product","link":"https:\/\/agrodiamant.ro\/index.php\/product\/akpil-scorpio-s-cultivator-de-adancime-de-miriste-cu-arc-latimi-intre-2-4-3-0-tractoare-130-150cp\/","title":{"rendered":"AKPIL SCORPIO S &#8211; Cultivator de ad\u00e2ncime \/ de miri\u0219te cu arc &#8211; l\u0103\u021bimi \u00eentre 2.4-3.0 &#8211; tractoare 130-150CP"},"content":{"rendered":"","protected":false},"excerpt":{"rendered":"<p><u>AgroDiamant este dealer AKPIL.<\/u>\u00a0Distribuim produsele acestora, reu\u0219ind s\u0103 oferim asisten\u021b\u0103 tehnic\u0103 precum \u0219i piese de schimb pentru acestea. Pe site-ul nostru g\u0103si\u021bi o parte din oferta produc\u0103torul polonez. \u00centreaga gam\u0103 de produse AKPIL o pute\u021bi vedea d\u00e2nd\u00a0<a href=\"https:\/\/www.akpil.pl\/en\/agricultural-machinery\/\">click aici<\/a>. Putem aduce pe comanda orice utilaj din oferta acestora.<\/p>\n<p><strong>Akpil SCORPIO S<\/strong> reprezent\u0103 cel mai solid model de cultivator de ad\u00e2ncime\u00a0produs de cei de la AKPIL.\u00a0Metalul tratat, folosit \u00een fabricarea utilajului, este protejat \u00eenaintea\u00a0vopsirii realizat\u0103 \u00een c\u00e2mp\u00a0electrostatic cu un strat de grund. Aceasta tehnic\u0103\u00a0ofer\u0103\u00a0cultivatorului o rezistenta superioara \u00eempotriva\u00a0coroziunii. Ghearele cu foi de arc duble au o \u00een\u0103l\u021bime de 80cm \u0219i sunt protejate \u00eempotriva\u00a0impactului cu obstacole subterane cu arcuri.<\/p>\n","protected":false},"featured_media":6015,"template":"","meta":[],"product_brand":[],"product_cat":[538,515,502],"product_tag":[],"class_list":{"0":"post-6009","1":"product","2":"type-product","3":"status-publish","4":"has-post-thumbnail","6":"product_cat-utilaje-agricole","7":"product_cat-combinatoare-utilaje-noi","8":"product_cat-prelucrarea-solului","10":"first","11":"instock","12":"taxable","13":"shipping-taxable","14":"product-type-simple"},"jetpack_sharing_enabled":true,"_links":{"self":[{"href":"https:\/\/agrodiamant.ro\/index.php\/wp-json\/wp\/v2\/product\/6009","targetHints":{"allow":["GET"]}}],"collection":[{"href":"https:\/\/agrodiamant.ro\/index.php\/wp-json\/wp\/v2\/product"}],"about":[{"href":"https:\/\/agrodiamant.ro\/index.php\/wp-json\/wp\/v2\/types\/product"}],"wp:featuredmedia":[{"embeddable":true,"href":"https:\/\/agrodiamant.ro\/index.php\/wp-json\/wp\/v2\/media\/6015"}],"wp:attachment":[{"href":"https:\/\/agrodiamant.ro\/index.php\/wp-json\/wp\/v2\/media?parent=6009"}],"wp:term":[{"taxonomy":"product_brand","embeddable":true,"href":"https:\/\/agrodiamant.ro\/index.php\/wp-json\/wp\/v2\/product_brand?post=6009"},{"taxonomy":"product_cat","embeddable":true,"href":"https:\/\/agrodiamant.ro\/index.php\/wp-json\/wp\/v2\/product_cat?post=6009"},{"taxonomy":"product_tag","embeddable":true,"href":"https:\/\/agrodiamant.ro\/index.php\/wp-json\/wp\/v2\/product_tag?post=6009"}],"curies":[{"name":"wp","href":"https:\/\/api.w.org\/{rel}","templated":true}]}}