{"id":6039,"date":"2025-04-02T14:01:40","date_gmt":"2025-04-02T14:01:40","guid":{"rendered":"https:\/\/agrodiamant.ro\/?post_type=product&#038;p=6039"},"modified":"2025-04-02T14:08:39","modified_gmt":"2025-04-02T14:08:39","slug":"zanon-itf-freza-palpator-cu-retragere-laterala-hidraulica","status":"publish","type":"product","link":"https:\/\/agrodiamant.ro\/index.php\/product\/zanon-itf-freza-palpator-cu-retragere-laterala-hidraulica\/","title":{"rendered":"ZANON ITF &#8211; Frez\u0103 palpator cu retragere laterala hidraulic\u0103"},"content":{"rendered":"","protected":false},"excerpt":{"rendered":"<p><u>AgroDiamant este dealer ZANON.<\/u>\u00a0Distribuim produsele acestora, reu\u0219ind s\u0103 oferim asisten\u021b\u0103 tehnic\u0103 precum \u0219i piese de schimb pentru acestea. Pe site-ul nostru g\u0103si\u021bi o parte din oferta produc\u0103torul italian. \u00centreaga gam\u0103 de produse ZANON o pute\u021bi vedea d\u00e2nd\u00a0<a href=\"https:\/\/www.zanon.it\/en\/\">click aici<\/a>. Putem aduce pe comanda orice utilaj din oferta acestora.<\/p>\n<p>Zanon ITF este modelul de frez\u0103 palpator cu retragere laterala realizat\u0103\u00a0cu ajutorul cilindrilor hidraulici. Aceasta se g\u0103se\u0219te \u00een 3 configura\u021bii \u00een func\u021bie de l\u0103\u021bimea\u00a0de lucru a frezei 60 \/ 80 \/ 100cm.\u00a0<a href=\"https:\/\/agrodiamant.ro\/index.php\/product\/zanon-ite-freza-rotativa-palpator-cu-latime-de-lucru-variabila-si-retragere-laterala-hidraulica\/\">Zanon ofer\u0103 \u0219i modelul ITE<\/a>\u00a0&#8211; freza rotativa palpatoare cu l\u0103\u021bime\u00a0de lucru variabil\u0103. ITE se g\u0103se\u0219te \u00eentr-o singur\u0103 configura\u021bie\u00a0av\u00e2nd\u00a0l\u0103\u021bimea\u00a0de lucru a frezei modular\u0103\u00a0 40 &#8211; 60 &#8211; 80 &#8211; 100 cm.<\/p>\n","protected":false},"featured_media":6043,"template":"","meta":[],"product_brand":[],"product_cat":[538,528,506],"product_tag":[],"class_list":{"0":"post-6039","1":"product","2":"type-product","3":"status-publish","4":"has-post-thumbnail","6":"product_cat-utilaje-agricole","7":"product_cat-freze-palp-utilaje-noi","8":"product_cat-horticol-viticol","10":"first","11":"instock","12":"taxable","13":"shipping-taxable","14":"product-type-simple"},"jetpack_sharing_enabled":true,"_links":{"self":[{"href":"https:\/\/agrodiamant.ro\/index.php\/wp-json\/wp\/v2\/product\/6039","targetHints":{"allow":["GET"]}}],"collection":[{"href":"https:\/\/agrodiamant.ro\/index.php\/wp-json\/wp\/v2\/product"}],"about":[{"href":"https:\/\/agrodiamant.ro\/index.php\/wp-json\/wp\/v2\/types\/product"}],"wp:featuredmedia":[{"embeddable":true,"href":"https:\/\/agrodiamant.ro\/index.php\/wp-json\/wp\/v2\/media\/6043"}],"wp:attachment":[{"href":"https:\/\/agrodiamant.ro\/index.php\/wp-json\/wp\/v2\/media?parent=6039"}],"wp:term":[{"taxonomy":"product_brand","embeddable":true,"href":"https:\/\/agrodiamant.ro\/index.php\/wp-json\/wp\/v2\/product_brand?post=6039"},{"taxonomy":"product_cat","embeddable":true,"href":"https:\/\/agrodiamant.ro\/index.php\/wp-json\/wp\/v2\/product_cat?post=6039"},{"taxonomy":"product_tag","embeddable":true,"href":"https:\/\/agrodiamant.ro\/index.php\/wp-json\/wp\/v2\/product_tag?post=6039"}],"curies":[{"name":"wp","href":"https:\/\/api.w.org\/{rel}","templated":true}]}}