{"id":6048,"date":"2025-04-02T14:10:18","date_gmt":"2025-04-02T14:10:18","guid":{"rendered":"https:\/\/agrodiamant.ro\/?post_type=product&#038;p=6048"},"modified":"2025-04-02T14:32:16","modified_gmt":"2025-04-02T14:32:16","slug":"zanon-cvt-pro-cultivator-cu-palpator-si-sistem-hidraulic-propriu-latimi-intre-1-4-2-4m-tractoare-40-90cp","status":"publish","type":"product","link":"https:\/\/agrodiamant.ro\/index.php\/product\/zanon-cvt-pro-cultivator-cu-palpator-si-sistem-hidraulic-propriu-latimi-intre-1-4-2-4m-tractoare-40-90cp\/","title":{"rendered":"ZANON CVT PRO &#8211; Cultivator cu palpator si sistem hidraulic propriu &#8211; l\u0103\u021bimi \u00eentre 1.4-2.4m &#8211; tractoare 40-90CP"},"content":{"rendered":"","protected":false},"excerpt":{"rendered":"<p><u>AgroDiamant este dealer ZANON.<\/u>\u00a0Distribuim produsele acestora, reu\u0219ind s\u0103 oferim asisten\u021b\u0103 tehnic\u0103 precum \u0219i piese de schimb pentru acestea. Pe site-ul nostru g\u0103si\u021bi o parte din oferta produc\u0103torul italian. \u00centreaga gam\u0103 de produse ZANON o pute\u021bi vedea d\u00e2nd\u00a0<a href=\"https:\/\/www.zanon.it\/en\/\">click aici<\/a>. Putem aduce pe comanda orice utilaj din oferta acestora.<\/p>\n<p><strong>Zanon CVT PRO<\/strong> reprezint\u0103\u00a0gama de cultivatoare cu posibilitatea de a ata\u0219a\u00a0de acestea echipamente palpatoare oferite de cei de la ZANON. Aceasta este varianta de cultivator ale c\u0103ror\u00a0echipamente palpatoare sunt antrenate prin intermediul prizei de putere a tractorului.\u00a0<a href=\"https:\/\/agrodiamant.ro\/index.php\/product\/zanon-cvt-pro-cultivator-cu-palpator-latimi-intre-1-4-2-4m-tractoare-40-90cp\/\">Zanon CVT BASE<\/a>\u00a0reprezint\u0103 alternativa mai accesibila, a c\u0103rui\u00a0sistem palpator este antrenat prin intermediul sistemului hidraulic al tractorului.<\/p>\n","protected":false},"featured_media":6056,"template":"","meta":[],"product_brand":[],"product_cat":[538,527,506],"product_tag":[],"class_list":{"0":"post-6048","1":"product","2":"type-product","3":"status-publish","4":"has-post-thumbnail","6":"product_cat-utilaje-agricole","7":"product_cat-subsoliere-utilaje-noi","8":"product_cat-horticol-viticol","10":"first","11":"instock","12":"taxable","13":"shipping-taxable","14":"product-type-simple"},"jetpack_sharing_enabled":true,"_links":{"self":[{"href":"https:\/\/agrodiamant.ro\/index.php\/wp-json\/wp\/v2\/product\/6048","targetHints":{"allow":["GET"]}}],"collection":[{"href":"https:\/\/agrodiamant.ro\/index.php\/wp-json\/wp\/v2\/product"}],"about":[{"href":"https:\/\/agrodiamant.ro\/index.php\/wp-json\/wp\/v2\/types\/product"}],"wp:featuredmedia":[{"embeddable":true,"href":"https:\/\/agrodiamant.ro\/index.php\/wp-json\/wp\/v2\/media\/6056"}],"wp:attachment":[{"href":"https:\/\/agrodiamant.ro\/index.php\/wp-json\/wp\/v2\/media?parent=6048"}],"wp:term":[{"taxonomy":"product_brand","embeddable":true,"href":"https:\/\/agrodiamant.ro\/index.php\/wp-json\/wp\/v2\/product_brand?post=6048"},{"taxonomy":"product_cat","embeddable":true,"href":"https:\/\/agrodiamant.ro\/index.php\/wp-json\/wp\/v2\/product_cat?post=6048"},{"taxonomy":"product_tag","embeddable":true,"href":"https:\/\/agrodiamant.ro\/index.php\/wp-json\/wp\/v2\/product_tag?post=6048"}],"curies":[{"name":"wp","href":"https:\/\/api.w.org\/{rel}","templated":true}]}}