{"id":6076,"date":"2025-04-02T14:45:55","date_gmt":"2025-04-02T14:45:55","guid":{"rendered":"https:\/\/agrodiamant.ro\/?post_type=product&#038;p=6076"},"modified":"2025-04-02T15:13:08","modified_gmt":"2025-04-02T15:13:08","slug":"zanon-cst-base-echipamente-palpatoare-semiprofesioanle","status":"publish","type":"product","link":"https:\/\/agrodiamant.ro\/index.php\/product\/zanon-cst-base-echipamente-palpatoare-semiprofesioanle\/","title":{"rendered":"ZANON CST BASE &#8211; Echipamente palpatoare semiprofesionale"},"content":{"rendered":"","protected":false},"excerpt":{"rendered":"<p><u>AgroDiamant este dealer ZANON.<\/u>\u00a0Distribuim produsele acestora, reu\u0219ind s\u0103 oferim asisten\u021b\u0103 tehnic\u0103 precum \u0219i piese de schimb pentru acestea. Pe site-ul nostru g\u0103si\u021bi o parte din oferta produc\u0103torul italian. \u00centreaga gam\u0103 de produse ZANON o pute\u021bi vedea d\u00e2nd\u00a0<a href=\"https:\/\/www.zanon.it\/en\/\">click aici<\/a>. Putem aduce pe comanda orice utilaj din oferta acestora.<\/p>\n<p><strong>Zanon CST BASE<\/strong> reprezint\u0103\u00a0gama de palpatoare semiprofesionale oferite de cei de la ZANON. Aceasta\u00a0este gama de mijloc, produc\u0103torul\u00a0complet\u00e2nd\u00a0oferta sa cu palpatoare mai accesibile precum modelele\u00a0<a href=\"https:\/\/agrodiamant.ro\/index.php\/product\/zanon-cse-echipamente-palpatoare-usoare\/\">ZANON CSE<\/a>\u00a0sau varianta profesionala\u00a0<a href=\"https:\/\/agrodiamant.ro\/index.php\/product\/zanon-cst-pro-echipamente-palpatoare-profesionale-pompa-hidraulica-si-rezervor-propriu-de-ulei\/\">ZANON CST PRO<\/a>\u00a0Utilajele sunt antrenate prin intermediul sistemului hidraulic al tractorului.<\/p>\n","protected":false},"featured_media":6081,"template":"","meta":[],"product_brand":[],"product_cat":[538,526,506],"product_tag":[],"class_list":{"0":"post-6076","1":"product","2":"type-product","3":"status-publish","4":"has-post-thumbnail","6":"product_cat-utilaje-agricole","7":"product_cat-palpatoare-utilaje-noi","8":"product_cat-horticol-viticol","10":"first","11":"instock","12":"taxable","13":"shipping-taxable","14":"product-type-simple"},"jetpack_sharing_enabled":true,"_links":{"self":[{"href":"https:\/\/agrodiamant.ro\/index.php\/wp-json\/wp\/v2\/product\/6076","targetHints":{"allow":["GET"]}}],"collection":[{"href":"https:\/\/agrodiamant.ro\/index.php\/wp-json\/wp\/v2\/product"}],"about":[{"href":"https:\/\/agrodiamant.ro\/index.php\/wp-json\/wp\/v2\/types\/product"}],"wp:featuredmedia":[{"embeddable":true,"href":"https:\/\/agrodiamant.ro\/index.php\/wp-json\/wp\/v2\/media\/6081"}],"wp:attachment":[{"href":"https:\/\/agrodiamant.ro\/index.php\/wp-json\/wp\/v2\/media?parent=6076"}],"wp:term":[{"taxonomy":"product_brand","embeddable":true,"href":"https:\/\/agrodiamant.ro\/index.php\/wp-json\/wp\/v2\/product_brand?post=6076"},{"taxonomy":"product_cat","embeddable":true,"href":"https:\/\/agrodiamant.ro\/index.php\/wp-json\/wp\/v2\/product_cat?post=6076"},{"taxonomy":"product_tag","embeddable":true,"href":"https:\/\/agrodiamant.ro\/index.php\/wp-json\/wp\/v2\/product_tag?post=6076"}],"curies":[{"name":"wp","href":"https:\/\/api.w.org\/{rel}","templated":true}]}}