{"id":6111,"date":"2025-04-03T08:47:18","date_gmt":"2025-04-03T08:47:18","guid":{"rendered":"https:\/\/agrodiamant.ro\/?post_type=product&#038;p=6111"},"modified":"2025-04-03T09:18:07","modified_gmt":"2025-04-03T09:18:07","slug":"akpil-vin-disc-pentru-vie-tip-v-sau-x-latimi-intre-1-1-2-4m-tractoare-40-100cp","status":"publish","type":"product","link":"https:\/\/agrodiamant.ro\/index.php\/product\/akpil-vin-disc-pentru-vie-tip-v-sau-x-latimi-intre-1-1-2-4m-tractoare-40-100cp\/","title":{"rendered":"AKPIL VIN &#8211; Disc pentru vie tip &#8222;V&#8221; sau &#8222;X&#8221; &#8211; l\u0103\u021bimi \u00eentre 1.1-2.4m &#8211; tractoare 40-100CP"},"content":{"rendered":"","protected":false},"excerpt":{"rendered":"<p><u>AgroDiamant este dealer AKPIL.<\/u>\u00a0Distribuim produsele acestora, reu\u0219ind s\u0103 oferim asisten\u021b\u0103 tehnic\u0103 precum \u0219i piese de schimb pentru acestea. Pe site-ul nostru g\u0103si\u021bi o parte din oferta produc\u0103torul polonez. \u00centreaga gam\u0103 de produse AKPIL o pute\u021bi vedea d\u00e2nd\u00a0<a href=\"https:\/\/www.akpil.pl\/en\/agricultural-machinery\/\">click aici<\/a>. Putem aduce pe comanda orice utilaj din oferta acestora.<\/p>\n<p><strong>Akpil VIN<\/strong>\u00a0este conceput \u00een primul r\u00e2nd pentru vii. Acesta se\u00a0g\u0103se\u0219te\u00a0\u00een 2\u00a0configura\u021bii:<\/p>\n<p>&#8211; tip V &#8211; talerele sunt a\u0219ezate pe cadru pe accesai direc\u021bie &#8211; configura\u021bia clasica;<br \/>\n&#8211; tip X &#8211; talerele sunt a\u0219ezate pe cadru \u00een oglind\u0103;<\/p>\n<p>Metalul tratat, folosit \u00een fabricarea utilajului, este protejat \u00eenaintea\u00a0vopsirii realizat\u0103 \u00een c\u00e2mp\u00a0electrostatic cu un strat de grund. Aceasta tehnic\u0103\u00a0ofer\u0103\u00a0discului o rezistenta superioara \u00eempotriva\u00a0coroziunii.<\/p>\n","protected":false},"featured_media":6112,"template":"","meta":[],"product_brand":[],"product_cat":[538,514,527,502,506],"product_tag":[],"class_list":{"0":"post-6111","1":"product","2":"type-product","3":"status-publish","4":"has-post-thumbnail","6":"product_cat-utilaje-agricole","7":"product_cat-discuri-utilaje-noi","8":"product_cat-subsoliere-utilaje-noi","9":"product_cat-prelucrarea-solului","10":"product_cat-horticol-viticol","12":"first","13":"instock","14":"taxable","15":"shipping-taxable","16":"product-type-simple"},"jetpack_sharing_enabled":true,"_links":{"self":[{"href":"https:\/\/agrodiamant.ro\/index.php\/wp-json\/wp\/v2\/product\/6111","targetHints":{"allow":["GET"]}}],"collection":[{"href":"https:\/\/agrodiamant.ro\/index.php\/wp-json\/wp\/v2\/product"}],"about":[{"href":"https:\/\/agrodiamant.ro\/index.php\/wp-json\/wp\/v2\/types\/product"}],"wp:featuredmedia":[{"embeddable":true,"href":"https:\/\/agrodiamant.ro\/index.php\/wp-json\/wp\/v2\/media\/6112"}],"wp:attachment":[{"href":"https:\/\/agrodiamant.ro\/index.php\/wp-json\/wp\/v2\/media?parent=6111"}],"wp:term":[{"taxonomy":"product_brand","embeddable":true,"href":"https:\/\/agrodiamant.ro\/index.php\/wp-json\/wp\/v2\/product_brand?post=6111"},{"taxonomy":"product_cat","embeddable":true,"href":"https:\/\/agrodiamant.ro\/index.php\/wp-json\/wp\/v2\/product_cat?post=6111"},{"taxonomy":"product_tag","embeddable":true,"href":"https:\/\/agrodiamant.ro\/index.php\/wp-json\/wp\/v2\/product_tag?post=6111"}],"curies":[{"name":"wp","href":"https:\/\/api.w.org\/{rel}","templated":true}]}}