{"id":6150,"date":"2025-04-03T09:54:01","date_gmt":"2025-04-03T09:54:01","guid":{"rendered":"https:\/\/agrodiamant.ro\/?post_type=product&#038;p=6150"},"modified":"2025-11-28T10:10:43","modified_gmt":"2025-11-28T10:10:43","slug":"despicator-lemne-demarol-sistem-hidraulic-propriu-antrenat-prin-cardan","status":"publish","type":"product","link":"https:\/\/agrodiamant.ro\/index.php\/product\/despicator-lemne-demarol-sistem-hidraulic-propriu-antrenat-prin-cardan\/","title":{"rendered":"Despic\u0103tor lemne DEMAROL &#8211; sistem hidraulic propriu antrenat prin cardan"},"content":{"rendered":"","protected":false},"excerpt":{"rendered":"<p><u>AgroDiamant comercializeaza echipamante DEMAROL.<\/u>\u00a0Distribuim produsele acestora, reu\u0219ind s\u0103 oferim asisten\u021b\u0103 tehnic\u0103 precum \u0219i piese de schimb. Pe site-ul nostru g\u0103si\u021bi o parte din oferta produc\u0103torul polonez. Daca ceea ce c\u0103uta\u021bi\u00a0nu se g\u0103se\u0219te\u00a0in stock,\u00a0putem aduce pe comanda orice utilaj din oferta acestora.<\/p>\n<p><b>Despic\u0103tor Polonez de bu\u0219teni sau lemne pentru tractor:<br \/>\n<\/b>&#8211; necesar putere \u00eenc\u0103p\u00e2nd cu 20-25 CP &#8211; l-am testat cu un tractor 25CP si a spart bu\u0219tenii f\u0103r\u0103 probleme;<br \/>\n&#8211; sistem independent hidraulic, antrenat prin cardan;<\/p>\n","protected":false},"featured_media":6158,"template":"","meta":[],"product_brand":[],"product_cat":[538,511],"product_tag":[],"class_list":{"0":"post-6150","1":"product","2":"type-product","3":"status-publish","4":"has-post-thumbnail","6":"product_cat-utilaje-agricole","7":"product_cat-forestiere-utilaje-noi","9":"first","10":"instock","11":"taxable","12":"shipping-taxable","13":"product-type-simple"},"jetpack_sharing_enabled":true,"_links":{"self":[{"href":"https:\/\/agrodiamant.ro\/index.php\/wp-json\/wp\/v2\/product\/6150","targetHints":{"allow":["GET"]}}],"collection":[{"href":"https:\/\/agrodiamant.ro\/index.php\/wp-json\/wp\/v2\/product"}],"about":[{"href":"https:\/\/agrodiamant.ro\/index.php\/wp-json\/wp\/v2\/types\/product"}],"wp:featuredmedia":[{"embeddable":true,"href":"https:\/\/agrodiamant.ro\/index.php\/wp-json\/wp\/v2\/media\/6158"}],"wp:attachment":[{"href":"https:\/\/agrodiamant.ro\/index.php\/wp-json\/wp\/v2\/media?parent=6150"}],"wp:term":[{"taxonomy":"product_brand","embeddable":true,"href":"https:\/\/agrodiamant.ro\/index.php\/wp-json\/wp\/v2\/product_brand?post=6150"},{"taxonomy":"product_cat","embeddable":true,"href":"https:\/\/agrodiamant.ro\/index.php\/wp-json\/wp\/v2\/product_cat?post=6150"},{"taxonomy":"product_tag","embeddable":true,"href":"https:\/\/agrodiamant.ro\/index.php\/wp-json\/wp\/v2\/product_tag?post=6150"}],"curies":[{"name":"wp","href":"https:\/\/api.w.org\/{rel}","templated":true}]}}