{"id":6172,"date":"2025-04-03T12:30:45","date_gmt":"2025-04-03T12:30:45","guid":{"rendered":"https:\/\/agrodiamant.ro\/?post_type=product&#038;p=6172"},"modified":"2025-11-24T11:37:15","modified_gmt":"2025-11-24T11:37:15","slug":"oferta-akpil-stratus-freza-zapada-2-25m-cu-prindere-in-3-puncte-tiranti-si-cupla-cardan-tractoare-80cp","status":"publish","type":"product","link":"https:\/\/agrodiamant.ro\/index.php\/product\/oferta-akpil-stratus-freza-zapada-2-25m-cu-prindere-in-3-puncte-tiranti-si-cupla-cardan-tractoare-80cp\/","title":{"rendered":"!!! OFERT\u0102 !!! AKPIL STRATUS &#8211; Frez\u0103 z\u0103pad\u0103 2.25m cu prindere \u00een 3 puncte (tiran\u021bi) \u0219i cupl\u0103 cardan- tractoare 80CP"},"content":{"rendered":"","protected":false},"excerpt":{"rendered":"<p><u>AgroDiamant este dealer AKPIL.<\/u>\u00a0Distribuim produsele acestora, reu\u0219ind s\u0103 oferim asisten\u021b\u0103 tehnic\u0103 precum \u0219i piese de schimb pentru acestea. Pe site-ul nostru g\u0103si\u021bi o parte din oferta produc\u0103torul polonez. \u00centreaga gam\u0103 de produse AKPIL o pute\u021bi vedea d\u00e2nd\u00a0<a href=\"https:\/\/www.akpil.pl\/en\/agricultural-machinery\/\">click aici<\/a>. Putem aduce pe comanda orice utilaj din oferta acestora.<\/p>\n<p><strong><em><b><span lang=\"EN-US\" style=\"font-size: 13.0pt; font-family: Roboto; color: red;\">\u2013 PRE\u021a \u2013 4.750 EUR + TVA<\/span><\/b><\/em><\/strong> (Reducere de 60% din pre\u021bul de list\u0103 de 7.600 EUR + TVA)<\/p>\n<p><b>Freza de z\u0103pad\u0103 AKPIL STRATUS <\/b>reprezint\u0103 solu\u021bia pe care o ofer\u0103 cei de la AKPIL pentru eliberarea de z\u0103pad\u0103 a pistelor, aleilor, c\u0103ilor de acces, drumurilor, etc.<br \/>\n&#8211; cu o l\u0103\u021bime de 2,25m utilajul este capabil sa \u00eendep\u0103rteze un strat de z\u0103pad\u0103 de p\u00e2n\u0103 la 120cm grosime, acest lucru f\u0103c\u00e2nd-l esen\u021bial \u00een activit\u0103\u021bile de administrare a fermelor (\u0219i nu numai) pe timp de iarna.<\/p>\n","protected":false},"featured_media":6173,"template":"","meta":[],"product_brand":[],"product_cat":[538,513],"product_tag":[],"class_list":{"0":"post-6172","1":"product","2":"type-product","3":"status-publish","4":"has-post-thumbnail","6":"product_cat-utilaje-agricole","7":"product_cat-alte-utilaje-noi","9":"first","10":"instock","11":"taxable","12":"shipping-taxable","13":"product-type-simple"},"jetpack_sharing_enabled":true,"_links":{"self":[{"href":"https:\/\/agrodiamant.ro\/index.php\/wp-json\/wp\/v2\/product\/6172","targetHints":{"allow":["GET"]}}],"collection":[{"href":"https:\/\/agrodiamant.ro\/index.php\/wp-json\/wp\/v2\/product"}],"about":[{"href":"https:\/\/agrodiamant.ro\/index.php\/wp-json\/wp\/v2\/types\/product"}],"wp:featuredmedia":[{"embeddable":true,"href":"https:\/\/agrodiamant.ro\/index.php\/wp-json\/wp\/v2\/media\/6173"}],"wp:attachment":[{"href":"https:\/\/agrodiamant.ro\/index.php\/wp-json\/wp\/v2\/media?parent=6172"}],"wp:term":[{"taxonomy":"product_brand","embeddable":true,"href":"https:\/\/agrodiamant.ro\/index.php\/wp-json\/wp\/v2\/product_brand?post=6172"},{"taxonomy":"product_cat","embeddable":true,"href":"https:\/\/agrodiamant.ro\/index.php\/wp-json\/wp\/v2\/product_cat?post=6172"},{"taxonomy":"product_tag","embeddable":true,"href":"https:\/\/agrodiamant.ro\/index.php\/wp-json\/wp\/v2\/product_tag?post=6172"}],"curies":[{"name":"wp","href":"https:\/\/api.w.org\/{rel}","templated":true}]}}